{"id":330216,"date":"2026-01-16T22:52:50","date_gmt":"2026-01-16T19:52:50","guid":{"rendered":"https:\/\/baldumarket.lt\/product\/szafa-przesuwna-z-lustrem-denver-250-cm-dab-monastery-czarny-polysk-pojemna-szafa-z-wewnetrznymi-szufladami-idealna-do-sypialni\/"},"modified":"2026-02-11T18:01:26","modified_gmt":"2026-02-11T15:01:26","slug":"szafa-przesuwna-z-lustrem-denver-250-cm-dab-monastery-czarny-polysk-pojemna-szafa-z-wewnetrznymi-szufladami-idealna-do-sypialni","status":"publish","type":"product","link":"https:\/\/baldumarket.lt\/lt\/product\/szafa-przesuwna-z-lustrem-denver-250-cm-dab-monastery-czarny-polysk-pojemna-szafa-z-wewnetrznymi-szufladami-idealna-do-sypialni\/","title":{"rendered":"Denver stumdoma spinta su veidrod\u017eiu, 250 cm, Monastery \u0105\u017euolas \/ juodas blizgus, erdvi spinta su vidiniais stal\u010diais, puikiai tinka miegamajam"},"content":{"rendered":"<p>250 cm \u201eDenver\u201c stumdoma spinta su veidrod\u017eiu \u201eMonoye Oak\/Black\u201c spalvos \u2013 tai paprastas, ta\u010diau labai stilingas ir modernus baldas.<br \/>\n\u201eDenver\u201c kolekcijos stumdoma spinta \u2013 puikus pasirinkimas vertinantiems klasikin\u012f interjer\u0105. Madingos spalvos ir kruop\u0161ti \u0161ios spintos apdaila suteiks interjerui eleganti\u0161k\u0105 ir esteti\u0161k\u0105 i\u0161vaizd\u0105. I\u0161skirtiniai \u0161ios miegamojo spintos elementai \u2013 blizgios juodos spalvos \u012fd\u0117klai, sukuriantys trimat\u012f efekt\u0105. \u201eDenver\u201c stumdoma spinta \u2013 tai universalus baldas, kuris puikiai papildys miegamojo, jaunimo kambario ar net prie\u0161kambario ar r\u016bbin\u0117s estetik\u0105, suteikdamas erdvei elegancijos ir modernaus stiliaus.<br \/>\nSpinta \u201eDenver\u201c yra padalinta \u012f sekcij\u0105 su keturiais b\u0117geliais ir sekcij\u0105 su lentynomis. Spintos viduje taip pat yra keturi stal\u010diai, kurie dar labiau padidina erdv\u0119 daiktams susid\u0117ti. Didelis veidrodis vizualiai padidins ir pa\u0161viesins kambar\u012f. Spinta pagaminta i\u0161 auk\u0161tos kokyb\u0117s laminuotos plok\u0161t\u0117s, kuri yra atspari i\u0161oriniams veiksniams, tokiems kaip \u012flenkimai, sm\u016bgiai ir \u012fbr\u0117\u017eimai. Tiksli apdaila ir d\u0117mesys detal\u0117ms u\u017etikrina, kad prie\u0161kambario spinta \u201eDenver\u201c daugel\u012f met\u0173 i\u0161laikys gra\u017ei\u0105 i\u0161vaizd\u0105 nepakenkdama savo funkcionalumui.<br \/>\n\u201eDenver\u201c spinta buvo sukurta tiems, kurie vertina modernius baldus ir patogum\u0105 kasdienio naudojimo metu.<br \/>\nBaldai pagaminti su trimis stumdomomis durimis. \u201eDenver\u201c spinta sukurta atsi\u017evelgiant \u012f funkcionalum\u0105 ir prakti\u0161kum\u0105, si\u016blant daug vietos daiktams susid\u0117ti. Kontrastingos ir i\u0161rai\u0161kingos spalvos puikiai papildys klasikin\u012f interjer\u0105, tod\u0117l spinta su veidrod\u017eiu yra puikus pasirinkimas vaik\u0173 kambariui, miegamajam ar prie\u0161kambariui. \u201eDenver\u201c spinta su stumdomomis durimis taip pat bus puikus pasirinkimas vaik\u0173 kambariui. Ji taip pat puikiai tinka kaip prie\u0161kambario spinta.<br \/>\nStumdomos spintos su veidrod\u017eiu matmenys:<br \/>\nAuk\u0161tis: 250 cm<br \/>\nPlotis: 150 cm<br \/>\nGylis: 68,5 cm<\/p>","protected":false},"excerpt":{"rendered":"<p>plotis: 250 cm<br \/>\nauk\u0161tis: 215 cm<br \/>\ngylis: 68,5 cm<\/p>","protected":false},"featured_media":330217,"comment_status":"open","ping_status":"open","template":"","meta":[],"product_brand":[],"product_cat":[9235,1177],"product_tag":[],"class_list":{"0":"post-330216","1":"product","2":"type-product","3":"status-publish","4":"has-post-thumbnail","6":"product_cat-gib-meble","7":"product_cat-wardrobes","9":"first","10":"instock","11":"purchasable","12":"product-type-simple"},"_links":{"self":[{"href":"https:\/\/baldumarket.lt\/lt\/wp-json\/wp\/v2\/product\/330216","targetHints":{"allow":["GET"]}}],"collection":[{"href":"https:\/\/baldumarket.lt\/lt\/wp-json\/wp\/v2\/product"}],"about":[{"href":"https:\/\/baldumarket.lt\/lt\/wp-json\/wp\/v2\/types\/product"}],"replies":[{"embeddable":true,"href":"https:\/\/baldumarket.lt\/lt\/wp-json\/wp\/v2\/comments?post=330216"}],"wp:featuredmedia":[{"embeddable":true,"href":"https:\/\/baldumarket.lt\/lt\/wp-json\/wp\/v2\/media\/330217"}],"wp:attachment":[{"href":"https:\/\/baldumarket.lt\/lt\/wp-json\/wp\/v2\/media?parent=330216"}],"wp:term":[{"taxonomy":"product_brand","embeddable":true,"href":"https:\/\/baldumarket.lt\/lt\/wp-json\/wp\/v2\/product_brand?post=330216"},{"taxonomy":"product_cat","embeddable":true,"href":"https:\/\/baldumarket.lt\/lt\/wp-json\/wp\/v2\/product_cat?post=330216"},{"taxonomy":"product_tag","embeddable":true,"href":"https:\/\/baldumarket.lt\/lt\/wp-json\/wp\/v2\/product_tag?post=330216"}],"curies":[{"name":"wp","href":"https:\/\/api.w.org\/{rel}","templated":true}]}}