{"id":330181,"date":"2026-01-16T22:52:22","date_gmt":"2026-01-16T19:52:22","guid":{"rendered":"https:\/\/baldumarket.lt\/product\/szafka-wiszaca-apulia-45-cm-bialy-polysk-minimalistyczny-design-stylowa-witryna-do-salonu-prosta-bryla-wpisujaca-sie-w-kazde-wnetrze\/"},"modified":"2026-02-11T18:01:27","modified_gmt":"2026-02-11T15:01:27","slug":"szafka-wiszaca-apulia-45-cm-bialy-polysk-minimalistyczny-design-stylowa-witryna-do-salonu-prosta-bryla-wpisujaca-sie-w-kazde-wnetrze","status":"publish","type":"product","link":"https:\/\/baldumarket.lt\/lt\/product\/szafka-wiszaca-apulia-45-cm-bialy-polysk-minimalistyczny-design-stylowa-witryna-do-salonu-prosta-bryla-wpisujaca-sie-w-kazde-wnetrze\/","title":{"rendered":"\u201eApulia\u201c sienin\u0117 spintel\u0117, 45 cm, blizgi balta, minimalistinio dizaino, stilinga vitrinos svetainei, paprastos formos, tinkanti bet kokiam interjerui"},"content":{"rendered":"<p>Balta pakabinama vitrina \u201eApulia\u201c \u2013 tai modernus baldas, kuris j\u016bs\u0173 interjerui suteiks stiling\u0105 akcent\u0105.<br \/>\n\u201eApulia\u201c vitrina \u2013 tai madingo ir modernaus stiliaus baldas. Paprasta, geometrin\u0117 forma sukurs harmoning\u0105 ir unikal\u0173 interjer\u0105. Nesenstanti balta spalva apdailinta vitrina praskaidrins kambar\u012f ir sukurs jauki\u0105 atmosfer\u0105. Blizgus fasadas vizualiai padidins interjer\u0105. Vitrina suteiks kambariui stiling\u0105 akcent\u0105, suteikdama jam moderni\u0105 ir unikali\u0105 atmosfer\u0105. Pakabinama \u201eApulia\u201c vitrina sukurs original\u0173 ir unikal\u0173 dekoro element\u0105.<br \/>\nSubtiliai i\u0161siki\u0161\u0119s priekis taip pat atlieka rankenos funkcij\u0105. Vitrina pagaminta i\u0161 auk\u0161tos kokyb\u0117s laminuotos plok\u0161t\u0117s, kuri yra atspari i\u0161oriniams veiksniams, tokiems kaip \u012flenkimai, sm\u016bgiai ir \u012fbr\u0117\u017eimai. \u201eApulia\u201c vitrinai b\u016bdinga paprasta forma, kuri sukuria modernius, ta\u010diau eleganti\u0161kus i\u0161d\u0117stymus.<br \/>\nSpintel\u0117 garantuoja patog\u0173 ir be r\u016bpes\u010di\u0173 naudojim\u0105 bei patvarum\u0105 daugel\u012f met\u0173. Ikonin\u0117 balta korpuso spalva puikiai dera su kitomis spalvomis, tod\u0117l \u201eApulia\u201c kolekcijos vitrina puikiai tinka kaip svetain\u0117s, darbo kambario ar valgomojo vitrina.<br \/>\n45 cm plo\u010dio, blizgios baltos spalvos \u201eApulia\u201c sienin\u0117 spintel\u0117 \u2013 modernus j\u016bs\u0173 interjero elementas.<br \/>\n45 cm plo\u010dio blizgi balta \u201eApulia\u201c sienin\u0117 spintel\u0117 yra eleganti\u0161kas ir funkcionalus baldas, puikiai papildantis \u012fvairius interjerus. D\u0117l minimalistin\u0117s formos ir neutralios baltos spalv\u0173 gamos spintel\u0117 gali \u012fsilieti tiek \u012f ma\u017eas, tiek \u012f didesnes erdves, sukurdama harmoning\u0105 kompozicij\u0105. Blizgus priekis suteikia baldui lengvumo ir modernumo, be to, j\u012f lengva valyti. Baltas blizgesys suteikia spintelei moderni\u0105 i\u0161vaizd\u0105, kuri dera prie \u012fvairi\u0173 interjer\u0173 \u2013 nuo \u0161iuolaikini\u0173 iki klasikini\u0173.<br \/>\n\u201eApulia\u201c sienin\u0117 spintel\u0117 puikiai dera prie minimalistinio, modernaus ir skandinavi\u0161ko stiliaus. Paprasta forma ir prislopintos spalvos leid\u017eia jai der\u0117ti prie paprastumo ir funkcionalumo pabr\u0117\u017eian\u010di\u0173 interjero element\u0173. Minimalistiniuose interjeruose, kuriuose svarbiausia formos grynumas ir harmonija, \u201eApulia\u201c spintel\u0117 yra puikus sprendimas. Ji taip pat gali b\u016bti puikus pasirinkimas modernioms erdv\u0117ms, kuriose dera elegancija ir funkcionalumas, taip pat skandinavi\u0161ko stiliaus interjerams, kuriuose dominuoja \u0161viesios spalvos ir paprastumas.<br \/>\nVitrinos matmenys:<br \/>\n\u016agis: 117 cm<br \/>\nPlotis: 45 cm<br \/>\nGylis: 32 cm<\/p>","protected":false},"excerpt":{"rendered":"<p>plotis: 45 cm<br \/>\n\u016bgis: 117 cm<br \/>\ngylis: 32 cm<\/p>","protected":false},"featured_media":330182,"comment_status":"open","ping_status":"open","template":"","meta":[],"product_brand":[],"product_cat":[9235,9120],"product_tag":[],"class_list":{"0":"post-330181","1":"product","2":"type-product","3":"status-publish","4":"has-post-thumbnail","6":"product_cat-gib-meble","7":"product_cat-cabinets","9":"first","10":"instock","11":"purchasable","12":"product-type-simple"},"_links":{"self":[{"href":"https:\/\/baldumarket.lt\/lt\/wp-json\/wp\/v2\/product\/330181","targetHints":{"allow":["GET"]}}],"collection":[{"href":"https:\/\/baldumarket.lt\/lt\/wp-json\/wp\/v2\/product"}],"about":[{"href":"https:\/\/baldumarket.lt\/lt\/wp-json\/wp\/v2\/types\/product"}],"replies":[{"embeddable":true,"href":"https:\/\/baldumarket.lt\/lt\/wp-json\/wp\/v2\/comments?post=330181"}],"wp:featuredmedia":[{"embeddable":true,"href":"https:\/\/baldumarket.lt\/lt\/wp-json\/wp\/v2\/media\/330182"}],"wp:attachment":[{"href":"https:\/\/baldumarket.lt\/lt\/wp-json\/wp\/v2\/media?parent=330181"}],"wp:term":[{"taxonomy":"product_brand","embeddable":true,"href":"https:\/\/baldumarket.lt\/lt\/wp-json\/wp\/v2\/product_brand?post=330181"},{"taxonomy":"product_cat","embeddable":true,"href":"https:\/\/baldumarket.lt\/lt\/wp-json\/wp\/v2\/product_cat?post=330181"},{"taxonomy":"product_tag","embeddable":true,"href":"https:\/\/baldumarket.lt\/lt\/wp-json\/wp\/v2\/product_tag?post=330181"}],"curies":[{"name":"wp","href":"https:\/\/api.w.org\/{rel}","templated":true}]}}