{"id":330173,"date":"2026-01-16T22:52:16","date_gmt":"2026-01-16T19:52:16","guid":{"rendered":"https:\/\/baldumarket.lt\/product\/szafka-wiszaca-apulia-34-cm-bialy-polysk-minimalistyczny-design-stylowa-szafka-do-salonu-prosta-bryla-wpisujaca-sie-w-kazde-wnetrze\/"},"modified":"2026-02-11T18:01:27","modified_gmt":"2026-02-11T15:01:27","slug":"szafka-wiszaca-apulia-34-cm-bialy-polysk-minimalistyczny-design-stylowa-szafka-do-salonu-prosta-bryla-wpisujaca-sie-w-kazde-wnetrze","status":"publish","type":"product","link":"https:\/\/baldumarket.lt\/lt\/product\/szafka-wiszaca-apulia-34-cm-bialy-polysk-minimalistyczny-design-stylowa-szafka-do-salonu-prosta-bryla-wpisujaca-sie-w-kazde-wnetrze\/","title":{"rendered":"\u201eApulia\u201c sienin\u0117 spintel\u0117, 34 cm, balta blizgi, minimalistinio dizaino, stilinga spintel\u0117 svetainei, paprastos formos, tinkanti bet kokiam interjerui"},"content":{"rendered":"<p>Balta \u201eApulia\u201c spintel\u0117 \u2013 modernus baldas, kuris j\u016bs\u0173 interjerui suteiks stiling\u0105 akcent\u0105.<br \/>\n\u201eApulia\u201c pakabinama spintel\u0117 \u2013 tai madingo ir modernaus stiliaus baldas. Paprasta, geometrin\u0117 forma sukurs harmoning\u0105 ir unikal\u0173 interjer\u0105. Nesenstanti balta spalva apdailinta lentyna praskaidrins kambar\u012f ir sukurs jauki\u0105 atmosfer\u0105. Blizgus spintel\u0117s priekis vizualiai padidins erdv\u0119. Pakabinama spintel\u0117 suteiks kambariui stiling\u0105 apdailos akcent\u0105, suteikdama jam moderni\u0105 ir unikali\u0105 atmosfer\u0105. \u201eApulia\u201c spintel\u0117 sukurs original\u0173 ir unikal\u0173 dekoro element\u0105.<br \/>\nSubtiliai i\u0161siki\u0161\u0119s priekis taip pat atlieka rankenos funkcij\u0105. Spintel\u0117 pagaminta i\u0161 auk\u0161tos kokyb\u0117s laminuotos plok\u0161t\u0117s, kuri yra atspari i\u0161oriniams veiksniams, tokiems kaip \u012flenkimai, sm\u016bgiai ir \u012fbr\u0117\u017eimai. \u201eApulia\u201c spintel\u0117 pasi\u017eymi paprasta forma, kuri sukuria modernius, bet eleganti\u0161kus i\u0161d\u0117stymus.<br \/>\nLentyna garantuoja patog\u0173 ir be r\u016bpes\u010di\u0173 naudojim\u0105 bei viso baldo patvarum\u0105 daugel\u012f met\u0173. Ikonin\u0117 balta formos spalva puikiai dera su kitomis spalvomis, tod\u0117l \u201eApulia\u201c kolekcijos spintel\u0117 puikiai tinka kaip svetain\u0117s vitrina, knyg\u0173 lentyna ar biuro baldas.<br \/>\nSpintel\u0117s matmenys:<br \/>\nAuk\u0161tis: 34 cm<br \/>\nPlotis: 34 cm<br \/>\nGylis: 32 cm<\/p>","protected":false},"excerpt":{"rendered":"<p>plotis: 34 cm<br \/>\nauk\u0161tis: 34 cm<br \/>\ngylis: 32 cm<\/p>","protected":false},"featured_media":330174,"comment_status":"open","ping_status":"open","template":"","meta":[],"product_brand":[],"product_cat":[9235,9120],"product_tag":[],"class_list":{"0":"post-330173","1":"product","2":"type-product","3":"status-publish","4":"has-post-thumbnail","6":"product_cat-gib-meble","7":"product_cat-cabinets","9":"first","10":"instock","11":"purchasable","12":"product-type-simple"},"_links":{"self":[{"href":"https:\/\/baldumarket.lt\/lt\/wp-json\/wp\/v2\/product\/330173","targetHints":{"allow":["GET"]}}],"collection":[{"href":"https:\/\/baldumarket.lt\/lt\/wp-json\/wp\/v2\/product"}],"about":[{"href":"https:\/\/baldumarket.lt\/lt\/wp-json\/wp\/v2\/types\/product"}],"replies":[{"embeddable":true,"href":"https:\/\/baldumarket.lt\/lt\/wp-json\/wp\/v2\/comments?post=330173"}],"wp:featuredmedia":[{"embeddable":true,"href":"https:\/\/baldumarket.lt\/lt\/wp-json\/wp\/v2\/media\/330174"}],"wp:attachment":[{"href":"https:\/\/baldumarket.lt\/lt\/wp-json\/wp\/v2\/media?parent=330173"}],"wp:term":[{"taxonomy":"product_brand","embeddable":true,"href":"https:\/\/baldumarket.lt\/lt\/wp-json\/wp\/v2\/product_brand?post=330173"},{"taxonomy":"product_cat","embeddable":true,"href":"https:\/\/baldumarket.lt\/lt\/wp-json\/wp\/v2\/product_cat?post=330173"},{"taxonomy":"product_tag","embeddable":true,"href":"https:\/\/baldumarket.lt\/lt\/wp-json\/wp\/v2\/product_tag?post=330173"}],"curies":[{"name":"wp","href":"https:\/\/api.w.org\/{rel}","templated":true}]}}