{"id":330131,"date":"2026-01-16T22:51:41","date_gmt":"2026-01-16T19:51:41","guid":{"rendered":"https:\/\/baldumarket.lt\/product\/szafka-rtv-apulia-100-cm-czarny-polysk-z-mozliwoscia-podwieszenia-minimalistyczny-design-prosta-bryla-wpisujaca-sie-w-kazde-wnetrze\/"},"modified":"2026-02-11T18:01:27","modified_gmt":"2026-02-11T15:01:27","slug":"szafka-rtv-apulia-100-cm-czarny-polysk-z-mozliwoscia-podwieszenia-minimalistyczny-design-prosta-bryla-wpisujaca-sie-w-kazde-wnetrze","status":"publish","type":"product","link":"https:\/\/baldumarket.lt\/lt\/product\/szafka-rtv-apulia-100-cm-czarny-polysk-z-mozliwoscia-podwieszenia-minimalistyczny-design-prosta-bryla-wpisujaca-sie-w-kazde-wnetrze\/","title":{"rendered":"\u201eApulia\u201c televizoriaus spintel\u0117 100 cm, juoda blizgi, su pakabinimo galimybe, minimalistinis dizainas, paprastos formos, tinkanti bet kokiam interjerui"},"content":{"rendered":"<p>Juodas \u201eApulia\u201c televizoriaus staliukas yra modernus baldas, kuris suteiks j\u016bs\u0173 interjerui stiling\u0105 akcent\u0105.<br \/>\n\u201eApulia\u201c televizoriaus staliukas \u2013 tai madingo ir modernaus stiliaus baldas. Paprasta, geometrin\u0117 forma sukurs harmoning\u0105 ir unikal\u0173 interjer\u0105. Nesenstan\u010dios juodos spalvos televizoriaus staliukas pabr\u0117\u0161 i\u0161d\u0117stymo unikalum\u0105 ir elegancij\u0105. Blizg\u016bs fasadai vizualiai padidins interjer\u0105. Televizoriaus staliukas taps stilinga kambario apdailos detale, suteikdamas jam moderni\u0105 ir unikali\u0105 atmosfer\u0105. \u201eApulia\u201c televizoriaus staliukas sukurs original\u0173 ir i\u0161skirtin\u012f dekor\u0105.<br \/>\n\u0160is erdvus televizoriaus staliukas tilps visus j\u016bs\u0173 priedus ir buitinius prietaisus. Subtiliai vir\u0161 stalvir\u0161io i\u0161siki\u0161usios priekin\u0117s dalys taip pat atlieka rankenos funkcij\u0105. Papildomas televizoriaus staliuko privalumas \u2013 galimyb\u0117 pasirinkti jo pad\u0117t\u012f. Televizoriaus staliuk\u0105 galima pakabinti ant sienos. D\u0117l pridedam\u0173 plastikini\u0173 kojeli\u0173 televizoriaus staliukas greitai gali tapti laisvai stovin\u010diu baldu. Televizoriaus staliukas pagamintas i\u0161 auk\u0161tos kokyb\u0117s laminuotos plok\u0161t\u0117s, kuri yra atspari i\u0161oriniams veiksniams, tokiems kaip \u012flenkimai, sm\u016bgiai ir \u012fbr\u0117\u017eimai.<br \/>\n\u201eApulia\u201c televizoriaus staliukas pasi\u017eymi paprasta forma, kuri sukuria modernius, ta\u010diau labai eleganti\u0161kus i\u0161d\u0117stymus.<br \/>\nTelevizoriaus staliukas turi dvi duris. Televizoriaus staliuko konstrukcij\u0105 laiko \u017eemos plastikin\u0117s kojel\u0117s. Televizoriaus staliukas garantuoja patog\u0173 ir be r\u016bpes\u010di\u0173 naudojim\u0105 bei viso baldo patvarum\u0105 daugel\u012f met\u0173. Klasikin\u0117 juoda baldo spalva puikiai dera su kitomis spalvomis, tod\u0117l \u201eApulia\u201c baldai puikiai tinka bet kokiam interjerui. Televizoriaus staliuko matmenys:<br \/>\nAuk\u0161tis: 37 cm<br \/>\nPlotis: 100 cm<br \/>\nGylis: 43 cm<\/p>","protected":false},"excerpt":{"rendered":"<p>plotis: 100 cm<br \/>\nauk\u0161tis: 37 cm<br \/>\ngylis: 43 cm<\/p>","protected":false},"featured_media":330132,"comment_status":"open","ping_status":"open","template":"","meta":[],"product_brand":[],"product_cat":[9235,1175],"product_tag":[],"class_list":{"0":"post-330131","1":"product","2":"type-product","3":"status-publish","4":"has-post-thumbnail","6":"product_cat-gib-meble","7":"product_cat-tv-stands","9":"first","10":"instock","11":"purchasable","12":"product-type-simple"},"_links":{"self":[{"href":"https:\/\/baldumarket.lt\/lt\/wp-json\/wp\/v2\/product\/330131","targetHints":{"allow":["GET"]}}],"collection":[{"href":"https:\/\/baldumarket.lt\/lt\/wp-json\/wp\/v2\/product"}],"about":[{"href":"https:\/\/baldumarket.lt\/lt\/wp-json\/wp\/v2\/types\/product"}],"replies":[{"embeddable":true,"href":"https:\/\/baldumarket.lt\/lt\/wp-json\/wp\/v2\/comments?post=330131"}],"wp:featuredmedia":[{"embeddable":true,"href":"https:\/\/baldumarket.lt\/lt\/wp-json\/wp\/v2\/media\/330132"}],"wp:attachment":[{"href":"https:\/\/baldumarket.lt\/lt\/wp-json\/wp\/v2\/media?parent=330131"}],"wp:term":[{"taxonomy":"product_brand","embeddable":true,"href":"https:\/\/baldumarket.lt\/lt\/wp-json\/wp\/v2\/product_brand?post=330131"},{"taxonomy":"product_cat","embeddable":true,"href":"https:\/\/baldumarket.lt\/lt\/wp-json\/wp\/v2\/product_cat?post=330131"},{"taxonomy":"product_tag","embeddable":true,"href":"https:\/\/baldumarket.lt\/lt\/wp-json\/wp\/v2\/product_tag?post=330131"}],"curies":[{"name":"wp","href":"https:\/\/api.w.org\/{rel}","templated":true}]}}