{"id":330104,"date":"2026-01-16T22:51:19","date_gmt":"2026-01-16T19:51:19","guid":{"rendered":"https:\/\/baldumarket.lt\/product\/polka-apulia-50-cm-dab-artisan-atrakcyjna-pod-wzgledem-wizualnym-oraz-funkcjonalnym-prosta-bryla-wpisujaca-sie-w-kazde-wnetrze\/"},"modified":"2026-02-11T18:01:28","modified_gmt":"2026-02-11T15:01:28","slug":"polka-apulia-50-cm-dab-artisan-atrakcyjna-pod-wzgledem-wizualnym-oraz-funkcjonalnym-prosta-bryla-wpisujaca-sie-w-kazde-wnetrze","status":"publish","type":"product","link":"https:\/\/baldumarket.lt\/lt\/product\/polka-apulia-50-cm-dab-artisan-atrakcyjna-pod-wzgledem-wizualnym-oraz-funkcjonalnym-prosta-bryla-wpisujaca-sie-w-kazde-wnetrze\/","title":{"rendered":"\u201eApulia\u201c lentyna, 50 cm, dirbtinio \u0105\u017euolo spalvos, patrauklaus vizualinio ir funkcionalaus dizaino, paprastos formos, tinkan\u010dios bet kokiam interjerui"},"content":{"rendered":"<p>\u201eApulia\u201c lentyna i\u0161 meni\u0161ko \u0105\u017euolo \u2013 tai modernus baldas, kuris bet kokiam interjerui suteiks stiling\u0105 akcent\u0105.<br \/>\n\u201eApulia\u201c lentyna \u2013 tai madingo ir modernaus stiliaus baldas. Paprasta, geometrin\u0117 forma sukurs harmoning\u0105 ir unikal\u0173 interjer\u0105. \u0160ilto \u0105\u017euolo atspalvio lentyna praskaidrins kambar\u012f ir sukurs jauki\u0105 atmosfer\u0105. Lentyna leid\u017eia subtiliai eksponuoti aksesuarus. D\u0117mesys detal\u0117ms u\u017etikrina didel\u012f atsparum\u0105 i\u0161or\u0117s veiksniams. Papildomas \u201eApulia\u201c lentynos privalumas \u2013 galimyb\u0117 pasirinkti jos pad\u0117t\u012f. Lentyn\u0105 galima pakabinti ant sienos. D\u0117l pridedam\u0173 plastikini\u0173 kojeli\u0173 lentyna gali greitai tapti laisvai stovin\u010diu baldu.<br \/>\nLentynos matmenys:<br \/>\nAuk\u0161tis: 32,5 cm<br \/>\nPlotis: 50 cm<br \/>\nGylis: 30 cm<\/p>","protected":false},"excerpt":{"rendered":"<p>plotis: 50 cm<br \/>\nauk\u0161tis: 32,5 cm<br \/>\ngylis: 30 cm<\/p>","protected":false},"featured_media":330105,"comment_status":"open","ping_status":"open","template":"","meta":[],"product_brand":[],"product_cat":[9235,1174],"product_tag":[],"class_list":{"0":"post-330104","1":"product","2":"type-product","3":"status-publish","4":"has-post-thumbnail","6":"product_cat-gib-meble","7":"product_cat-hanging-shelves","9":"first","10":"instock","11":"purchasable","12":"product-type-simple"},"_links":{"self":[{"href":"https:\/\/baldumarket.lt\/lt\/wp-json\/wp\/v2\/product\/330104","targetHints":{"allow":["GET"]}}],"collection":[{"href":"https:\/\/baldumarket.lt\/lt\/wp-json\/wp\/v2\/product"}],"about":[{"href":"https:\/\/baldumarket.lt\/lt\/wp-json\/wp\/v2\/types\/product"}],"replies":[{"embeddable":true,"href":"https:\/\/baldumarket.lt\/lt\/wp-json\/wp\/v2\/comments?post=330104"}],"wp:featuredmedia":[{"embeddable":true,"href":"https:\/\/baldumarket.lt\/lt\/wp-json\/wp\/v2\/media\/330105"}],"wp:attachment":[{"href":"https:\/\/baldumarket.lt\/lt\/wp-json\/wp\/v2\/media?parent=330104"}],"wp:term":[{"taxonomy":"product_brand","embeddable":true,"href":"https:\/\/baldumarket.lt\/lt\/wp-json\/wp\/v2\/product_brand?post=330104"},{"taxonomy":"product_cat","embeddable":true,"href":"https:\/\/baldumarket.lt\/lt\/wp-json\/wp\/v2\/product_cat?post=330104"},{"taxonomy":"product_tag","embeddable":true,"href":"https:\/\/baldumarket.lt\/lt\/wp-json\/wp\/v2\/product_tag?post=330104"}],"curies":[{"name":"wp","href":"https:\/\/api.w.org\/{rel}","templated":true}]}}