{"id":330096,"date":"2026-01-16T22:51:12","date_gmt":"2026-01-16T19:51:12","guid":{"rendered":"https:\/\/baldumarket.lt\/product\/biurko-z-szufladami-apulia-100-cm-czarny-polysk-minimalistyczny-design-prosta-bryla-idealne-biurko-do-gabinetu-lub-pokoju-mlodziezowego\/"},"modified":"2026-02-11T18:01:28","modified_gmt":"2026-02-11T15:01:28","slug":"biurko-z-szufladami-apulia-100-cm-czarny-polysk-minimalistyczny-design-prosta-bryla-idealne-biurko-do-gabinetu-lub-pokoju-mlodziezowego","status":"publish","type":"product","link":"https:\/\/baldumarket.lt\/lt\/product\/biurko-z-szufladami-apulia-100-cm-czarny-polysk-minimalistyczny-design-prosta-bryla-idealne-biurko-do-gabinetu-lub-pokoju-mlodziezowego\/","title":{"rendered":"\u201eApulia\u201c ra\u0161omasis stalas su stal\u010diais, 100 cm, juodas blizgus, minimalistinis dizainas, paprastos formos, puikiai tinka biurui ar paauglio kambariui"},"content":{"rendered":"<p>Juodas \u201eApulia\u201c ra\u0161omasis stalas yra modernus baldas, kuris suteiks stiling\u0105 akcent\u0105 biurui ar jaunimo kambariui.<br \/>\n\u201eApulia\u201c ra\u0161omasis stalas su stal\u010diais \u2013 tai madingo ir modernaus stiliaus baldas. Paprasta, geometrin\u0117 forma sukurs harmoning\u0105 ir unikal\u0173 interjer\u0105. Nesenstan\u010dios juodos spalvos stalas pabr\u0117\u0161 i\u0161d\u0117stymo unikalum\u0105 ir elegancij\u0105. Blizg\u016bs stal\u010di\u0173 fasadai vizualiai padidins interjer\u0105. \u201eApulia\u201c ra\u0161omasis stalas puikiai tinka kaip tualetinis staliukas, leid\u017eiantis lengvai susitvarkyti moteri\u0161k\u0105 kosmetik\u0105 ir nieku\u010dius.<br \/>\nStalo vir\u0161us ir korpusas pagaminti i\u0161 auk\u0161tos kokyb\u0117s laminuotos plok\u0161t\u0117s su matiniu pavir\u0161iumi, kuri yra atspari i\u0161oriniams veiksniams, tokiems kaip \u012flenkimai, sm\u016bgiai ir \u012fbr\u0117\u017eimai.<br \/>\n\u201eApulia\u201c ra\u0161omasis stalas buvo sukurtas kruop\u0161\u010diai apgalvojus kiekvien\u0105 detal\u0119. Stalas turi didel\u012f stalvir\u0161\u012f ir tris stal\u010dius. Stalo konstrukcij\u0105 laiko \u017eemos plastikin\u0117s kojel\u0117s. D\u0117l kompakti\u0161ko dyd\u017eio \u201eApulia\u201c puikiai tinka kaip nam\u0173 biuro stalas arba kaip vaik\u0173 stalas. Stalas garantuoja patog\u0173 ir be r\u016bpes\u010di\u0173 naudojim\u0105 bei viso baldo patvarum\u0105 daugel\u012f met\u0173.<br \/>\nStalo matmenys:<br \/>\nAuk\u0161tis: 77 cm<br \/>\nPlotis: 110 cm<br \/>\nGylis: 50 cm<\/p>","protected":false},"excerpt":{"rendered":"<p>plotis: 110 cm<br \/>\nauk\u0161tis: 77 cm<br \/>\ngylis: 50 cm<\/p>","protected":false},"featured_media":330097,"comment_status":"open","ping_status":"open","template":"","meta":[],"product_brand":[],"product_cat":[9235,1312],"product_tag":[],"class_list":{"0":"post-330096","1":"product","2":"type-product","3":"status-publish","4":"has-post-thumbnail","6":"product_cat-gib-meble","7":"product_cat-desks","9":"first","10":"instock","11":"purchasable","12":"product-type-simple"},"_links":{"self":[{"href":"https:\/\/baldumarket.lt\/lt\/wp-json\/wp\/v2\/product\/330096","targetHints":{"allow":["GET"]}}],"collection":[{"href":"https:\/\/baldumarket.lt\/lt\/wp-json\/wp\/v2\/product"}],"about":[{"href":"https:\/\/baldumarket.lt\/lt\/wp-json\/wp\/v2\/types\/product"}],"replies":[{"embeddable":true,"href":"https:\/\/baldumarket.lt\/lt\/wp-json\/wp\/v2\/comments?post=330096"}],"wp:featuredmedia":[{"embeddable":true,"href":"https:\/\/baldumarket.lt\/lt\/wp-json\/wp\/v2\/media\/330097"}],"wp:attachment":[{"href":"https:\/\/baldumarket.lt\/lt\/wp-json\/wp\/v2\/media?parent=330096"}],"wp:term":[{"taxonomy":"product_brand","embeddable":true,"href":"https:\/\/baldumarket.lt\/lt\/wp-json\/wp\/v2\/product_brand?post=330096"},{"taxonomy":"product_cat","embeddable":true,"href":"https:\/\/baldumarket.lt\/lt\/wp-json\/wp\/v2\/product_cat?post=330096"},{"taxonomy":"product_tag","embeddable":true,"href":"https:\/\/baldumarket.lt\/lt\/wp-json\/wp\/v2\/product_tag?post=330096"}],"curies":[{"name":"wp","href":"https:\/\/api.w.org\/{rel}","templated":true}]}}