{"id":330081,"date":"2026-01-16T22:51:00","date_gmt":"2026-01-16T19:51:00","guid":{"rendered":"https:\/\/baldumarket.lt\/product\/stolik-kawowy-apulia-100-cm-dab-zloty-z-szuflada-wyjatkowy-design-prosta-konstrukcja-blat-odporny-na-rozlane-ciecze\/"},"modified":"2026-02-11T18:01:28","modified_gmt":"2026-02-11T15:01:28","slug":"stolik-kawowy-apulia-100-cm-dab-zloty-z-szuflada-wyjatkowy-design-prosta-konstrukcja-blat-odporny-na-rozlane-ciecze","status":"publish","type":"product","link":"https:\/\/baldumarket.lt\/lt\/product\/stolik-kawowy-apulia-100-cm-dab-zloty-z-szuflada-wyjatkowy-design-prosta-konstrukcja-blat-odporny-na-rozlane-ciecze\/","title":{"rendered":"\u201eApulia\u201c kavos staliukas, 100 cm, auksinio \u0105\u017euolo spalvos, su stal\u010diumi, unikalaus dizaino, paprastos konstrukcijos, atsparus i\u0161siliejimui pavir\u0161ius"},"content":{"rendered":"<p>100 cm auksinio \u0105\u017euolo \u201eApulia\u201c kavos staliukas yra modernus baldas, kuris j\u016bs\u0173 interjerui suteiks stiling\u0105 akcent\u0105.<br \/>\n\u201eApulia\u201c kavos staliukas su stal\u010diumi \u2013 tai madingo ir modernaus stiliaus baldas. Paprasta, geometrin\u0117 forma sukurs harmoning\u0105 ir unikal\u0173 interjer\u0105. \u0160ilto \u0105\u017euolo atspalvio kavos staliukas praskaidrins kambar\u012f ir sukurs jauki\u0105 atmosfer\u0105. Staliuko buvimas suteiks kambariui stiling\u0105 akcent\u0105, suteikdamas jam moderni\u0105 ir unikali\u0105 atmosfer\u0105. \u201eApulia\u201c kavos staliukas sukurs original\u0173 ir unikal\u0173 dekoro element\u0105.<br \/>\nKavos staliukas pagamintas i\u0161 auk\u0161tos kokyb\u0117s laminuotos plok\u0161t\u0117s, kuri yra atspari i\u0161oriniams veiksniams, tokiems kaip \u012flenkimai, sm\u016bgiai ir \u012fbr\u0117\u017eimai. Kavos staliuko su stal\u010diumi konstrukcij\u0105 laiko chromo spalvos metalin\u0117s kojel\u0117s.<br \/>\n\u201eApulia\u201c kavos staliukas pasi\u017eymi paprasta forma, kuri sukuria modernius, ta\u010diau labai eleganti\u0161kus i\u0161d\u0117stymus.<br \/>\nKavos staliukas turi stal\u010di\u0173 ir didel\u012f, vandeniui atspar\u0173 stalvir\u0161\u012f. Kavos staliukas garantuoja patog\u0173 ir be r\u016bpes\u010di\u0173 naudojim\u0105 bei viso baldo patvarum\u0105 daugel\u012f met\u0173. \u0160ilta \u0105\u017euolo spalva gra\u017eiai dera su kitomis spalvomis, tod\u0117l \u201eApulia\u201c baldai puikiai tinka bet kokiam interjerui.<br \/>\nMatmenys:<br \/>\nAuk\u0161tis: 45 cm<br \/>\nPlotis: 100 cm<br \/>\nGylis: 63,5 cm<\/p>","protected":false},"excerpt":{"rendered":"<p>plotis: 100 cm<br \/>\nauk\u0161tis: 45 cm<br \/>\ngylis: 63,5 cm<\/p>","protected":false},"featured_media":330082,"comment_status":"open","ping_status":"open","template":"","meta":[],"product_brand":[],"product_cat":[9235,866],"product_tag":[],"class_list":{"0":"post-330081","1":"product","2":"type-product","3":"status-publish","4":"has-post-thumbnail","6":"product_cat-gib-meble","7":"product_cat-coffee-tables","9":"first","10":"instock","11":"purchasable","12":"product-type-simple"},"_links":{"self":[{"href":"https:\/\/baldumarket.lt\/lt\/wp-json\/wp\/v2\/product\/330081","targetHints":{"allow":["GET"]}}],"collection":[{"href":"https:\/\/baldumarket.lt\/lt\/wp-json\/wp\/v2\/product"}],"about":[{"href":"https:\/\/baldumarket.lt\/lt\/wp-json\/wp\/v2\/types\/product"}],"replies":[{"embeddable":true,"href":"https:\/\/baldumarket.lt\/lt\/wp-json\/wp\/v2\/comments?post=330081"}],"wp:featuredmedia":[{"embeddable":true,"href":"https:\/\/baldumarket.lt\/lt\/wp-json\/wp\/v2\/media\/330082"}],"wp:attachment":[{"href":"https:\/\/baldumarket.lt\/lt\/wp-json\/wp\/v2\/media?parent=330081"}],"wp:term":[{"taxonomy":"product_brand","embeddable":true,"href":"https:\/\/baldumarket.lt\/lt\/wp-json\/wp\/v2\/product_brand?post=330081"},{"taxonomy":"product_cat","embeddable":true,"href":"https:\/\/baldumarket.lt\/lt\/wp-json\/wp\/v2\/product_cat?post=330081"},{"taxonomy":"product_tag","embeddable":true,"href":"https:\/\/baldumarket.lt\/lt\/wp-json\/wp\/v2\/product_tag?post=330081"}],"curies":[{"name":"wp","href":"https:\/\/api.w.org\/{rel}","templated":true}]}}