{"id":330071,"date":"2026-01-16T22:50:48","date_gmt":"2026-01-16T19:50:48","guid":{"rendered":"https:\/\/baldumarket.lt\/product\/komoda-z-przeszkleniem-apulia-100-cm-dab-zloty-minimalistyczny-design-stylowa-komoda-do-salonu-prosta-bryla-wpisujaca-sie-w-kazde-wnetrze\/"},"modified":"2026-02-11T18:01:28","modified_gmt":"2026-02-11T15:01:28","slug":"komoda-z-przeszkleniem-apulia-100-cm-dab-zloty-minimalistyczny-design-stylowa-komoda-do-salonu-prosta-bryla-wpisujaca-sie-w-kazde-wnetrze","status":"publish","type":"product","link":"https:\/\/baldumarket.lt\/lt\/product\/komoda-z-przeszkleniem-apulia-100-cm-dab-zloty-minimalistyczny-design-stylowa-komoda-do-salonu-prosta-bryla-wpisujaca-sie-w-kazde-wnetrze\/","title":{"rendered":"Apulia 100 cm stiklin\u0117 komoda, auksinio \u0105\u017euolo, minimalistinio dizaino, stilinga komoda svetainei, paprastos formos, tinkanti bet kokiam interjerui"},"content":{"rendered":"<p>100 cm plo\u010dio auksinio \u0105\u017euolo spalvos \u201eApulia\u201c komoda \u2013 tai modernus baldas, kuris j\u016bs\u0173 interjerui suteiks stiling\u0105 akcent\u0105.<br \/>\n\u201eApulia\u201c stiklin\u0117 komoda \u2013 tai madingo ir modernaus stiliaus baldas. Paprasta, geometrin\u0117 forma sukurs harmoning\u0105 ir unikal\u0173 interjer\u0105. \u0160ilto \u0105\u017euolo atspalvio komoda praskaidrins kambar\u012f ir sukurs jauki\u0105 atmosfer\u0105. Komoda suteiks kambariui stiling\u0105 apdailos akcent\u0105, suteikdama jam modernumo ir unikalumo. \u201eApulia\u201c komoda sukurs original\u0173 ir unikal\u0173 dekoro element\u0105.<br \/>\nKomodos stikliniai fasadai leis jums pademonstruoti savo svetain\u0117s dekoratyvinius aksesuarus. Subtiliai vir\u0161 stalvir\u0161io i\u0161siki\u0161\u0119 fasadai taip pat atlieka ranken\u0173 funkcij\u0105. Komoda pagaminta i\u0161 auk\u0161tos kokyb\u0117s laminuotos plok\u0161t\u0117s, kuri yra atspari i\u0161oriniams veiksniams, tokiems kaip \u012flenkimai, sm\u016bgiai ir \u012fbr\u0117\u017eimai.<br \/>\n\u201eApulia\u201c komoda pasi\u017eymi paprasta forma, kuri sukuria modernius, bet eleganti\u0161kus i\u0161d\u0117stymus.<br \/>\nKomoda turi dvejas dureles. Komod\u0105 laiko \u017eemos plastikin\u0117s kojel\u0117s. Komoda garantuoja patog\u0173 ir be r\u016bpes\u010di\u0173 naudojim\u0105 bei viso baldo patvarum\u0105 daugel\u012f met\u0173. \u0160ilta \u0105\u017euolo spalva gra\u017eiai dera su kitomis spalvomis, tod\u0117l \u201eApulia\u201c komoda puikiai tinka kaip svetain\u0117s, valgomojo ar biuro baldas.<br \/>\n\u201eApulia\u201c komod\u0105 galima ap\u0161viesti LED \u0161viestuvais, kuriuos galite \u012fsigyti m\u016bs\u0173 parduotuv\u0117je.<br \/>\nKomodos matmenys:<br \/>\n\u016agis: 107 cm<br \/>\nPlotis: 100 cm<br \/>\nGylis: 35 cm<\/p>","protected":false},"excerpt":{"rendered":"<p>plotis: 100 cm<br \/>\nauk\u0161tis: 107 cm<br \/>\ngylis: 35 cm<\/p>","protected":false},"featured_media":330072,"comment_status":"open","ping_status":"open","template":"","meta":[],"product_brand":[],"product_cat":[9235,1173],"product_tag":[],"class_list":{"0":"post-330071","1":"product","2":"type-product","3":"status-publish","4":"has-post-thumbnail","6":"product_cat-gib-meble","7":"product_cat-chests-of-drawers","9":"first","10":"instock","11":"purchasable","12":"product-type-simple"},"_links":{"self":[{"href":"https:\/\/baldumarket.lt\/lt\/wp-json\/wp\/v2\/product\/330071","targetHints":{"allow":["GET"]}}],"collection":[{"href":"https:\/\/baldumarket.lt\/lt\/wp-json\/wp\/v2\/product"}],"about":[{"href":"https:\/\/baldumarket.lt\/lt\/wp-json\/wp\/v2\/types\/product"}],"replies":[{"embeddable":true,"href":"https:\/\/baldumarket.lt\/lt\/wp-json\/wp\/v2\/comments?post=330071"}],"wp:featuredmedia":[{"embeddable":true,"href":"https:\/\/baldumarket.lt\/lt\/wp-json\/wp\/v2\/media\/330072"}],"wp:attachment":[{"href":"https:\/\/baldumarket.lt\/lt\/wp-json\/wp\/v2\/media?parent=330071"}],"wp:term":[{"taxonomy":"product_brand","embeddable":true,"href":"https:\/\/baldumarket.lt\/lt\/wp-json\/wp\/v2\/product_brand?post=330071"},{"taxonomy":"product_cat","embeddable":true,"href":"https:\/\/baldumarket.lt\/lt\/wp-json\/wp\/v2\/product_cat?post=330071"},{"taxonomy":"product_tag","embeddable":true,"href":"https:\/\/baldumarket.lt\/lt\/wp-json\/wp\/v2\/product_tag?post=330071"}],"curies":[{"name":"wp","href":"https:\/\/api.w.org\/{rel}","templated":true}]}}