{"id":330035,"date":"2026-01-16T22:50:18","date_gmt":"2026-01-16T19:50:18","guid":{"rendered":"https:\/\/baldumarket.lt\/product\/szafa-dwudrzwiowa-apulia-80-cm-dab-zloty-minimalistyczny-design-prosta-bryla-idealna-szafa-do-garderoby-sypialni-lub-przedpokoju\/"},"modified":"2026-02-11T18:01:28","modified_gmt":"2026-02-11T15:01:28","slug":"szafa-dwudrzwiowa-apulia-80-cm-dab-zloty-minimalistyczny-design-prosta-bryla-idealna-szafa-do-garderoby-sypialni-lub-przedpokoju","status":"publish","type":"product","link":"https:\/\/baldumarket.lt\/lt\/product\/szafa-dwudrzwiowa-apulia-80-cm-dab-zloty-minimalistyczny-design-prosta-bryla-idealna-szafa-do-garderoby-sypialni-lub-przedpokoju\/","title":{"rendered":"\u201eApulia\u201c dviej\u0173 dur\u0173 spinta, 80 cm, auksinio \u0105\u017euolo, minimalistinio dizaino, paprast\u0173 form\u0173, puikiai tinkanti miegamajam ar prie\u0161kambariui"},"content":{"rendered":"<p>Dviej\u0173 dur\u0173 spinta \u201eApulia\u201c i\u0161 auksinio \u0105\u017euolo \u2013 tai modernus baldas, kuris bet kokiam interjerui suteiks stiling\u0105 akcent\u0105.<br \/>\n\u201eApulia\u201c spinta \u2013 puikus pasirinkimas tiek modernaus, tiek klasikinio dizaino, pasi\u017eymin\u010dio eleganti\u0161ku charakteriu, m\u0117g\u0117jams, kurie taip pat vertina plat\u0173 bald\u0173 funkcionalum\u0105. \u0160i spinta, apdailinta \u0161iltu \u0105\u017euolo atspalviu, praskaidrins kambar\u012f ir sukurs jauki\u0105 atmosfer\u0105. Baldai pagaminti su dviem varstomomis durimis. \u201eApulia\u201c spinta yra padalinta \u012f sekcij\u0105 su pakabinimo b\u0117geliu ir sekcij\u0105 su lentynomis. Spinta pagaminta i\u0161 auk\u0161tos kokyb\u0117s laminuotos plok\u0161t\u0117s, kuri yra atspari i\u0161oriniams veiksniams, tokiems kaip \u012flenkimai, sm\u016bgiai ir \u012fbr\u0117\u017eimai.<br \/>\n\u201eApulia\u201c drabu\u017ei\u0173 spinta sukurta kruop\u0161\u010diai apgalvojant kiekvien\u0105 detal\u0119.<br \/>\nSpinta garantuoja patog\u0173 ir be r\u016bpes\u010di\u0173 naudojim\u0105 bei viso baldo patvarum\u0105 daugel\u012f met\u0173. Varstoma spinta pastatyta ant \u017eem\u0173 plastikini\u0173 kojeli\u0173. Paprastas dizainas daro j\u0105 puikia spinta vaiko kambariui, miegamajam ar net prie\u0161kambariui. \u201eApulia\u201c taip pat puikus pasirinkimas vaik\u0173 kambariui.<br \/>\nDrabu\u017ei\u0173 spintos matmenys:<br \/>\nAuk\u0161tis: 200 cm<br \/>\nPlotis: 80 cm<br \/>\nGylis: 52 cm<\/p>","protected":false},"excerpt":{"rendered":"<p>plotis: 80 cm<br \/>\nauk\u0161tis: 200 cm<br \/>\ngylis: 52 cm<\/p>","protected":false},"featured_media":330036,"comment_status":"open","ping_status":"open","template":"","meta":[],"product_brand":[],"product_cat":[9235,1177],"product_tag":[],"class_list":{"0":"post-330035","1":"product","2":"type-product","3":"status-publish","4":"has-post-thumbnail","6":"product_cat-gib-meble","7":"product_cat-wardrobes","9":"first","10":"instock","11":"purchasable","12":"product-type-simple"},"_links":{"self":[{"href":"https:\/\/baldumarket.lt\/lt\/wp-json\/wp\/v2\/product\/330035","targetHints":{"allow":["GET"]}}],"collection":[{"href":"https:\/\/baldumarket.lt\/lt\/wp-json\/wp\/v2\/product"}],"about":[{"href":"https:\/\/baldumarket.lt\/lt\/wp-json\/wp\/v2\/types\/product"}],"replies":[{"embeddable":true,"href":"https:\/\/baldumarket.lt\/lt\/wp-json\/wp\/v2\/comments?post=330035"}],"wp:featuredmedia":[{"embeddable":true,"href":"https:\/\/baldumarket.lt\/lt\/wp-json\/wp\/v2\/media\/330036"}],"wp:attachment":[{"href":"https:\/\/baldumarket.lt\/lt\/wp-json\/wp\/v2\/media?parent=330035"}],"wp:term":[{"taxonomy":"product_brand","embeddable":true,"href":"https:\/\/baldumarket.lt\/lt\/wp-json\/wp\/v2\/product_brand?post=330035"},{"taxonomy":"product_cat","embeddable":true,"href":"https:\/\/baldumarket.lt\/lt\/wp-json\/wp\/v2\/product_cat?post=330035"},{"taxonomy":"product_tag","embeddable":true,"href":"https:\/\/baldumarket.lt\/lt\/wp-json\/wp\/v2\/product_tag?post=330035"}],"curies":[{"name":"wp","href":"https:\/\/api.w.org\/{rel}","templated":true}]}}