{"id":330029,"date":"2026-01-16T22:50:13","date_gmt":"2026-01-16T19:50:13","guid":{"rendered":"https:\/\/baldumarket.lt\/product\/szafka-nocna-z-szufladami-apulia-dab-zloty-z-mozliwoscia-podwieszenia-minimalistyczny-design-prosta-bryla-idealny-stolik-do-sypialni\/"},"modified":"2026-02-11T18:01:29","modified_gmt":"2026-02-11T15:01:29","slug":"szafka-nocna-z-szufladami-apulia-dab-zloty-z-mozliwoscia-podwieszenia-minimalistyczny-design-prosta-bryla-idealny-stolik-do-sypialni","status":"publish","type":"product","link":"https:\/\/baldumarket.lt\/lt\/product\/szafka-nocna-z-szufladami-apulia-dab-zloty-z-mozliwoscia-podwieszenia-minimalistyczny-design-prosta-bryla-idealny-stolik-do-sypialni\/","title":{"rendered":"Apulijos auksinio \u0105\u017euolo naktinis staliukas su stal\u010diais, su pakabinimo galimybe, minimalistinis dizainas, paprasta forma, tobulas staliukas miegamajam"},"content":{"rendered":"<p>Auksinio \u0105\u017euolo spalvos \u201eApulia\u201c naktinis staliukas su stal\u010diais \u2013 tai modernus baldas, kuris j\u016bs\u0173 miegamajam suteiks stiling\u0105 akcent\u0105.<br \/>\n\u201eApulia\u201c naktinis staliukas \u2013 tai madingo ir modernaus stiliaus baldas. Paprasta, geometrin\u0117 forma sukurs harmoning\u0105 ir unikal\u0173 interjer\u0105. \u0160ilto \u0105\u017euolo atspalvio naktinis staliukas praskaidrins kambar\u012f ir sukurs jauki\u0105 atmosfer\u0105. Naktinis staliukas suteiks kambariui stiling\u0105 akcent\u0105, suteikdamas jam modernumo ir unikalumo.<br \/>\nErdviuose stal\u010diuose tilps visi j\u016bs\u0173 aksesuarai. Vir\u0161 stalvir\u0161io subtiliai i\u0161siki\u0161usios priekin\u0117s dalys taip pat atlieka ranken\u0173 funkcij\u0105. Papildomas naktinio stalelio privalumas \u2013 galimyb\u0117 pasirinkti jo pad\u0117ties nustatymo b\u016bd\u0105. Naktinis staliukas gali b\u016bti tvirtinamas prie sienos. D\u0117l pridedam\u0173 plastikini\u0173 kojeli\u0173 spintel\u0117 gali greitai tapti laisvai stovin\u010diu baldu. Prie sienos tvirtinamas naktinis staliukas pagamintas i\u0161 auk\u0161tos kokyb\u0117s laminuotos plok\u0161t\u0117s, kuri yra atspari i\u0161oriniams veiksniams, tokiems kaip \u012flenkimai, sm\u016bgiai ir \u012fbr\u0117\u017eimai.<br \/>\n\u201eApulia\u201c naktinis staliukas pasi\u017eymi paprasta forma, kuri sukuria modernius, bet eleganti\u0161kus i\u0161d\u0117stymus.<br \/>\nNaktinis staliukas turi du stal\u010dius. Spintel\u0117s konstrukcij\u0105 laiko \u017eemos plastikin\u0117s kojel\u0117s. Naktiniai staliukai garantuoja patog\u0173 ir be r\u016bpes\u010di\u0173 naudojim\u0105 bei viso baldo patvarum\u0105 daugel\u012f met\u0173. \u0160ilta \u0105\u017euolo spalva gra\u017eiai dera su kitomis spalvomis, tod\u0117l prie sienos tvirtinamas naktinis staliukas puikiai tinka bet kokiam interjerui.<br \/>\nMatmenys:<br \/>\nAuk\u0161tis: 45,5 cm<br \/>\nPlotis: 40 cm<br \/>\nGylis: 36 cm<\/p>","protected":false},"excerpt":{"rendered":"<p>plotis: 40 cm<br \/>\nauk\u0161tis: 45 cm<br \/>\ngylis: 40 cm<\/p>","protected":false},"featured_media":330030,"comment_status":"open","ping_status":"open","template":"","meta":[],"product_brand":[],"product_cat":[9235,1176],"product_tag":[],"class_list":{"0":"post-330029","1":"product","2":"type-product","3":"status-publish","4":"has-post-thumbnail","6":"product_cat-gib-meble","7":"product_cat-bedside-tables","9":"first","10":"instock","11":"purchasable","12":"product-type-simple"},"_links":{"self":[{"href":"https:\/\/baldumarket.lt\/lt\/wp-json\/wp\/v2\/product\/330029","targetHints":{"allow":["GET"]}}],"collection":[{"href":"https:\/\/baldumarket.lt\/lt\/wp-json\/wp\/v2\/product"}],"about":[{"href":"https:\/\/baldumarket.lt\/lt\/wp-json\/wp\/v2\/types\/product"}],"replies":[{"embeddable":true,"href":"https:\/\/baldumarket.lt\/lt\/wp-json\/wp\/v2\/comments?post=330029"}],"wp:featuredmedia":[{"embeddable":true,"href":"https:\/\/baldumarket.lt\/lt\/wp-json\/wp\/v2\/media\/330030"}],"wp:attachment":[{"href":"https:\/\/baldumarket.lt\/lt\/wp-json\/wp\/v2\/media?parent=330029"}],"wp:term":[{"taxonomy":"product_brand","embeddable":true,"href":"https:\/\/baldumarket.lt\/lt\/wp-json\/wp\/v2\/product_brand?post=330029"},{"taxonomy":"product_cat","embeddable":true,"href":"https:\/\/baldumarket.lt\/lt\/wp-json\/wp\/v2\/product_cat?post=330029"},{"taxonomy":"product_tag","embeddable":true,"href":"https:\/\/baldumarket.lt\/lt\/wp-json\/wp\/v2\/product_tag?post=330029"}],"curies":[{"name":"wp","href":"https:\/\/api.w.org\/{rel}","templated":true}]}}