{"id":330025,"date":"2026-01-16T22:50:09","date_gmt":"2026-01-16T19:50:09","guid":{"rendered":"https:\/\/baldumarket.lt\/product\/komoda-z-szufladami-rico-120-cm-biala-funkcjonalny-mebel-w-ponadczasowym-designie-idealna-komoda-do-sypialni-lub-salonu\/"},"modified":"2026-02-11T18:01:29","modified_gmt":"2026-02-11T15:01:29","slug":"komoda-z-szufladami-rico-120-cm-biala-funkcjonalny-mebel-w-ponadczasowym-designie-idealna-komoda-do-sypialni-lub-salonu","status":"publish","type":"product","link":"https:\/\/baldumarket.lt\/lt\/product\/komoda-z-szufladami-rico-120-cm-biala-funkcjonalny-mebel-w-ponadczasowym-designie-idealna-komoda-do-sypialni-lub-salonu\/","title":{"rendered":"Komoda \u201eRico\u201c, 120 cm, balta, funkcionalus baldas su nesenstan\u010diu dizainu, tobula komoda miegamajam ar svetainei"},"content":{"rendered":"<p>120 cm plo\u010dio balta komoda \u201eRico\u201c puikiai tiks bet kuriame miegamajame, svetain\u0117je ar poilsio kambaryje.<br \/>\n\u2019Rico\u201c kolekcijos komoda \u2013 idealus pasirinkimas vertinantiems klasikin\u012f dizain\u0105. Madingos spalvos ir kruop\u0161ti komodos apdaila suteiks interjerui elegancijos ir estetinio patrauklumo. I\u0161skirtiniai komodos bruo\u017eai \u2013 patvarus, 22 mm storio stalvir\u0161is ir trima\u010diai \u012fd\u0117klai ant dureli\u0173. Komoda suteiks kambariui stiling\u0105 apdailos akcent\u0105 ir unikali\u0105 atmosfer\u0105. Komoda puikiai der\u0117s tiek klasikiniame, tiek moderniame interjere.<br \/>\nKomoda pagaminta i\u0161 auk\u0161tos kokyb\u0117s laminuotos plok\u0161t\u0117s, kuri yra atspari i\u0161oriniams veiksniams, tokiems kaip \u012flenkimai, sm\u016bgiai ir \u012fbr\u0117\u017eimai. Stilingos sidabrin\u0117s ranken\u0117l\u0117s komod\u0173 priekyje, be savo pagrindin\u0117s funkcijos, suteikia komodai i\u0161skirtinai skoning\u0105 i\u0161vaizd\u0105. \u2019Rico\u201c komoda der\u0117s prie bet kokio interjero pagal j\u016bs\u0173 m\u0117gstam\u0105 stili\u0173.<br \/>\nKomoda yra su dviem durel\u0117mis ir keturiais stal\u010diais. \u0160i komoda garantuoja patog\u0173 ir be r\u016bpes\u010di\u0173 naudojim\u0105 bei viso baldo patvarum\u0105 daugel\u012f met\u0173. Klasikin\u0117 balta spalva dera su kitomis spalvomis, tod\u0117l \u201eRico\u201c komoda puikiai tinka kaip svetain\u0117s, darbo kambario ar miegamojo komoda. Komoda taip pat puikiai tiks kaip biuro baldas.<br \/>\nKomodos matmenys:<br \/>\nAuk\u0161tis: 90 cm<br \/>\nPlotis: 120 cm<br \/>\nGylis: 40 cm<\/p>","protected":false},"excerpt":{"rendered":"<p>plotis: 120 cm<br \/>\nauk\u0161tis: 90 cm<br \/>\ngylis: 40 cm<\/p>","protected":false},"featured_media":330026,"comment_status":"open","ping_status":"open","template":"","meta":[],"product_brand":[],"product_cat":[9235,1173],"product_tag":[],"class_list":{"0":"post-330025","1":"product","2":"type-product","3":"status-publish","4":"has-post-thumbnail","6":"product_cat-gib-meble","7":"product_cat-chests-of-drawers","9":"first","10":"instock","11":"purchasable","12":"product-type-simple"},"_links":{"self":[{"href":"https:\/\/baldumarket.lt\/lt\/wp-json\/wp\/v2\/product\/330025","targetHints":{"allow":["GET"]}}],"collection":[{"href":"https:\/\/baldumarket.lt\/lt\/wp-json\/wp\/v2\/product"}],"about":[{"href":"https:\/\/baldumarket.lt\/lt\/wp-json\/wp\/v2\/types\/product"}],"replies":[{"embeddable":true,"href":"https:\/\/baldumarket.lt\/lt\/wp-json\/wp\/v2\/comments?post=330025"}],"wp:featuredmedia":[{"embeddable":true,"href":"https:\/\/baldumarket.lt\/lt\/wp-json\/wp\/v2\/media\/330026"}],"wp:attachment":[{"href":"https:\/\/baldumarket.lt\/lt\/wp-json\/wp\/v2\/media?parent=330025"}],"wp:term":[{"taxonomy":"product_brand","embeddable":true,"href":"https:\/\/baldumarket.lt\/lt\/wp-json\/wp\/v2\/product_brand?post=330025"},{"taxonomy":"product_cat","embeddable":true,"href":"https:\/\/baldumarket.lt\/lt\/wp-json\/wp\/v2\/product_cat?post=330025"},{"taxonomy":"product_tag","embeddable":true,"href":"https:\/\/baldumarket.lt\/lt\/wp-json\/wp\/v2\/product_tag?post=330025"}],"curies":[{"name":"wp","href":"https:\/\/api.w.org\/{rel}","templated":true}]}}