{"id":329998,"date":"2026-01-16T22:49:47","date_gmt":"2026-01-16T19:49:47","guid":{"rendered":"https:\/\/baldumarket.lt\/product\/nakladka-tapicerowana-na-zaglowek-lozka-rico-biala-funkcjonalny-i-wygodny-dodatek-do-lozka-pikowany-zaglowek\/"},"modified":"2026-02-11T18:01:29","modified_gmt":"2026-02-11T15:01:29","slug":"nakladka-tapicerowana-na-zaglowek-lozka-rico-biala-funkcjonalny-i-wygodny-dodatek-do-lozka-pikowany-zaglowek","status":"publish","type":"product","link":"https:\/\/baldumarket.lt\/lt\/product\/nakladka-tapicerowana-na-zaglowek-lozka-rico-biala-funkcjonalny-i-wygodny-dodatek-do-lozka-pikowany-zaglowek\/","title":{"rendered":"Rico lovos gal\u016bgalio u\u017evalkalas, baltas, funkcionalus ir patogus lovos papildymas, dygsniuotas galv\u016bgalis"},"content":{"rendered":"<p>Apmu\u0161tas lovos galv\u016bgalio u\u017evalkalas \u201eRico\u201c lovai, baltas.<br \/>\n\u0160is apmu\u0161tas galv\u016bgalio u\u017evalkalas skirtas \u201eRico\u201c kolekcijos lovoms. Galv\u016bgalis pagamintas i\u0161 auk\u0161tos kokyb\u0117s apmu\u0161al\u0173 put\u0173, kurios yra labai elastingos ir atsparios deformacijai. Visas baldas aptrauktas mink\u0161tu, trin\u010diai ir pa\u017eeidimams atspariu baltu audiniu. \u0160is stilingas u\u017evalkalas suteikia j\u016bs\u0173 \u201eRico\u201c lovai dar vien\u0105 funkcij\u0105. Ant lovos gal\u0117site patogiai s\u0117d\u0117ti, pavyzd\u017eiui, \u017ei\u016br\u0117dami televizori\u0173, dirbdami ne\u0161iojamuoju kompiuteriu ar skaitydami knygas. Dygsniuotas u\u017evalkalo pavir\u0161ius traukia ak\u012f ir suteikia unikal\u0173 charakter\u012f.<br \/>\nApmu\u0161tas u\u017evalkalas buvo sukurtas tiems, kurie vertina komfort\u0105 ir estetik\u0105.<br \/>\n\u201eRico\u201c mink\u0161to u\u017evalkalo matmenys:<br \/>\nAuk\u0161tis: 34 cm<br \/>\nPlotis: 115,5 cm<br \/>\nGylis: 6,5 cm<\/p>","protected":false},"excerpt":{"rendered":"<p>Upholstered headboard cover for the Rico bed in white. This upholstered headboard cover is designed for beds from the Rico collection. The headboard is made of high-quality upholstery foam, which is highly elastic and resistant to deformation. The entire unit is covered with a soft, abrasion- and damage-resistant white fabric. This stylish cover adds another [&hellip;]<\/p>","protected":false},"featured_media":329999,"comment_status":"open","ping_status":"open","template":"","meta":[],"product_brand":[],"product_cat":[9235,1043],"product_tag":[],"class_list":{"0":"post-329998","1":"product","2":"type-product","3":"status-publish","4":"has-post-thumbnail","6":"product_cat-gib-meble","7":"product_cat-extras","9":"first","10":"instock","11":"purchasable","12":"product-type-simple"},"_links":{"self":[{"href":"https:\/\/baldumarket.lt\/lt\/wp-json\/wp\/v2\/product\/329998","targetHints":{"allow":["GET"]}}],"collection":[{"href":"https:\/\/baldumarket.lt\/lt\/wp-json\/wp\/v2\/product"}],"about":[{"href":"https:\/\/baldumarket.lt\/lt\/wp-json\/wp\/v2\/types\/product"}],"replies":[{"embeddable":true,"href":"https:\/\/baldumarket.lt\/lt\/wp-json\/wp\/v2\/comments?post=329998"}],"wp:featuredmedia":[{"embeddable":true,"href":"https:\/\/baldumarket.lt\/lt\/wp-json\/wp\/v2\/media\/329999"}],"wp:attachment":[{"href":"https:\/\/baldumarket.lt\/lt\/wp-json\/wp\/v2\/media?parent=329998"}],"wp:term":[{"taxonomy":"product_brand","embeddable":true,"href":"https:\/\/baldumarket.lt\/lt\/wp-json\/wp\/v2\/product_brand?post=329998"},{"taxonomy":"product_cat","embeddable":true,"href":"https:\/\/baldumarket.lt\/lt\/wp-json\/wp\/v2\/product_cat?post=329998"},{"taxonomy":"product_tag","embeddable":true,"href":"https:\/\/baldumarket.lt\/lt\/wp-json\/wp\/v2\/product_tag?post=329998"}],"curies":[{"name":"wp","href":"https:\/\/api.w.org\/{rel}","templated":true}]}}