{"id":329989,"date":"2026-01-16T22:49:40","date_gmt":"2026-01-16T19:49:40","guid":{"rendered":"https:\/\/baldumarket.lt\/product\/kontenerek-z-szufladami-rico-dab-artisan-idealny-do-szafy-przesuwnej-i-szafy-na-ubrania\/"},"modified":"2026-02-11T18:01:29","modified_gmt":"2026-02-11T15:01:29","slug":"kontenerek-z-szufladami-rico-dab-artisan-idealny-do-szafy-przesuwnej-i-szafy-na-ubrania","status":"publish","type":"product","link":"https:\/\/baldumarket.lt\/lt\/product\/kontenerek-z-szufladami-rico-dab-artisan-idealny-do-szafy-przesuwnej-i-szafy-na-ubrania\/","title":{"rendered":"\u201eRico\u201c stal\u010di\u0173 spinta i\u0161 arti\u0161o \u0105\u017euolo, puikiai tinkanti spintai su stumdomomis durimis ir drabu\u017einei"},"content":{"rendered":"<p>\u201eRico\u201c stal\u010di\u0173 spintel\u0117 i\u0161 \u201eArtisan Oak\u201c spalvos \u2013 puikus j\u016bs\u0173 spintos papildymas!<br \/>\nSpintel\u0117 turi tris stal\u010dius, kurie i\u0161stumdomi ant ritinini\u0173 b\u0117geli\u0173. Spintel\u0117 pagaminta i\u0161 auk\u0161tos kokyb\u0117s 16 mm laminuotos plok\u0161t\u0117s, atsparios i\u0161oriniams veiksniams, tokiems kaip \u012flenkimai, sm\u016bgiai ir \u012fbr\u0117\u017eimai. \u201eRico\u201c spintos priedai si\u016blo prakti\u0161kus, funkcionalius ir erdvius skyrius, kuriuos galima pasl\u0117pti spintos viduje, taip sukuriant papildom\u0105 daikt\u0173 laikymo viet\u0105.<br \/>\n\u201eRico\u201c spintos komplektas sukurtas kruop\u0161\u010diai apgalvojant kiekvien\u0105 detal\u0119.<br \/>\n\u0160is stumdom\u0173 spint\u0173 ir drabu\u017eini\u0173 priedas garantuoja patog\u0173 ir be r\u016bpes\u010di\u0173 naudojim\u0105 bei viso baldo patvarum\u0105 daugel\u012f met\u0173.<br \/>\n\u201eRico Artisan\u201c \u0105\u017euolin\u0117 spintel\u0117 su stal\u010diais yra prakti\u0161kas bet kurios spintos ar spintos papildymas.<br \/>\n\u201eRico Artisan Oak\u201c stal\u010di\u0173 spintel\u0117 yra funkcionalus priedas, puikiai papildantis stumdomas arba klasikines spintas. Kompakti\u0161ki matmenys ir trys erdv\u016bs stal\u010diai leid\u017eia patogiai laikyti smulkius daiktus, apatinius ir aksesuarus. Nat\u016brali spalv\u0173 gama, \u012fkv\u0117pta \u0105\u017euolo medienos, suteikia \u0161ilumos ir jaukumo bet kokiam interjerui, puikiai dera su kitais pana\u0161ios spalvos baldais.<br \/>\n\u201eRico\u201c spintel\u0117 puikiai tiks moderniuose, industriniuose ir kaimi\u0161kuose interjeruose. Paprasta forma ir ranken\u0117li\u0173 nebuvimas atitinka minimalizmo id\u0117j\u0105 ir kartu pabr\u0117\u017eia nat\u016bral\u0173 medienos charakter\u012f. \u0160i spintel\u0117 puikiai papildys r\u016bbin\u0119, miegam\u0105j\u012f ar net prie\u0161kambar\u012f, suteikdama tvarkos ir estetikos kasdieniam naudojimui. Tai prakti\u0161kas ir stilingas sprendimas. Matmenys:<br \/>\nAuk\u0161tis: 61,5 cm<br \/>\nPlotis: 44 cm<br \/>\nGylis: 50 cm<\/p>","protected":false},"excerpt":{"rendered":"<p>plotis: 44 cm<br \/>\nauk\u0161tis: 61,5 cm<br \/>\ngylis: 50 cm<\/p>","protected":false},"featured_media":329990,"comment_status":"open","ping_status":"open","template":"","meta":[],"product_brand":[],"product_cat":[9235,9120],"product_tag":[],"class_list":{"0":"post-329989","1":"product","2":"type-product","3":"status-publish","4":"has-post-thumbnail","6":"product_cat-gib-meble","7":"product_cat-cabinets","9":"first","10":"instock","11":"purchasable","12":"product-type-simple"},"_links":{"self":[{"href":"https:\/\/baldumarket.lt\/lt\/wp-json\/wp\/v2\/product\/329989","targetHints":{"allow":["GET"]}}],"collection":[{"href":"https:\/\/baldumarket.lt\/lt\/wp-json\/wp\/v2\/product"}],"about":[{"href":"https:\/\/baldumarket.lt\/lt\/wp-json\/wp\/v2\/types\/product"}],"replies":[{"embeddable":true,"href":"https:\/\/baldumarket.lt\/lt\/wp-json\/wp\/v2\/comments?post=329989"}],"wp:featuredmedia":[{"embeddable":true,"href":"https:\/\/baldumarket.lt\/lt\/wp-json\/wp\/v2\/media\/329990"}],"wp:attachment":[{"href":"https:\/\/baldumarket.lt\/lt\/wp-json\/wp\/v2\/media?parent=329989"}],"wp:term":[{"taxonomy":"product_brand","embeddable":true,"href":"https:\/\/baldumarket.lt\/lt\/wp-json\/wp\/v2\/product_brand?post=329989"},{"taxonomy":"product_cat","embeddable":true,"href":"https:\/\/baldumarket.lt\/lt\/wp-json\/wp\/v2\/product_cat?post=329989"},{"taxonomy":"product_tag","embeddable":true,"href":"https:\/\/baldumarket.lt\/lt\/wp-json\/wp\/v2\/product_tag?post=329989"}],"curies":[{"name":"wp","href":"https:\/\/api.w.org\/{rel}","templated":true}]}}