{"id":329954,"date":"2026-01-16T22:49:12","date_gmt":"2026-01-16T19:49:12","guid":{"rendered":"https:\/\/baldumarket.lt\/product\/kontenerek-z-szufladami-rico-dab-monastery-idealny-do-szafy-przesuwnej-i-szafy-na-ubrania\/"},"modified":"2026-02-11T18:01:30","modified_gmt":"2026-02-11T15:01:30","slug":"kontenerek-z-szufladami-rico-dab-monastery-idealny-do-szafy-przesuwnej-i-szafy-na-ubrania","status":"publish","type":"product","link":"https:\/\/baldumarket.lt\/lt\/product\/kontenerek-z-szufladami-rico-dab-monastery-idealny-do-szafy-przesuwnej-i-szafy-na-ubrania\/","title":{"rendered":"\u201eRico\u201c stal\u010di\u0173 spinta i\u0161 vienuolyno \u0105\u017euolo, puikiai tinka spintai su stumdomomis durimis ir drabu\u017eiais"},"content":{"rendered":"<p>\u201eRico\u201c stal\u010di\u0173 spintel\u0117 \u201eMonastery Oak\u201c spalvos \u2013 puikus j\u016bs\u0173 garderobo papildymas!<br \/>\nSpintel\u0117 turi tris stal\u010dius, kurie i\u0161stumdomi ant ritinini\u0173 b\u0117geli\u0173. Spintel\u0117 pagaminta i\u0161 auk\u0161tos kokyb\u0117s 16 mm laminuotos plok\u0161t\u0117s, atsparios i\u0161oriniams veiksniams, tokiems kaip \u012flenkimai, sm\u016bgiai ir \u012fbr\u0117\u017eimai. \u201eRico\u201c spintos priedai si\u016blo prakti\u0161kus, funkcionalius ir erdvius skyrius, kuriuos galima pasl\u0117pti spintos viduje, taip sukuriant papildom\u0105 daikt\u0173 laikymo viet\u0105.<br \/>\n\u201eRico\u201c spintos komplektas sukurtas kruop\u0161\u010diai apgalvojant kiekvien\u0105 detal\u0119.<br \/>\n\u0160is stumdom\u0173 spint\u0173 ir drabu\u017eini\u0173 priedas garantuoja patog\u0173 ir be r\u016bpes\u010di\u0173 naudojim\u0105 bei viso gaminio patvarum\u0105 daugel\u012f met\u0173.<br \/>\nMatmenys:<br \/>\nAuk\u0161tis: 61,5 cm<br \/>\nPlotis: 44 cm<br \/>\nGylis: 50 cm<\/p>","protected":false},"excerpt":{"rendered":"<p>plotis: 44 cm<br \/>\nauk\u0161tis: 61,5 cm<br \/>\ngylis: 50 cm<\/p>","protected":false},"featured_media":329955,"comment_status":"open","ping_status":"open","template":"","meta":[],"product_brand":[],"product_cat":[9235,9120],"product_tag":[],"class_list":{"0":"post-329954","1":"product","2":"type-product","3":"status-publish","4":"has-post-thumbnail","6":"product_cat-gib-meble","7":"product_cat-cabinets","9":"first","10":"instock","11":"purchasable","12":"product-type-simple"},"_links":{"self":[{"href":"https:\/\/baldumarket.lt\/lt\/wp-json\/wp\/v2\/product\/329954","targetHints":{"allow":["GET"]}}],"collection":[{"href":"https:\/\/baldumarket.lt\/lt\/wp-json\/wp\/v2\/product"}],"about":[{"href":"https:\/\/baldumarket.lt\/lt\/wp-json\/wp\/v2\/types\/product"}],"replies":[{"embeddable":true,"href":"https:\/\/baldumarket.lt\/lt\/wp-json\/wp\/v2\/comments?post=329954"}],"wp:featuredmedia":[{"embeddable":true,"href":"https:\/\/baldumarket.lt\/lt\/wp-json\/wp\/v2\/media\/329955"}],"wp:attachment":[{"href":"https:\/\/baldumarket.lt\/lt\/wp-json\/wp\/v2\/media?parent=329954"}],"wp:term":[{"taxonomy":"product_brand","embeddable":true,"href":"https:\/\/baldumarket.lt\/lt\/wp-json\/wp\/v2\/product_brand?post=329954"},{"taxonomy":"product_cat","embeddable":true,"href":"https:\/\/baldumarket.lt\/lt\/wp-json\/wp\/v2\/product_cat?post=329954"},{"taxonomy":"product_tag","embeddable":true,"href":"https:\/\/baldumarket.lt\/lt\/wp-json\/wp\/v2\/product_tag?post=329954"}],"curies":[{"name":"wp","href":"https:\/\/api.w.org\/{rel}","templated":true}]}}