{"id":329950,"date":"2026-01-16T22:49:08","date_gmt":"2026-01-16T19:49:08","guid":{"rendered":"https:\/\/baldumarket.lt\/product\/szafka-nocna-z-szufladami-rico-dab-monastery-to-funkcjonalny-mebel-w-ponadczasowym-designie-idealny-stolik-do-sypialni\/"},"modified":"2026-02-11T18:01:30","modified_gmt":"2026-02-11T15:01:30","slug":"szafka-nocna-z-szufladami-rico-dab-monastery-to-funkcjonalny-mebel-w-ponadczasowym-designie-idealny-stolik-do-sypialni","status":"publish","type":"product","link":"https:\/\/baldumarket.lt\/lt\/product\/szafka-nocna-z-szufladami-rico-dab-monastery-to-funkcjonalny-mebel-w-ponadczasowym-designie-idealny-stolik-do-sypialni\/","title":{"rendered":"\u201eRico\u201c \u0105\u017euolo \u201eMonastery\u201c naktinis staliukas su stal\u010diais \u2013 funkcionalus, nesenstan\u010dio dizaino baldas, tobulas staliukas miegamajam"},"content":{"rendered":"<p>\u201eRico\u201c naktinis staliukas su stal\u010diais \u201eMonoye Oak\u201c spalvos puikiai papildys bet kur\u012f miegam\u0105j\u012f ar jaunimo kambar\u012f.<br \/>\n\u0160is naktinis staliukas i\u0161 \u201eRico\u201c kolekcijos \u2013 idealus pasirinkimas vertinantiems klasikin\u012f dizain\u0105. Madingos spalvos ir kruop\u0161ti naktinio staliuko apdaila suteiks interjerui elegancijos ir estetinio patrauklumo. I\u0161skirtinis naktinio staliuko elementas \u2013 patvarus, 22 mm storio stalvir\u0161is. Naktinio staliuko buvimas suteiks miegamajam stiling\u0105 akcent\u0105 ir sukurs unikali\u0105 atmosfer\u0105. \u201eRico\u201c naktinis staliukas s\u0117kmingai papildys tiek klasikin\u012f, tiek modern\u0173 interjer\u0105.<br \/>\nErdviuose stal\u010diuose tilps visi j\u016bs\u0173 reikmenys. Naktinis staliukas pagamintas i\u0161 auk\u0161tos kokyb\u0117s laminuotos plok\u0161t\u0117s, atsparios i\u0161oriniams veiksniams, tokiems kaip \u012flenkimai, sm\u016bgiai ir \u012fbr\u0117\u017eimai. Sidabrin\u0117s ranken\u0117l\u0117s stilingai u\u017ebaigia stal\u010di\u0173 fasadus, kurie, be savo pagrindin\u0117s funkcijos, suteikia i\u0161skirtinai skoning\u0105 i\u0161vaizd\u0105.<br \/>\n\u201eRico\u201c naktinis staliukas tiks bet kuriame miegamajame pagal j\u016bs\u0173 m\u0117gstam\u0105 stili\u0173.<br \/>\nNaktinis staliukas turi du stal\u010dius. Naktiniai staliukai garantuoja patog\u0173 ir be r\u016bpes\u010di\u0173 naudojim\u0105 bei viso baldo patvarum\u0105 daugel\u012f met\u0173. Tamsaus \u0105\u017euolo dekoras gra\u017eiai dera su kitomis spalvomis, tod\u0117l \u201eRico\u201c kolekcijos naktiniai staliukai puikiai tinka kaip naktiniai staliukai vaikui ar paaugliui.<br \/>\nNaktinio stalelio matmenys:<br \/>\nAuk\u0161tis: 45 cm<br \/>\nPlotis: 50 cm<br \/>\nGylis: 35 cm<\/p>","protected":false},"excerpt":{"rendered":"<p>plotis: 50 cm<br \/>\nauk\u0161tis: 45 cm<br \/>\ngylis: 35 cm<\/p>","protected":false},"featured_media":329951,"comment_status":"open","ping_status":"open","template":"","meta":[],"product_brand":[],"product_cat":[9235,1176],"product_tag":[],"class_list":{"0":"post-329950","1":"product","2":"type-product","3":"status-publish","4":"has-post-thumbnail","6":"product_cat-gib-meble","7":"product_cat-bedside-tables","9":"first","10":"instock","11":"purchasable","12":"product-type-simple"},"_links":{"self":[{"href":"https:\/\/baldumarket.lt\/lt\/wp-json\/wp\/v2\/product\/329950","targetHints":{"allow":["GET"]}}],"collection":[{"href":"https:\/\/baldumarket.lt\/lt\/wp-json\/wp\/v2\/product"}],"about":[{"href":"https:\/\/baldumarket.lt\/lt\/wp-json\/wp\/v2\/types\/product"}],"replies":[{"embeddable":true,"href":"https:\/\/baldumarket.lt\/lt\/wp-json\/wp\/v2\/comments?post=329950"}],"wp:featuredmedia":[{"embeddable":true,"href":"https:\/\/baldumarket.lt\/lt\/wp-json\/wp\/v2\/media\/329951"}],"wp:attachment":[{"href":"https:\/\/baldumarket.lt\/lt\/wp-json\/wp\/v2\/media?parent=329950"}],"wp:term":[{"taxonomy":"product_brand","embeddable":true,"href":"https:\/\/baldumarket.lt\/lt\/wp-json\/wp\/v2\/product_brand?post=329950"},{"taxonomy":"product_cat","embeddable":true,"href":"https:\/\/baldumarket.lt\/lt\/wp-json\/wp\/v2\/product_cat?post=329950"},{"taxonomy":"product_tag","embeddable":true,"href":"https:\/\/baldumarket.lt\/lt\/wp-json\/wp\/v2\/product_tag?post=329950"}],"curies":[{"name":"wp","href":"https:\/\/api.w.org\/{rel}","templated":true}]}}