{"id":329945,"date":"2026-01-16T22:49:01","date_gmt":"2026-01-16T19:49:01","guid":{"rendered":"https:\/\/baldumarket.lt\/product\/lozko-rico-160x200-cm-z-pojemnikiem-na-posciel-dab-monastery-idealne-lozko-do-sypialni-obrzeza-wykonczone-okleina-abs-ponadczasowy-design\/"},"modified":"2026-02-11T18:01:30","modified_gmt":"2026-02-11T15:01:30","slug":"lozko-rico-160x200-cm-z-pojemnikiem-na-posciel-dab-monastery-idealne-lozko-do-sypialni-obrzeza-wykonczone-okleina-abs-ponadczasowy-design","status":"publish","type":"product","link":"https:\/\/baldumarket.lt\/lt\/product\/lozko-rico-160x200-cm-z-pojemnikiem-na-posciel-dab-monastery-idealne-lozko-do-sypialni-obrzeza-wykonczone-okleina-abs-ponadczasowy-design\/","title":{"rendered":"Riko lova 160&#215;200 cm su patalyn\u0117s d\u0117\u017ee, vienuolyno \u0105\u017euolas, tobula lova miegamajam, kra\u0161tai apdailinti ABS fanera, nesenstantis dizainas"},"content":{"rendered":"<p>\u201eRico\u201c lova su saugykla i\u0161 \u201eMonoye Oak\u201c medienos puikiai papildys bet kur\u012f miegam\u0105j\u012f ar paauglio kambar\u012f.<br \/>\n\u0160i \u201eRico\u201c kolekcijos lova \u2013 idealus pasirinkimas vertinantiems klasikin\u012f dizain\u0105. Madingos spalvos ir kruop\u0161ti lovos apdaila suteiks interjerui elegancijos ir estetinio patrauklumo. I\u0161skirtinis lovos bruo\u017eas \u2013 galv\u016bgalis, pagamintas i\u0161 \u012fvairaus storio lent\u0173, sukurian\u010di\u0173 trimat\u012f efekt\u0105. Auk\u0161tas atlo\u0161as suteikia lovai dar vien\u0105 funkcij\u0105. Ant lovos galima patogiai s\u0117d\u0117ti, pavyzd\u017eiui, \u017ei\u016brint televizori\u0173, dirbant ne\u0161iojamuoju kompiuteriu ar skaitant knygas. Lova pasi\u017eymi stabiliu mediniu r\u0117mu su automatiniais spyruokliniais mechanizmais ir prakti\u0161ku patalyn\u0117s laikymo skyriumi.<br \/>\nBaltas lovos r\u0117mas pagamintas i\u0161 auk\u0161tos kokyb\u0117s 22 mm laminuotos plok\u0161t\u0117s, atsparios i\u0161oriniams veiksniams, tokiems kaip \u012fbr\u0117\u017eimai, \u012fbr\u0117\u017eimai ir sumu\u0161imai. \u201eRico\u201c kolekcija tiks bet kokiam interjerui, su J\u016bs\u0173 m\u0117gstamu stiliumi.<br \/>\nLova \u201eRico\u201c garantuoja patog\u0173 ir be r\u016bpes\u010di\u0173 naudojim\u0105 bei ilgaam\u017ei\u0161kum\u0105 daugel\u012f met\u0173. Tamsaus \u0105\u017euolo dekoras suteiks kambariui unikal\u0173 charakter\u012f. D\u0117l optimali\u0173 matmen\u0173 lova su daiktad\u0117\u017ee puikiai tiks kaip miegamojo lova arba kaip jaunimo lova paauglio kambaryje.<br \/>\nMatmenys:<br \/>\nAuk\u0161tis: 90 cm<br \/>\nPlotis: 165 cm<br \/>\nGylis: 205 cm<br \/>\nMiegamoji erdv\u0117: 160 \u00d7 200 cm<\/p>","protected":false},"excerpt":{"rendered":"<p>plotis: 165 cm<br \/>\nauk\u0161tis: 90 cm<br \/>\ngylis: 205 cm<br \/>\nMiegamoji erdv\u0117: 160 \u00d7 200 cm<\/p>","protected":false},"featured_media":329946,"comment_status":"open","ping_status":"open","template":"","meta":[],"product_brand":[],"product_cat":[9235,505],"product_tag":[],"class_list":{"0":"post-329945","1":"product","2":"type-product","3":"status-publish","4":"has-post-thumbnail","6":"product_cat-gib-meble","7":"product_cat-bedroom-beds","9":"first","10":"instock","11":"purchasable","12":"product-type-simple"},"_links":{"self":[{"href":"https:\/\/baldumarket.lt\/lt\/wp-json\/wp\/v2\/product\/329945","targetHints":{"allow":["GET"]}}],"collection":[{"href":"https:\/\/baldumarket.lt\/lt\/wp-json\/wp\/v2\/product"}],"about":[{"href":"https:\/\/baldumarket.lt\/lt\/wp-json\/wp\/v2\/types\/product"}],"replies":[{"embeddable":true,"href":"https:\/\/baldumarket.lt\/lt\/wp-json\/wp\/v2\/comments?post=329945"}],"wp:featuredmedia":[{"embeddable":true,"href":"https:\/\/baldumarket.lt\/lt\/wp-json\/wp\/v2\/media\/329946"}],"wp:attachment":[{"href":"https:\/\/baldumarket.lt\/lt\/wp-json\/wp\/v2\/media?parent=329945"}],"wp:term":[{"taxonomy":"product_brand","embeddable":true,"href":"https:\/\/baldumarket.lt\/lt\/wp-json\/wp\/v2\/product_brand?post=329945"},{"taxonomy":"product_cat","embeddable":true,"href":"https:\/\/baldumarket.lt\/lt\/wp-json\/wp\/v2\/product_cat?post=329945"},{"taxonomy":"product_tag","embeddable":true,"href":"https:\/\/baldumarket.lt\/lt\/wp-json\/wp\/v2\/product_tag?post=329945"}],"curies":[{"name":"wp","href":"https:\/\/api.w.org\/{rel}","templated":true}]}}