{"id":329940,"date":"2026-01-16T22:48:57","date_gmt":"2026-01-16T19:48:57","guid":{"rendered":"https:\/\/baldumarket.lt\/product\/szafa-rico-90-cm-dab-monastery-funkcjonalny-mebel-klasyczna-forma-idealna-szafa-do-garderoby-sypialni-lub-przedpokoju\/"},"modified":"2026-02-11T18:01:30","modified_gmt":"2026-02-11T15:01:30","slug":"szafa-rico-90-cm-dab-monastery-funkcjonalny-mebel-klasyczna-forma-idealna-szafa-do-garderoby-sypialni-lub-przedpokoju","status":"publish","type":"product","link":"https:\/\/baldumarket.lt\/lt\/product\/szafa-rico-90-cm-dab-monastery-funkcjonalny-mebel-klasyczna-forma-idealna-szafa-do-garderoby-sypialni-lub-przedpokoju\/","title":{"rendered":"\u201eRico\u201c spinta, 90 cm, vienuolyno \u0105\u017euolo spalvos, funkcionalus baldas, klasikin\u0117s formos, ideali spinta miegamajam ar prie\u0161kambariui"},"content":{"rendered":"<p>Dviej\u0173 dur\u0173 \u201eRico\u201c spinta \u201eMonoye Oak\u201c spalvos puikiai papildys bet kok\u012f interjer\u0105.<br \/>\n\u0160i \u201eRico\u201c kolekcijos spinta \u2013 idealus pasirinkimas vertinantiems klasikin\u012f dizain\u0105. Madingos spalvos ir kruop\u0161ti spintos apdaila suteiks interjerui eleganti\u0161k\u0105 ir esteti\u0161k\u0105 i\u0161vaizd\u0105. I\u0161skirtinis spintos bruo\u017eas \u2013 patvarus 22 mm storio stalvir\u0161is. Spinta suteiks miegamajam ar persirengimo kambariui stiling\u0105 akcent\u0105 ir sukurs unikali\u0105 atmosfer\u0105. \u201eRico\u201c spinta puikiai der\u0117s tiek prie klasikinio, tiek prie modernaus interjero.<br \/>\nSpinta \u201eRico\u201c yra padalinta \u012f sekcij\u0105 su dviem b\u0117geliais ir sekcij\u0105 su lentynomis. Spinta pagaminta i\u0161 auk\u0161tos kokyb\u0117s laminuotos plok\u0161t\u0117s, atsparios i\u0161oriniams veiksniams, tokiems kaip \u012flenkimai, sm\u016bgiai ir \u012fbr\u0117\u017eimai. Sidabrin\u0117s ranken\u0117l\u0117s stilingai u\u017ebaigia spintos duris, kurios, be pagrindin\u0117s funkcijos, suteikia i\u0161skirtinai skoning\u0105 i\u0161vaizd\u0105.<br \/>\n\u201eRico\u201c spinta buvo sukurta atsi\u017evelgiant \u012f funkcionalum\u0105 ir prakti\u0161kum\u0105.<br \/>\nBaldas pagamintas i\u0161 dviej\u0173 varstom\u0173 dur\u0173 su matiniu pavir\u0161iumi. Spinta garantuoja patog\u0173 ir be r\u016bpes\u010di\u0173 naudojim\u0105 bei viso baldo patvarum\u0105 daugel\u012f met\u0173. Paprastas dizainas daro \u0161i\u0105 spint\u0105 puikiai tinkan\u010dia kaip spinta vaiko kambariui, miegamajam arba prie\u0161kambariui. Spinta \u201eRico\u201c taip pat bus puikus pasirinkimas vaik\u0173 kambariui. Ji taip pat puikiai tinka kaip prie\u0161kambario spinta.<br \/>\nDrabu\u017ei\u0173 spintos matmenys:<br \/>\nAuk\u0161tis: 202,2 cm<br \/>\nPlotis: 90 cm<br \/>\nGylis: 65 cm<\/p>","protected":false},"excerpt":{"rendered":"<p>plotis: 90 cm<br \/>\nauk\u0161tis: 202,2 cm<br \/>\ngylis: 65 cm<\/p>","protected":false},"featured_media":329941,"comment_status":"open","ping_status":"open","template":"","meta":[],"product_brand":[],"product_cat":[9235,1177],"product_tag":[],"class_list":{"0":"post-329940","1":"product","2":"type-product","3":"status-publish","4":"has-post-thumbnail","6":"product_cat-gib-meble","7":"product_cat-wardrobes","9":"first","10":"instock","11":"purchasable","12":"product-type-simple"},"_links":{"self":[{"href":"https:\/\/baldumarket.lt\/lt\/wp-json\/wp\/v2\/product\/329940","targetHints":{"allow":["GET"]}}],"collection":[{"href":"https:\/\/baldumarket.lt\/lt\/wp-json\/wp\/v2\/product"}],"about":[{"href":"https:\/\/baldumarket.lt\/lt\/wp-json\/wp\/v2\/types\/product"}],"replies":[{"embeddable":true,"href":"https:\/\/baldumarket.lt\/lt\/wp-json\/wp\/v2\/comments?post=329940"}],"wp:featuredmedia":[{"embeddable":true,"href":"https:\/\/baldumarket.lt\/lt\/wp-json\/wp\/v2\/media\/329941"}],"wp:attachment":[{"href":"https:\/\/baldumarket.lt\/lt\/wp-json\/wp\/v2\/media?parent=329940"}],"wp:term":[{"taxonomy":"product_brand","embeddable":true,"href":"https:\/\/baldumarket.lt\/lt\/wp-json\/wp\/v2\/product_brand?post=329940"},{"taxonomy":"product_cat","embeddable":true,"href":"https:\/\/baldumarket.lt\/lt\/wp-json\/wp\/v2\/product_cat?post=329940"},{"taxonomy":"product_tag","embeddable":true,"href":"https:\/\/baldumarket.lt\/lt\/wp-json\/wp\/v2\/product_tag?post=329940"}],"curies":[{"name":"wp","href":"https:\/\/api.w.org\/{rel}","templated":true}]}}