{"id":329931,"date":"2026-01-16T22:48:50","date_gmt":"2026-01-16T19:48:50","guid":{"rendered":"https:\/\/baldumarket.lt\/product\/szafka-na-buty-olier-dab-artisan-tapicerowane-siedzisko-funkcjonalny-dodatek-do-przedpokoju-stabilna-metalowa-podstawa\/"},"modified":"2026-02-11T18:01:30","modified_gmt":"2026-02-11T15:01:30","slug":"szafka-na-buty-olier-dab-artisan-tapicerowane-siedzisko-funkcjonalny-dodatek-do-przedpokoju-stabilna-metalowa-podstawa","status":"publish","type":"product","link":"https:\/\/baldumarket.lt\/lt\/product\/szafka-na-buty-olier-dab-artisan-tapicerowane-siedzisko-funkcjonalny-dodatek-do-przedpokoju-stabilna-metalowa-podstawa\/","title":{"rendered":"\u201eOlier\u201c bat\u0173 spintel\u0117, \u0105\u017euolo dirbiniai, mink\u0161ta s\u0117dyn\u0117, funkcionalus prie\u0161kambario papildymas, stabilus metalinis pagrindas"},"content":{"rendered":"<p>\u201eOlier\u201c bat\u0173 spintel\u0117 pasi\u017eymi paprastu ir eleganti\u0161ku dizainu, kuris puikiai dera su dabartin\u0117mis interjero dizaino tendencijomis. \u201eOlier\u201c bat\u0173 spintel\u0117 su s\u0117dyne buvo sukurta galvojant apie mading\u0105 ir modern\u0173 interjer\u0105. Paprasta \u0105\u017euolo apdailos forma, pastatyta ant juodo metalo r\u0117m\u0173, garantuoja didel\u012f stabilum\u0105 ir suteikia dizainerio, lofto stiliaus charakter\u012f. Atvira juoda lentyna yra ak\u012f traukiantis elementas, suteikiantis visam baldui labai skoning\u0105 i\u0161vaizd\u0105. Apmu\u0161ta s\u0117dyn\u0117, aptraukta eko oda, suteikia funkcionalumo ir originalumo. Lofto stilius puikiai dera su dabartin\u0117mis interjero dizaino tendencijomis, tod\u0117l \u201eOlier\u201c kolekcijos baldus lengva i\u0161d\u0117styti r\u016bbin\u0117je, miegamajame ar prie\u0161kambaryje. Erdvioje d\u0117\u017e\u0117je su pakeliama s\u0117dyne tilps visi j\u016bs\u0173 daiktai ir b\u016btiniausi aksesuarai. Bat\u0173 spintel\u0117 garantuoja patog\u0173 ir be r\u016bpes\u010di\u0173 naudojim\u0105 bei viso baldo patvarum\u0105 daugel\u012f met\u0173. \u201eOlier\u201c bat\u0173 spintel\u0117 \u2013 tai puikus modernaus dizaino, auk\u0161to funkcionalumo ir kokyb\u0117s derinys. Bat\u0173 spintel\u0117 pagaminta i\u0161 vienos atviros lentynos ir apmu\u0161to atvarto, kuris atsidaro \u012f vir\u0161\u0173. Bat\u0173 spintel\u0117 pagaminta i\u0161 auk\u0161tos kokyb\u0117s 16 mm laminuotos plok\u0161t\u0117s, kuri yra atspari i\u0161oriniams veiksniams, tokiems kaip sumu\u0161imai, sm\u016bgiai ir \u012fbr\u0117\u017eimai. D\u0117l klasikin\u0117s formos ir universalumo \u201eOlier\u201c bat\u0173 spintel\u0117 puikiai dera su kitomis spalvomis, tod\u0117l \u201eOlier\u201c bat\u0173 spintel\u0117 su s\u0117dyne puikiai tinka bet kuriame prie\u0161kambaryje ar persirengimo kambaryje. Bald\u0105 taip pat galima naudoti miegamajame kaip patalyn\u0117s d\u0117\u017e\u0119. Bat\u0173 spintel\u0117s matmenys: auk\u0161tis: 50 cm, plotis: 62 cm, gylis: 40 cm.<\/p>","protected":false},"excerpt":{"rendered":"<p>plotis: 62 cm<br \/>\nauk\u0161tis: 50 cm<br \/>\ngylis: 40 cm<\/p>","protected":false},"featured_media":329932,"comment_status":"open","ping_status":"open","template":"","meta":[],"product_brand":[],"product_cat":[9235,1997],"product_tag":[],"class_list":{"0":"post-329931","1":"product","2":"type-product","3":"status-publish","4":"has-post-thumbnail","6":"product_cat-gib-meble","7":"product_cat-shoe-cabinets","9":"first","10":"instock","11":"purchasable","12":"product-type-simple"},"_links":{"self":[{"href":"https:\/\/baldumarket.lt\/lt\/wp-json\/wp\/v2\/product\/329931","targetHints":{"allow":["GET"]}}],"collection":[{"href":"https:\/\/baldumarket.lt\/lt\/wp-json\/wp\/v2\/product"}],"about":[{"href":"https:\/\/baldumarket.lt\/lt\/wp-json\/wp\/v2\/types\/product"}],"replies":[{"embeddable":true,"href":"https:\/\/baldumarket.lt\/lt\/wp-json\/wp\/v2\/comments?post=329931"}],"wp:featuredmedia":[{"embeddable":true,"href":"https:\/\/baldumarket.lt\/lt\/wp-json\/wp\/v2\/media\/329932"}],"wp:attachment":[{"href":"https:\/\/baldumarket.lt\/lt\/wp-json\/wp\/v2\/media?parent=329931"}],"wp:term":[{"taxonomy":"product_brand","embeddable":true,"href":"https:\/\/baldumarket.lt\/lt\/wp-json\/wp\/v2\/product_brand?post=329931"},{"taxonomy":"product_cat","embeddable":true,"href":"https:\/\/baldumarket.lt\/lt\/wp-json\/wp\/v2\/product_cat?post=329931"},{"taxonomy":"product_tag","embeddable":true,"href":"https:\/\/baldumarket.lt\/lt\/wp-json\/wp\/v2\/product_tag?post=329931"}],"curies":[{"name":"wp","href":"https:\/\/api.w.org\/{rel}","templated":true}]}}