{"id":329910,"date":"2026-01-16T22:48:34","date_gmt":"2026-01-16T19:48:34","guid":{"rendered":"https:\/\/baldumarket.lt\/product\/szafka-rtv-sula-150-cm-bezowa-elegancki-design-ozdobny-ryflowany-front-z-systemem-push-to-open-metalowe-wysokie-nogi\/"},"modified":"2026-02-11T18:01:30","modified_gmt":"2026-02-11T15:01:30","slug":"szafka-rtv-sula-150-cm-bezowa-elegancki-design-ozdobny-ryflowany-front-z-systemem-push-to-open-metalowe-wysokie-nogi","status":"publish","type":"product","link":"https:\/\/baldumarket.lt\/lt\/product\/szafka-rtv-sula-150-cm-bezowa-elegancki-design-ozdobny-ryflowany-front-z-systemem-push-to-open-metalowe-wysokie-nogi\/","title":{"rendered":"Sula TV spintel\u0117, 150 cm, sm\u0117lio spalvos, eleganti\u0161ko dizaino, dekoratyvinis grioveli\u0173 priekis su atidarymo stumiant sistema, auk\u0161tomis metalin\u0117mis kojel\u0117mis"},"content":{"rendered":"<p>150 cm sm\u0117lio spalvos \u201eSula\u201c televizoriaus staliukas \u2013 unikalus sprendimas norint sukurti \u012fsp\u016bding\u0105 i\u0161d\u0117stym\u0105.<br \/>\n\u0160is televizoriaus staliukas i\u0161 \u201eSula\u201c kolekcijos \u2013 tai \u017eavus geometrini\u0173 form\u0173, \u012fdomi\u0173 detali\u0173 ir subtili\u0173 spalv\u0173 derinys. \u0160is televizoriaus staliukas bet kuriam kambariui suteiks stiling\u0105 akcent\u0105, sukurdamas modern\u0173 ir unikal\u0173 \u012fsp\u016bd\u012f. Stovas pasi\u017eymi dekoratyviu, grioveliais i\u0161rai\u017eytu priekiu, kuris suteikia rafinuotumo ir elegancijos. Sm\u0117lio spalva puikiai dera su auksiniais ranken\u0173 kra\u0161tais, o auk\u0161tos kojel\u0117s dar labiau pabr\u0117\u017eia unikal\u0173 dizain\u0105.<br \/>\nGrioveli\u0173 fasadas pagamintas i\u0161 MDF plok\u0161t\u0117s. Korpusas pagamintas i\u0161 auk\u0161tos kokyb\u0117s 16 mm storio laminuotos plok\u0161t\u0117s, atsparios i\u0161oriniams veiksniams, tokiems kaip \u012flenkimai, sm\u016bgiai ir \u012fbr\u0117\u017eimai. Ne\u012fprastos konfig\u016bracijos atviros lentynos puikiai tinka televizoriaus \u012frangai ar \u017eaidim\u0173 konsolei. Baldo konstrukcija sutvirtinta eleganti\u0161komis metalin\u0117mis aukso sm\u0117lio spalvos kojel\u0117mis, suteikian\u010diomis baldui vizualinio lengvumo ir funkcionalumo.<br \/>\n\u201eSula\u201c televizoriaus staliukas \u2013 tai unikalaus dizaino gaminys, kuris leis sukurti \u012fsp\u016bding\u0105 interjero dizain\u0105.<br \/>\nTelevizoriaus staliukas turi vienas dureles ir du stal\u010dius. Televizoriaus staliuko durel\u0117s atsidaro be ranken\u0117li\u0173, paspaudus mygtuk\u0105. Be to, stal\u010diai turi kreipian\u010di\u0105sias su slopintuvu. \u0160ios sistemos padidina baldo komfort\u0105 ir saugum\u0105. Televizoriaus staliukas garantuoja patog\u0173 ir be r\u016bpes\u010di\u0173 naudojim\u0105 bei viso baldo patvarum\u0105 daugel\u012f met\u0173. Subtilus sm\u0117lio atspalvis puikiai dera su kitomis spalvomis, tod\u0117l \u201eSula\u201c baldai puikiai tinka bet kokiam interjerui.<br \/>\nModernus Sula televizoriaus staliukas<br \/>\n150 cm ilgio \u201eSula\u201c televizoriaus staliukas \u2013 eleganti\u0161kas ir funkcionalus baldas, kuris papuo\u0161 bet kok\u012f modern\u0173 interjer\u0105. Subtilios sm\u0117lio spalvos apdaila ir dekoratyvinis, grioveli\u0173 fasadas suteikia kambariui lengvumo ir subtilios elegancijos. Atidarymo stumiant sistema palengvina prieig\u0105 prie spintel\u0117s vidaus, panaikina matom\u0173 ranken\u0117li\u0173 poreik\u012f ir pabr\u0117\u017eia minimalistin\u012f jos charakter\u012f. Auk\u0161tos metalin\u0117s kojel\u0117s suteikia baldui modern\u0173 vaizd\u0105 ir u\u017etikrina stabilum\u0105. \u201eSula\u201c televizoriaus staliukas puikiai tinka svetain\u0117ms, miegamiesiems ar darbo erdv\u0117ms, kur jis bus ir prakti\u0161kas, ir stilingas.<br \/>\n\u201eSula\u201c televizoriaus staliukas idealiai tinka skandinavi\u0161kam, moderniam ir minimalistiniam interjerui. Jo prislopintos spalvos ir paprasta forma papildo \u0161viesius, erdvius skandinavi\u0161ko stiliaus interjerus, kuriuose pagrindin\u012f vaidmen\u012f atlieka nat\u016bralios med\u017eiagos ir funkcionalumas. Be to, minimalistinis staliuko dizainas be nereikaling\u0173 puo\u0161men\u0173 puikiai der\u0117s moderniuose interjeruose, kuriuose vertinamas paprastumas ir elegancija. Metalin\u0117s kojel\u0117s taip pat suteikia \u0161iek tiek industrinio \u017eavesio, tod\u0117l \u201eSula\u201c spintel\u0117 sukuria \u012fdom\u0173 kontrast\u0105 grie\u017etesn\u0117se, lofto stiliaus erdv\u0117se.<br \/>\nTelevizoriaus stalelio matmenys:<br \/>\nAuk\u0161tis: 52 cm<br \/>\nPlotis: 150 cm<br \/>\nGylis: 41 cm<\/p>","protected":false},"excerpt":{"rendered":"<p>plotis: 150 cm<br \/>\nauk\u0161tis: 52 cm<br \/>\ngylis: 41 cm<\/p>","protected":false},"featured_media":329911,"comment_status":"open","ping_status":"open","template":"","meta":[],"product_brand":[],"product_cat":[9235,1175],"product_tag":[],"class_list":{"0":"post-329910","1":"product","2":"type-product","3":"status-publish","4":"has-post-thumbnail","6":"product_cat-gib-meble","7":"product_cat-tv-stands","9":"first","10":"instock","11":"purchasable","12":"product-type-simple"},"_links":{"self":[{"href":"https:\/\/baldumarket.lt\/lt\/wp-json\/wp\/v2\/product\/329910","targetHints":{"allow":["GET"]}}],"collection":[{"href":"https:\/\/baldumarket.lt\/lt\/wp-json\/wp\/v2\/product"}],"about":[{"href":"https:\/\/baldumarket.lt\/lt\/wp-json\/wp\/v2\/types\/product"}],"replies":[{"embeddable":true,"href":"https:\/\/baldumarket.lt\/lt\/wp-json\/wp\/v2\/comments?post=329910"}],"wp:featuredmedia":[{"embeddable":true,"href":"https:\/\/baldumarket.lt\/lt\/wp-json\/wp\/v2\/media\/329911"}],"wp:attachment":[{"href":"https:\/\/baldumarket.lt\/lt\/wp-json\/wp\/v2\/media?parent=329910"}],"wp:term":[{"taxonomy":"product_brand","embeddable":true,"href":"https:\/\/baldumarket.lt\/lt\/wp-json\/wp\/v2\/product_brand?post=329910"},{"taxonomy":"product_cat","embeddable":true,"href":"https:\/\/baldumarket.lt\/lt\/wp-json\/wp\/v2\/product_cat?post=329910"},{"taxonomy":"product_tag","embeddable":true,"href":"https:\/\/baldumarket.lt\/lt\/wp-json\/wp\/v2\/product_tag?post=329910"}],"curies":[{"name":"wp","href":"https:\/\/api.w.org\/{rel}","templated":true}]}}