{"id":329893,"date":"2026-01-16T22:48:20","date_gmt":"2026-01-16T19:48:20","guid":{"rendered":"https:\/\/baldumarket.lt\/product\/regal-sula-80-cm-bezowy-elegancki-design-stabilne-wysokie-nogi-regal-z-drzwiami-do-salonu-ryflowany-front-z-systemem-push-to-open\/"},"modified":"2026-02-11T18:01:30","modified_gmt":"2026-02-11T15:01:30","slug":"regal-sula-80-cm-bezowy-elegancki-design-stabilne-wysokie-nogi-regal-z-drzwiami-do-salonu-ryflowany-front-z-systemem-push-to-open","status":"publish","type":"product","link":"https:\/\/baldumarket.lt\/lt\/product\/regal-sula-80-cm-bezowy-elegancki-design-stabilne-wysokie-nogi-regal-z-drzwiami-do-salonu-ryflowany-front-z-systemem-push-to-open\/","title":{"rendered":"Sula 80 cm sm\u0117lio spalvos knyg\u0173 lentyna, eleganti\u0161ko dizaino, stabilios auk\u0161tos kojel\u0117s, knyg\u0173 lentyna su durel\u0117mis svetainei, grioveliais i\u0161rai\u017eytas priekis su atidarymo spustel\u0117jus sistema"},"content":{"rendered":"<p>80 cm sm\u0117lio spalvos \u201eSula\u201c knyg\u0173 lentyna \u2013 unikalus sprendimas norint sukurti \u012fsp\u016bding\u0105 i\u0161d\u0117stym\u0105.<br \/>\n\u0160i \u201eSula\u201c kolekcijos knyg\u0173 lentyna \u2013 tai \u017eavus geometrini\u0173 form\u0173, \u012fdomi\u0173 detali\u0173 ir subtili\u0173 spalv\u0173 derinys. Knyg\u0173 lentyna bet kuriam kambariui suteiks stiling\u0105 akcent\u0105, suteikdama jam moderni\u0105 ir unikali\u0105 atmosfer\u0105. Knyg\u0173 lentynos dekoratyviniai, grioveliai suteikia rafinuotumo ir elegancijos. Sm\u0117lio spalva puikiai dera su auksiniais ranken\u0173 kra\u0161tais, o auk\u0161tos kojel\u0117s dar labiau pabr\u0117\u017eia unikal\u0173 dizain\u0105.<br \/>\nGrioveli\u0173 fasadas pagamintas i\u0161 MDF plok\u0161t\u0117s. Korpusas pagamintas i\u0161 auk\u0161tos kokyb\u0117s 16 mm storio laminuotos plok\u0161t\u0117s, kuri yra atspari i\u0161oriniams veiksniams, tokiems kaip \u012flenkimai, sm\u016bgiai ir \u012fbr\u0117\u017eimai. Baldo konstrukcija sutvirtinta eleganti\u0161komis metalin\u0117mis aukso sm\u0117lio spalvos kojel\u0117mis, suteikian\u010diomis konstrukcijai vizualinio lengvumo ir funkcionalumo.<br \/>\n\u201eSula\u201c knyg\u0173 lentyna \u2013 tai unikalaus dizaino, kuris leis sukurti efektyv\u0173 interjero dizain\u0105.<br \/>\nKnyg\u0173 spinta turi tris duris ir atviras lentynas. Grioveliais i\u0161dro\u017etos durys atidaromos naudojant ranken\u0117li\u0173 neturin\u010di\u0105 atidarymo stumiant sistem\u0105. \u0160iuolaikin\u0117s knyg\u0173 lentynos garantuoja patog\u0173 ir be r\u016bpes\u010di\u0173 naudojim\u0105 bei viso baldo patvarum\u0105 daugel\u012f met\u0173. Subtilus sm\u0117lio spalvos knyg\u0173 lentynos atspalvis puikiai dera su kitomis spalvomis, tod\u0117l \u201eSula\u201c knyg\u0173 lentynos puikiai tinka kaip svetain\u0117s ar vaik\u0173 kambario knyg\u0173 lentynos. Knyg\u0173 lentynos su lentynomis taip pat puikiai tinka kaip biuro knyg\u0173 lentynos.<br \/>\n80 cm Sula knyg\u0173 lentyna<br \/>\n80 cm plo\u010dio \u201eSula\u201c knyg\u0173 lentyna \u2013 eleganti\u0161kas ir funkcionalus baldas, kuris neabejotinai papuo\u0161 bet kok\u012f modern\u0173 interjer\u0105. Sm\u0117lio spalvos gama ir dekoratyviniai, grioveliai ant fasado suteikia jai unikal\u0173 charakter\u012f. Auk\u0161tos, stabilios kojel\u0117s suteikia lentynai lengvumo ir modernumo. Atidarymo stumiant sistema leid\u017eia durel\u0117ms atsidaryti skland\u017eiai ir be ranken\u0173, taip pabr\u0117\u017eiant minimalistin\u012f dizain\u0105. Papildomos lentynos leid\u017eia patogiai laikyti knygas, dekoracijas ir kitus smulkius daiktus, padeda palaikyti tvark\u0105 svetain\u0117je ar biure.<br \/>\n\u201eSula\u201c knyg\u0173 lentyna puikiai dera prie skandinavi\u0161ko, modernaus ir minimalistinio interjero. Subtilios spalvos ir paprasta forma puikiai dera prie \u0161viesi\u0173, erdvi\u0173 skandinavi\u0161ko stiliaus kambari\u0173, kuriuose vyrauja nat\u016bralios med\u017eiagos ir prislopinti tonai. Moderniame interjere knyg\u0173 lentyna bus eleganti\u0161kas akcentas, suteikiantis erdvei lengvumo ir stiliaus poj\u016bt\u012f. Minimalistiniame interjere jos funkcionalumas ir estetika puikiai der\u0117s su kitais baldais, sukurdami darni\u0105 ir harmoning\u0105 erdv\u0119. D\u0117l universalaus dizaino \u201eSula\u201c knyg\u0173 lentyna yra universalus baldas, kuris s\u0117kmingai papildys \u012fvairius interjero stilius.<br \/>\nLentynos matmenys:<br \/>\n\u016agis: 190 cm<br \/>\nPlotis: 80 cm<br \/>\nGylis: 41 cm<\/p>","protected":false},"excerpt":{"rendered":"<p>plotis: 80 cm<br \/>\nauk\u0161tis: 190 cm<br \/>\ngylis: 41 cm<\/p>","protected":false},"featured_media":329894,"comment_status":"open","ping_status":"open","template":"","meta":[],"product_brand":[],"product_cat":[9235,1177],"product_tag":[],"class_list":{"0":"post-329893","1":"product","2":"type-product","3":"status-publish","4":"has-post-thumbnail","6":"product_cat-gib-meble","7":"product_cat-wardrobes","9":"first","10":"instock","11":"purchasable","12":"product-type-simple"},"_links":{"self":[{"href":"https:\/\/baldumarket.lt\/lt\/wp-json\/wp\/v2\/product\/329893","targetHints":{"allow":["GET"]}}],"collection":[{"href":"https:\/\/baldumarket.lt\/lt\/wp-json\/wp\/v2\/product"}],"about":[{"href":"https:\/\/baldumarket.lt\/lt\/wp-json\/wp\/v2\/types\/product"}],"replies":[{"embeddable":true,"href":"https:\/\/baldumarket.lt\/lt\/wp-json\/wp\/v2\/comments?post=329893"}],"wp:featuredmedia":[{"embeddable":true,"href":"https:\/\/baldumarket.lt\/lt\/wp-json\/wp\/v2\/media\/329894"}],"wp:attachment":[{"href":"https:\/\/baldumarket.lt\/lt\/wp-json\/wp\/v2\/media?parent=329893"}],"wp:term":[{"taxonomy":"product_brand","embeddable":true,"href":"https:\/\/baldumarket.lt\/lt\/wp-json\/wp\/v2\/product_brand?post=329893"},{"taxonomy":"product_cat","embeddable":true,"href":"https:\/\/baldumarket.lt\/lt\/wp-json\/wp\/v2\/product_cat?post=329893"},{"taxonomy":"product_tag","embeddable":true,"href":"https:\/\/baldumarket.lt\/lt\/wp-json\/wp\/v2\/product_tag?post=329893"}],"curies":[{"name":"wp","href":"https:\/\/api.w.org\/{rel}","templated":true}]}}