{"id":329886,"date":"2026-01-16T22:48:14","date_gmt":"2026-01-16T19:48:14","guid":{"rendered":"https:\/\/baldumarket.lt\/product\/komoda-z-szufladami-sula-150-cm-czarna-elegancka-i-funkcjonalna-komoda-z-ozdobnymi-ryflowanymi-frontami-i-metalowymi-uchwytami\/"},"modified":"2026-02-11T18:01:30","modified_gmt":"2026-02-11T15:01:30","slug":"komoda-z-szufladami-sula-150-cm-czarna-elegancka-i-funkcjonalna-komoda-z-ozdobnymi-ryflowanymi-frontami-i-metalowymi-uchwytami","status":"publish","type":"product","link":"https:\/\/baldumarket.lt\/lt\/product\/komoda-z-szufladami-sula-150-cm-czarna-elegancka-i-funkcjonalna-komoda-z-ozdobnymi-ryflowanymi-frontami-i-metalowymi-uchwytami\/","title":{"rendered":"Sula komoda 150 cm juoda, eleganti\u0161ka ir funkcionali komoda su dekoratyviniais grioveliais fasaduose ir metalin\u0117mis rankenomis"},"content":{"rendered":"<p>150 cm ilgio juodos spalvos komoda \u201eSula\u201c \u2013 unikalus pasirinkimas norint sukurti \u012fsp\u016bding\u0105 interjero dizain\u0105.<br \/>\n\u201eSula\u201c kolekcijos komoda \u2013 tai \u017eavus geometrini\u0173 form\u0173, \u012fdomi\u0173 detali\u0173 ir ry\u0161ki\u0173 spalv\u0173 derinys. Komoda bet kuriam kambariui suteiks stiling\u0105 akcent\u0105, suteikdama jam moderni\u0105 ir unikali\u0105 atmosfer\u0105. Komodos fasadai dekoratyv\u016bs, grioveliai suteikia rafinuotumo ir elegancijos. Juoda spalva puikiai dera su auksin\u0117mis ranken\u0117l\u0117mis, o auk\u0161tos kojel\u0117s dar labiau pabr\u0117\u017eia unikal\u0173 dizain\u0105.<br \/>\nGrioveliais dekoruoti fasadai pagaminti i\u0161 MDF plok\u0161t\u0117s. Korpusas pagamintas i\u0161 auk\u0161tos kokyb\u0117s 16 mm storio laminuotos plok\u0161t\u0117s, atsparios i\u0161oriniams veiksniams, tokiems kaip \u012flenkimai, sm\u016bgiai ir \u012fbr\u0117\u017eimai. Baldo konstrukcija sutvirtinta skoningomis metalin\u0117mis aukso sm\u0117lio spalvos kojel\u0117mis, suteikian\u010diomis formai vizualinio lengvumo ir funkcionalumo.<br \/>\nKomoda \u201eSula\u201c \u2013 tai unikalaus dizaino, kuris leis sukurti efektyv\u0173 interjero dizain\u0105.<br \/>\nKomoda turi dvi duris ir tris stal\u010dius. Durys atsidaro be ranken\u0117li\u0173, jas paspaudus galima atidaryti. Be to, stal\u010diai turi b\u0117gelius su slopintuvu. \u0160ios sistemos padidina bald\u0173 naudojimo komfort\u0105 ir saugum\u0105. Nesenstanti juoda spalva puikiai dera su kitomis spalvomis, tod\u0117l komoda \u201eSula\u201c yra ideali vieta svetainei, miegamajam ar miegamajam. Komoda taip pat puikiai tiks kaip biuro baldas.<br \/>\nKomodos matmenys:<br \/>\nAuk\u0161tis: 80 cm<br \/>\nPlotis: 150 cm<br \/>\nGylis: 41 cm<\/p>","protected":false},"excerpt":{"rendered":"<p>plotis: 150 cm<br \/>\nauk\u0161tis: 80 cm<br \/>\ngylis: 41 cm<\/p>","protected":false},"featured_media":329887,"comment_status":"open","ping_status":"open","template":"","meta":[],"product_brand":[],"product_cat":[9235,1173],"product_tag":[],"class_list":{"0":"post-329886","1":"product","2":"type-product","3":"status-publish","4":"has-post-thumbnail","6":"product_cat-gib-meble","7":"product_cat-chests-of-drawers","9":"first","10":"instock","11":"purchasable","12":"product-type-simple"},"_links":{"self":[{"href":"https:\/\/baldumarket.lt\/lt\/wp-json\/wp\/v2\/product\/329886","targetHints":{"allow":["GET"]}}],"collection":[{"href":"https:\/\/baldumarket.lt\/lt\/wp-json\/wp\/v2\/product"}],"about":[{"href":"https:\/\/baldumarket.lt\/lt\/wp-json\/wp\/v2\/types\/product"}],"replies":[{"embeddable":true,"href":"https:\/\/baldumarket.lt\/lt\/wp-json\/wp\/v2\/comments?post=329886"}],"wp:featuredmedia":[{"embeddable":true,"href":"https:\/\/baldumarket.lt\/lt\/wp-json\/wp\/v2\/media\/329887"}],"wp:attachment":[{"href":"https:\/\/baldumarket.lt\/lt\/wp-json\/wp\/v2\/media?parent=329886"}],"wp:term":[{"taxonomy":"product_brand","embeddable":true,"href":"https:\/\/baldumarket.lt\/lt\/wp-json\/wp\/v2\/product_brand?post=329886"},{"taxonomy":"product_cat","embeddable":true,"href":"https:\/\/baldumarket.lt\/lt\/wp-json\/wp\/v2\/product_cat?post=329886"},{"taxonomy":"product_tag","embeddable":true,"href":"https:\/\/baldumarket.lt\/lt\/wp-json\/wp\/v2\/product_tag?post=329886"}],"curies":[{"name":"wp","href":"https:\/\/api.w.org\/{rel}","templated":true}]}}