{"id":329867,"date":"2026-01-16T22:47:58","date_gmt":"2026-01-16T19:47:58","guid":{"rendered":"https:\/\/baldumarket.lt\/product\/stolik-kawowy-sula-czarny-elegancki-design-stolik-osadzony-na-metalowej-podstawie-blat-odporny-na-rozlanie-cieczy\/"},"modified":"2026-02-11T18:01:31","modified_gmt":"2026-02-11T15:01:31","slug":"stolik-kawowy-sula-czarny-elegancki-design-stolik-osadzony-na-metalowej-podstawie-blat-odporny-na-rozlanie-cieczy","status":"publish","type":"product","link":"https:\/\/baldumarket.lt\/lt\/product\/stolik-kawowy-sula-czarny-elegancki-design-stolik-osadzony-na-metalowej-podstawie-blat-odporny-na-rozlanie-cieczy\/","title":{"rendered":"Sula kavos staliukas, juodas, eleganti\u0161ko dizaino, staliukas tvirtinamas ant metalinio pagrindo, atsparus i\u0161siliejimui stalvir\u0161is"},"content":{"rendered":"<p>Juodas kavos staliukas \u201eSula\u201c \u2013 tai unikalus sprendimas norint sukurti \u012fsp\u016bding\u0105 i\u0161d\u0117stym\u0105.<br \/>\n\u201eSula\u201c kavos staliukas \u2013 tai \u017eavus geometrini\u0173 form\u0173 ir ry\u0161ki\u0173 spalv\u0173 derinys. Juoda konstrukcijos spalva puikiai dera su auk\u0161tomis auksin\u0117s sm\u0117lio spalvos kojel\u0117mis, suteikdama kavos staliukui vizualinio lengvumo ir funkcionalumo. Atviros lentynos po stalvir\u0161iu suteikia papildomos erdv\u0117s. Unikalus kavos staliuko dizainas tiks net ir i\u0161rankiausiam interjerui.<br \/>\nKavos staliukas pagamintas i\u0161 auk\u0161tos kokyb\u0117s 16 mm laminuotos plok\u0161t\u0117s, kuri yra atspari i\u0161oriniams veiksniams, tokiems kaip \u012flenkimai, sm\u016bgiai ir \u012fbr\u0117\u017eimai. Visa konstrukcija paremta metaliniu pagrindu.<br \/>\n\u201eSula\u201c kavos staliukas \u2013 tai unikalaus dizaino staliukas, kuris leis jums sukurti \u012fsp\u016bding\u0105 interjero dizain\u0105. Kavos staliukas turi plat\u0173, vandeniui atspar\u0173 stalvir\u0161\u012f ir lentynas apa\u010dioje. Kavos staliukas garantuoja patog\u0173 ir be r\u016bpes\u010di\u0173 naudojim\u0105 bei viso baldo patvarum\u0105 daugel\u012f met\u0173. Nesenstanti juoda spalva puikiai dera su kitomis spalvomis, tod\u0117l modern\u016bs \u201eSula\u201c kavos staliukai puikiai tinka bet kokiam interjerui.<br \/>\nKavos staliuko matmenys:<br \/>\nAuk\u0161tis: 45 cm<br \/>\nPlotis: 100 cm<br \/>\nGylis: 60 cm<\/p>","protected":false},"excerpt":{"rendered":"<p>plotis: 100 cm<br \/>\nauk\u0161tis: 45 cm<br \/>\ngylis: 60 cm<\/p>","protected":false},"featured_media":329868,"comment_status":"open","ping_status":"open","template":"","meta":[],"product_brand":[],"product_cat":[9235,866],"product_tag":[],"class_list":{"0":"post-329867","1":"product","2":"type-product","3":"status-publish","4":"has-post-thumbnail","6":"product_cat-gib-meble","7":"product_cat-coffee-tables","9":"first","10":"instock","11":"purchasable","12":"product-type-simple"},"_links":{"self":[{"href":"https:\/\/baldumarket.lt\/lt\/wp-json\/wp\/v2\/product\/329867","targetHints":{"allow":["GET"]}}],"collection":[{"href":"https:\/\/baldumarket.lt\/lt\/wp-json\/wp\/v2\/product"}],"about":[{"href":"https:\/\/baldumarket.lt\/lt\/wp-json\/wp\/v2\/types\/product"}],"replies":[{"embeddable":true,"href":"https:\/\/baldumarket.lt\/lt\/wp-json\/wp\/v2\/comments?post=329867"}],"wp:featuredmedia":[{"embeddable":true,"href":"https:\/\/baldumarket.lt\/lt\/wp-json\/wp\/v2\/media\/329868"}],"wp:attachment":[{"href":"https:\/\/baldumarket.lt\/lt\/wp-json\/wp\/v2\/media?parent=329867"}],"wp:term":[{"taxonomy":"product_brand","embeddable":true,"href":"https:\/\/baldumarket.lt\/lt\/wp-json\/wp\/v2\/product_brand?post=329867"},{"taxonomy":"product_cat","embeddable":true,"href":"https:\/\/baldumarket.lt\/lt\/wp-json\/wp\/v2\/product_cat?post=329867"},{"taxonomy":"product_tag","embeddable":true,"href":"https:\/\/baldumarket.lt\/lt\/wp-json\/wp\/v2\/product_tag?post=329867"}],"curies":[{"name":"wp","href":"https:\/\/api.w.org\/{rel}","templated":true}]}}