{"id":329861,"date":"2026-01-16T22:47:54","date_gmt":"2026-01-16T19:47:54","guid":{"rendered":"https:\/\/baldumarket.lt\/product\/komoda-wysoka-sula-80-cm-czarna-elegancka-i-funkcjonalna-komoda-z-szufladami-z-ryflowanym-frontem-wzbogacona-o-metalowe-uchwyty\/"},"modified":"2026-02-11T18:01:31","modified_gmt":"2026-02-11T15:01:31","slug":"komoda-wysoka-sula-80-cm-czarna-elegancka-i-funkcjonalna-komoda-z-szufladami-z-ryflowanym-frontem-wzbogacona-o-metalowe-uchwyty","status":"publish","type":"product","link":"https:\/\/baldumarket.lt\/lt\/product\/komoda-wysoka-sula-80-cm-czarna-elegancka-i-funkcjonalna-komoda-z-szufladami-z-ryflowanym-frontem-wzbogacona-o-metalowe-uchwyty\/","title":{"rendered":"Auk\u0161ta komoda \u201eSula\u201c, 80 cm, juoda, eleganti\u0161ka ir funkcionali komoda su grioveliuotu priekiu, praturtintu metalin\u0117mis rankenomis"},"content":{"rendered":"<p>80 cm plo\u010dio juodos spalvos komoda \u201eSula\u201c \u2013 unikalus pasirinkimas norint sukurti \u012fsp\u016bding\u0105 bald\u0173 i\u0161d\u0117stym\u0105.<br \/>\n\u201eSula\u201c kolekcijos komoda \u2013 tai \u017eavus geometrini\u0173 form\u0173, \u012fdomi\u0173 detali\u0173 ir ry\u0161ki\u0173 spalv\u0173 derinys. Komoda bet kuriam kambariui suteiks stiling\u0105 akcent\u0105, suteikdama jam moderni\u0105 ir unikali\u0105 atmosfer\u0105. Komodos fasadas pasi\u017eymi dekoratyviniu, grioveliais, kurie suteikia jai subtilumo ir elegancijos. Juoda spalva puikiai dera su auksin\u0117mis ranken\u0117l\u0117mis, o auk\u0161tos kojel\u0117s dar labiau pabr\u0117\u017eia unikal\u0173 dizain\u0105.<br \/>\nGrioveli\u0173 fasadas pagamintas i\u0161 MDF plok\u0161t\u0117s. Korpusas pagamintas i\u0161 auk\u0161tos kokyb\u0117s 16 mm storio laminuotos plok\u0161t\u0117s, atsparios i\u0161oriniams veiksniams, tokiems kaip \u012flenkimai, sm\u016bgiai ir \u012fbr\u0117\u017eimai. Prakti\u0161kos, atviros lentynos leid\u017eia eksponuoti aksesuarus, kurie papildys j\u016bs\u0173 svetain\u0117s interjer\u0105. Baldo konstrukcija sutvirtinta eleganti\u0161komis metalin\u0117mis aukso sm\u0117lio spalvos kojel\u0117mis, suteikian\u010diomis formai vizualinio lengvumo ir funkcionalumo.<br \/>\nKomoda \u201eSula\u201c \u2013 tai unikalaus dizaino, kuris leis sukurti efektyv\u0173 interjero dizain\u0105.<br \/>\nKomoda susideda i\u0161 vien\u0173 dureli\u0173 ir dviej\u0173 stal\u010di\u0173. Durel\u0117s atidaromos naudojant ranken\u0117li\u0173 neturin\u010di\u0105 atidarymo stumiant sistem\u0105. Be to, stal\u010diai turi b\u0117geles su slopintuvu. \u0160ios sistemos padidina bald\u0173 naudojimo komfort\u0105 ir saugum\u0105. Nesenstanti juoda spalva puikiai dera su kitomis spalvomis, tod\u0117l komoda \u201eSula\u201c idealiai tinka kaip svetain\u0117s komoda, svetain\u0117s spintel\u0117 arba miegamojo komoda. Komoda taip pat puikiai tinka kaip biuro baldas. D\u0117l atviros erdv\u0117s su lentynomis, j\u0105 taip pat galima naudoti kaip knyg\u0173 lentyn\u0105 arba biuro lentyn\u0105.<br \/>\nKomodos matmenys:<br \/>\nAuk\u0161tis: 140 cm<br \/>\nPlotis: 80 cm<br \/>\nGylis: 41 cm<\/p>","protected":false},"excerpt":{"rendered":"<p>plotis: 80 cm<br \/>\nauk\u0161tis: 140 cm<br \/>\ngylis: 41 cm<\/p>","protected":false},"featured_media":329862,"comment_status":"open","ping_status":"open","template":"","meta":[],"product_brand":[],"product_cat":[9235,1173],"product_tag":[],"class_list":{"0":"post-329861","1":"product","2":"type-product","3":"status-publish","4":"has-post-thumbnail","6":"product_cat-gib-meble","7":"product_cat-chests-of-drawers","9":"first","10":"instock","11":"purchasable","12":"product-type-simple"},"_links":{"self":[{"href":"https:\/\/baldumarket.lt\/lt\/wp-json\/wp\/v2\/product\/329861","targetHints":{"allow":["GET"]}}],"collection":[{"href":"https:\/\/baldumarket.lt\/lt\/wp-json\/wp\/v2\/product"}],"about":[{"href":"https:\/\/baldumarket.lt\/lt\/wp-json\/wp\/v2\/types\/product"}],"replies":[{"embeddable":true,"href":"https:\/\/baldumarket.lt\/lt\/wp-json\/wp\/v2\/comments?post=329861"}],"wp:featuredmedia":[{"embeddable":true,"href":"https:\/\/baldumarket.lt\/lt\/wp-json\/wp\/v2\/media\/329862"}],"wp:attachment":[{"href":"https:\/\/baldumarket.lt\/lt\/wp-json\/wp\/v2\/media?parent=329861"}],"wp:term":[{"taxonomy":"product_brand","embeddable":true,"href":"https:\/\/baldumarket.lt\/lt\/wp-json\/wp\/v2\/product_brand?post=329861"},{"taxonomy":"product_cat","embeddable":true,"href":"https:\/\/baldumarket.lt\/lt\/wp-json\/wp\/v2\/product_cat?post=329861"},{"taxonomy":"product_tag","embeddable":true,"href":"https:\/\/baldumarket.lt\/lt\/wp-json\/wp\/v2\/product_tag?post=329861"}],"curies":[{"name":"wp","href":"https:\/\/api.w.org\/{rel}","templated":true}]}}