{"id":329855,"date":"2026-01-16T22:47:50","date_gmt":"2026-01-16T19:47:50","guid":{"rendered":"https:\/\/baldumarket.lt\/product\/regal-sula-80-cm-czarny-elegancki-design-stabilne-wysokie-nogi-regal-z-drzwiami-do-salonu-ryflowany-front-z-systemem-push-to-open\/"},"modified":"2026-02-11T18:01:31","modified_gmt":"2026-02-11T15:01:31","slug":"regal-sula-80-cm-czarny-elegancki-design-stabilne-wysokie-nogi-regal-z-drzwiami-do-salonu-ryflowany-front-z-systemem-push-to-open","status":"publish","type":"product","link":"https:\/\/baldumarket.lt\/lt\/product\/regal-sula-80-cm-czarny-elegancki-design-stabilne-wysokie-nogi-regal-z-drzwiami-do-salonu-ryflowany-front-z-systemem-push-to-open\/","title":{"rendered":"Sula knyg\u0173 lentyna, 80 cm, juoda, eleganti\u0161ko dizaino, stabili, auk\u0161ta kojele, su durel\u0117mis svetainei, grioveliais priekyje ir atidarymo stumiant sistema"},"content":{"rendered":"<p>80 cm plo\u010dio juodos spalvos \u201eSula\u201c knyg\u0173 lentyna \u2013 tai unikalus sprendimas norint sukurti \u012fsp\u016bding\u0105 i\u0161d\u0117stym\u0105.<br \/>\n\u0160i \u201eSula\u201c kolekcijos knyg\u0173 lentyna \u2013 tai \u017eavus geometrini\u0173 form\u0173, \u012fdomi\u0173 detali\u0173 ir ry\u0161ki\u0173 spalv\u0173 derinys. Knyg\u0173 lentyna bet kuriam kambariui suteiks stiling\u0105 akcent\u0105, suteikdama jam moderni\u0105 ir unikali\u0105 atmosfer\u0105. Knyg\u0173 lentynos dekoratyviniai, grioveliai suteikia rafinuotumo ir elegancijos. Juoda spalva puikiai dera su auksiniais ranken\u0173 kra\u0161tais, o auk\u0161tos kojel\u0117s dar labiau pabr\u0117\u017eia unikal\u0173 dizain\u0105.<br \/>\nGrioveli\u0173 fasadas pagamintas i\u0161 MDF plok\u0161t\u0117s. Korpusas pagamintas i\u0161 auk\u0161tos kokyb\u0117s 16 mm storio laminuotos plok\u0161t\u0117s, kuri yra atspari i\u0161oriniams veiksniams, tokiems kaip \u012flenkimai, sm\u016bgiai ir \u012fbr\u0117\u017eimai. Baldo konstrukcija sutvirtinta eleganti\u0161komis metalin\u0117mis aukso sm\u0117lio spalvos kojel\u0117mis, suteikian\u010diomis konstrukcijai vizualinio lengvumo ir funkcionalumo.<br \/>\n\u201eSula\u201c knyg\u0173 lentyna \u2013 tai unikalaus dizaino, kuris leis sukurti efektyv\u0173 interjero dizain\u0105.<br \/>\nKnyg\u0173 spinta turi tris duris ir atviras lentynas. Grioveliais i\u0161dro\u017etos durys atidaromos naudojant ranken\u0117li\u0173 neturin\u010di\u0105 atidarymo stumiant sistem\u0105. \u0160iuolaikin\u0117s knyg\u0173 lentynos garantuoja patog\u0173 ir be r\u016bpes\u010di\u0173 naudojim\u0105 bei viso baldo patvarum\u0105 daugel\u012f met\u0173. Nesenstanti juoda knyg\u0173 lentynos spalva puikiai dera su kitomis spalvomis, tod\u0117l \u201eSula\u201c knyg\u0173 lentynos puikiai tinka kaip svetain\u0117s ar vaik\u0173 kambario knyg\u0173 lentynos. Knyg\u0173 lentynos su lentynomis taip pat puikiai tiks kaip biuro knyg\u0173 lentynos.<br \/>\nKnyg\u0173 lentynos matmenys:<br \/>\n\u016agis: 190 cm<br \/>\nPlotis: 80 cm<br \/>\nGylis: 41 cm<\/p>","protected":false},"excerpt":{"rendered":"<p>plotis: 80 cm<br \/>\nauk\u0161tis: 190 cm<br \/>\ngylis: 41 cm<\/p>","protected":false},"featured_media":329856,"comment_status":"open","ping_status":"open","template":"","meta":[],"product_brand":[],"product_cat":[9235,1177],"product_tag":[],"class_list":{"0":"post-329855","1":"product","2":"type-product","3":"status-publish","4":"has-post-thumbnail","6":"product_cat-gib-meble","7":"product_cat-wardrobes","9":"first","10":"instock","11":"purchasable","12":"product-type-simple"},"_links":{"self":[{"href":"https:\/\/baldumarket.lt\/lt\/wp-json\/wp\/v2\/product\/329855","targetHints":{"allow":["GET"]}}],"collection":[{"href":"https:\/\/baldumarket.lt\/lt\/wp-json\/wp\/v2\/product"}],"about":[{"href":"https:\/\/baldumarket.lt\/lt\/wp-json\/wp\/v2\/types\/product"}],"replies":[{"embeddable":true,"href":"https:\/\/baldumarket.lt\/lt\/wp-json\/wp\/v2\/comments?post=329855"}],"wp:featuredmedia":[{"embeddable":true,"href":"https:\/\/baldumarket.lt\/lt\/wp-json\/wp\/v2\/media\/329856"}],"wp:attachment":[{"href":"https:\/\/baldumarket.lt\/lt\/wp-json\/wp\/v2\/media?parent=329855"}],"wp:term":[{"taxonomy":"product_brand","embeddable":true,"href":"https:\/\/baldumarket.lt\/lt\/wp-json\/wp\/v2\/product_brand?post=329855"},{"taxonomy":"product_cat","embeddable":true,"href":"https:\/\/baldumarket.lt\/lt\/wp-json\/wp\/v2\/product_cat?post=329855"},{"taxonomy":"product_tag","embeddable":true,"href":"https:\/\/baldumarket.lt\/lt\/wp-json\/wp\/v2\/product_tag?post=329855"}],"curies":[{"name":"wp","href":"https:\/\/api.w.org\/{rel}","templated":true}]}}