{"id":329845,"date":"2026-01-16T22:47:42","date_gmt":"2026-01-16T19:47:42","guid":{"rendered":"https:\/\/baldumarket.lt\/product\/stolik-kawowy-tutti-bialy-z-szufladami-prosta-forma-wsparta-na-metalowej-podstawie-blat-odporny-na-rozlanie-cieczy\/"},"modified":"2026-02-11T18:01:31","modified_gmt":"2026-02-11T15:01:31","slug":"stolik-kawowy-tutti-bialy-z-szufladami-prosta-forma-wsparta-na-metalowej-podstawie-blat-odporny-na-rozlanie-cieczy","status":"publish","type":"product","link":"https:\/\/baldumarket.lt\/lt\/product\/stolik-kawowy-tutti-bialy-z-szufladami-prosta-forma-wsparta-na-metalowej-podstawie-blat-odporny-na-rozlanie-cieczy\/","title":{"rendered":"Baltas \u201eTutti\u201c kavos staliukas su stal\u010diais, paprastos formos, paremtas metaliniu pagrindu, atsparus i\u0161siliejimui stalvir\u0161is"},"content":{"rendered":"<p>Baltas kavos staliukas \u201eTutti\u201c \u2013 stilingas, minimalistinio dizaino baldas.<br \/>\n\u201eTutti\u201c kolekcijos kavos staliukas \u2013 tai \u017eavus geometrini\u0173 form\u0173 ir subtili\u0173 spalv\u0173 derinys. Lygus, be ranken\u0117li\u0173 fasad\u0173 pavir\u0161ius suteikia kavos staliuko kompozicijai darnumo ir minimalistikos. Lieknos metalin\u0117s kojel\u0117s suteikia lengvumo ir kartu sukuria \u012fdom\u0173 kontrast\u0105 su paprastai stalo forma. \u201eTutti\u201c kolekcijos baldai puikiai tinka svetainei, miegamajam ar net prie\u0161kambariui, suteikdami erdvei elegancijos ir modernumo.<br \/>\nKavos staliukas pagamintas i\u0161 auk\u0161tos kokyb\u0117s 16 mm laminuotos plok\u0161t\u0117s, kuri yra atspari i\u0161oriniams veiksniams, tokiems kaip \u012flenkimai, sm\u016bgiai ir \u012fbr\u0117\u017eimai. Papildomas stalo privalumas \u2013 stal\u010di\u0173 atidarymo sistema be ranken\u0117li\u0173, kuri\u0105 galima atidaryti spustel\u0117jus. Tiksli apdaila ir d\u0117mesys detal\u0117ms u\u017etikrina, kad \u201eTutti\u201c kavos staliukas daugel\u012f met\u0173 i\u0161laikys gra\u017ei\u0105 i\u0161vaizd\u0105 nepakenkdamas savo funkcionalumui.<br \/>\n\u201eTutti\u201c kavos staliukas pasi\u017eymi paprasta forma, kuri sukuria modernius, ta\u010diau skoningus i\u0161d\u0117stymus.<br \/>\nKavos staliukas turi du stal\u010dius. \u2019Tutti\u201c kavos staliukas buvo sukurtas atsi\u017evelgiant \u012f funkcionalum\u0105 ir prakti\u0161kum\u0105, u\u017etikrinant kasdien\u012f funkcionalum\u0105 ir daug vietos daiktams susid\u0117ti. Nesenstanti balta spalva papildys klasikinius i\u0161d\u0117stymus, tod\u0117l \u0161ie modern\u016bs kavos staliukai idealiai tinka kaip staliukai svetainei ar paaugli\u0173 kambariui. Modern\u016bs kavos staliukai taip pat puikiai tiks kaip nedidelis kavos staliukas.<br \/>\nKavos staliuko matmenys:<br \/>\nAuk\u0161tis: 47 cm<br \/>\nPlotis: 100 cm<br \/>\nGylis: 60 cm<\/p>","protected":false},"excerpt":{"rendered":"<p>plotis: 100 cm<br \/>\nauk\u0161tis: 47 cm<br \/>\ngylis: 60 cm<\/p>","protected":false},"featured_media":329846,"comment_status":"open","ping_status":"open","template":"","meta":[],"product_brand":[],"product_cat":[9235,866],"product_tag":[],"class_list":{"0":"post-329845","1":"product","2":"type-product","3":"status-publish","4":"has-post-thumbnail","6":"product_cat-gib-meble","7":"product_cat-coffee-tables","9":"first","10":"instock","11":"purchasable","12":"product-type-simple"},"_links":{"self":[{"href":"https:\/\/baldumarket.lt\/lt\/wp-json\/wp\/v2\/product\/329845","targetHints":{"allow":["GET"]}}],"collection":[{"href":"https:\/\/baldumarket.lt\/lt\/wp-json\/wp\/v2\/product"}],"about":[{"href":"https:\/\/baldumarket.lt\/lt\/wp-json\/wp\/v2\/types\/product"}],"replies":[{"embeddable":true,"href":"https:\/\/baldumarket.lt\/lt\/wp-json\/wp\/v2\/comments?post=329845"}],"wp:featuredmedia":[{"embeddable":true,"href":"https:\/\/baldumarket.lt\/lt\/wp-json\/wp\/v2\/media\/329846"}],"wp:attachment":[{"href":"https:\/\/baldumarket.lt\/lt\/wp-json\/wp\/v2\/media?parent=329845"}],"wp:term":[{"taxonomy":"product_brand","embeddable":true,"href":"https:\/\/baldumarket.lt\/lt\/wp-json\/wp\/v2\/product_brand?post=329845"},{"taxonomy":"product_cat","embeddable":true,"href":"https:\/\/baldumarket.lt\/lt\/wp-json\/wp\/v2\/product_cat?post=329845"},{"taxonomy":"product_tag","embeddable":true,"href":"https:\/\/baldumarket.lt\/lt\/wp-json\/wp\/v2\/product_tag?post=329845"}],"curies":[{"name":"wp","href":"https:\/\/api.w.org\/{rel}","templated":true}]}}