{"id":329834,"date":"2026-01-16T22:47:34","date_gmt":"2026-01-16T19:47:34","guid":{"rendered":"https:\/\/baldumarket.lt\/product\/szafka-rtv-tutti-100-cm-biala-prosta-forma-szafki-osadzona-na-metalowej-podstawie-w-kolorze-czarnym-elegancka-stylistyka\/"},"modified":"2026-02-11T18:01:31","modified_gmt":"2026-02-11T15:01:31","slug":"szafka-rtv-tutti-100-cm-biala-prosta-forma-szafki-osadzona-na-metalowej-podstawie-w-kolorze-czarnym-elegancka-stylistyka","status":"publish","type":"product","link":"https:\/\/baldumarket.lt\/lt\/product\/szafka-rtv-tutti-100-cm-biala-prosta-forma-szafki-osadzona-na-metalowej-podstawie-w-kolorze-czarnym-elegancka-stylistyka\/","title":{"rendered":"\u201eTutti\u201c televizoriaus spintel\u0117, 100 cm, balta, paprastos formos, sumontuota ant juodo metalinio pagrindo, eleganti\u0161ko stiliaus"},"content":{"rendered":"<p>100 cm plo\u010dio baltas \u201eTutti\u201c televizoriaus staliukas \u2013 stilingas, minimalistinio dizaino baldas.<br \/>\n\u0160is \u201eTutti\u201c kolekcijos televizoriaus staliukas \u2013 tai \u017eavus geometrini\u0173 form\u0173 ir subtili\u0173 spalv\u0173 derinys. Lygus, be ranken\u0117li\u0173 fasad\u0173 pavir\u0161ius sukuria vientis\u0105 ir minimalistin\u012f televizoriaus staliuko kompozicij\u0105. Lieknos metalin\u0117s kojel\u0117s suteikia lengvumo ir kartu sukuria \u012fdom\u0173 kontrast\u0105 su masyvia televizoriaus staliuko forma. \u201eTutti\u201c kolekcijos baldai puikiai tinka svetain\u0117ms, miegamiesiems ir net koridoriams, suteikdami erdvei elegancijos ir modernumo.<br \/>\nTelevizoriaus staliukas pagamintas i\u0161 auk\u0161tos kokyb\u0117s, 16 mm storio laminuotos plok\u0161t\u0117s, kuri yra atspari i\u0161oriniams veiksniams, tokiems kaip \u012flenkimai, sm\u016bgiai ir \u012fbr\u0117\u017eimai. Papildomas \u0161io televizoriaus staliuko privalumas \u2013 durel\u0117s be ranken\u0117li\u0173 ir stal\u010di\u0173 atidarymo sistema, kuri\u0105 galima atidaryti paspaudus. Tiksli apdaila ir d\u0117mesys detal\u0117ms u\u017etikrina, kad \u201eTutti\u201c televizoriaus staliukas svetainei daugel\u012f met\u0173 i\u0161laikys gra\u017ei\u0105 i\u0161vaizd\u0105 neprarandant funkcionalumo.<br \/>\n\u201eTutti\u201c televizoriaus staliukas pasi\u017eymi paprasta forma, kuri sukuria modernius ir skoningus i\u0161d\u0117stymus.<br \/>\nTelevizoriaus staliukas turi vienas dureles, atsidaran\u010dias \u017eemyn. De\u0161in\u0117je stovo pus\u0117je esanti ni\u0161a puikiai tinka televizoriaus \u012frangai ar \u017eaidim\u0173 konsolei. \u201eTutti\u201c televizoriaus staliukas sukurtas atsi\u017evelgiant \u012f funkcionalum\u0105 ir patogum\u0105, si\u016blant daug vietos daiktams susid\u0117ti. Nesenstanti balta spalva papildys klasikin\u012f interjer\u0105, tod\u0117l \u201eTutti\u201c televizoriaus staliukai puikiai tinka erdviems, \u0161viesiems ir modernaus stiliaus interjerams. Modernios ir industrinio stiliaus televizoriaus spintel\u0117s su eleganti\u0161ka apdaila puikiai papildys bet kok\u012f interjer\u0105.<br \/>\nTelevizoriaus spintel\u0117s matmenys:<br \/>\nAuk\u0161tis: 50 cm<br \/>\nPlotis: 100,8 cm<br \/>\nGylis: 41 cm<\/p>","protected":false},"excerpt":{"rendered":"<p>plotis: 100 cm<br \/>\nauk\u0161tis: 50 cm<br \/>\ngylis: 41 cm<\/p>","protected":false},"featured_media":329835,"comment_status":"open","ping_status":"open","template":"","meta":[],"product_brand":[],"product_cat":[9235,1175],"product_tag":[],"class_list":{"0":"post-329834","1":"product","2":"type-product","3":"status-publish","4":"has-post-thumbnail","6":"product_cat-gib-meble","7":"product_cat-tv-stands","9":"first","10":"instock","11":"purchasable","12":"product-type-simple"},"_links":{"self":[{"href":"https:\/\/baldumarket.lt\/lt\/wp-json\/wp\/v2\/product\/329834","targetHints":{"allow":["GET"]}}],"collection":[{"href":"https:\/\/baldumarket.lt\/lt\/wp-json\/wp\/v2\/product"}],"about":[{"href":"https:\/\/baldumarket.lt\/lt\/wp-json\/wp\/v2\/types\/product"}],"replies":[{"embeddable":true,"href":"https:\/\/baldumarket.lt\/lt\/wp-json\/wp\/v2\/comments?post=329834"}],"wp:featuredmedia":[{"embeddable":true,"href":"https:\/\/baldumarket.lt\/lt\/wp-json\/wp\/v2\/media\/329835"}],"wp:attachment":[{"href":"https:\/\/baldumarket.lt\/lt\/wp-json\/wp\/v2\/media?parent=329834"}],"wp:term":[{"taxonomy":"product_brand","embeddable":true,"href":"https:\/\/baldumarket.lt\/lt\/wp-json\/wp\/v2\/product_brand?post=329834"},{"taxonomy":"product_cat","embeddable":true,"href":"https:\/\/baldumarket.lt\/lt\/wp-json\/wp\/v2\/product_cat?post=329834"},{"taxonomy":"product_tag","embeddable":true,"href":"https:\/\/baldumarket.lt\/lt\/wp-json\/wp\/v2\/product_tag?post=329834"}],"curies":[{"name":"wp","href":"https:\/\/api.w.org\/{rel}","templated":true}]}}