{"id":329823,"date":"2026-01-16T22:47:26","date_gmt":"2026-01-16T19:47:26","guid":{"rendered":"https:\/\/baldumarket.lt\/product\/szafka-wiszaca-tutti-135-cm-biala-minimalistyczny-design-stylowa-prosta-forma-mebla-z-bezuchwytowym-frontem\/"},"modified":"2026-02-11T18:01:31","modified_gmt":"2026-02-11T15:01:31","slug":"szafka-wiszaca-tutti-135-cm-biala-minimalistyczny-design-stylowa-prosta-forma-mebla-z-bezuchwytowym-frontem","status":"publish","type":"product","link":"https:\/\/baldumarket.lt\/lt\/product\/szafka-wiszaca-tutti-135-cm-biala-minimalistyczny-design-stylowa-prosta-forma-mebla-z-bezuchwytowym-frontem\/","title":{"rendered":"Tutti 135 cm balta pakabinama spintel\u0117, minimalistinio dizaino, stilinga, paprastos formos baldo forma su priekiu be ranken\u0117li\u0173"},"content":{"rendered":"<p>Balta \u201eTutti\u201c spintel\u0117 yra stilingas baldas, pasi\u017eymintis minimalistiniu dizainu.<br \/>\n\u201eTutti\u201c kolekcijos pakabinama spintel\u0117 \u2013 tai \u017eavus geometrini\u0173 form\u0173 ir subtili\u0173 spalv\u0173 derinys. Lygus, be ranken\u0117li\u0173 fasad\u0173 pavir\u0161ius suteikia pakabinamos spintel\u0117s kompozicijai vientis\u0105 ir minimalistin\u012f \u012fsp\u016bd\u012f. \u201eTutti\u201c kolekcijos baldai puikiai tinka svetain\u0117ms, miegamiesiems ir net koridoriams, suteikdami erdvei elegancijos ir modernumo.<br \/>\nPakabinama spintel\u0117 pagaminta i\u0161 auk\u0161tos kokyb\u0117s 16 mm laminuotos plok\u0161t\u0117s, kuri yra atspari i\u0161oriniams veiksniams, tokiems kaip \u012flenkimai, sm\u016bgiai ir \u012fbr\u0117\u017eimai. Papildomas \u0161ios svetain\u0117s spintel\u0117s privalumas \u2013 dureli\u0173 ir stal\u010di\u0173 atidarymo sistema be ranken\u0117li\u0173, kuri\u0105 galima atidaryti spustel\u0117jus. Tiksli apdaila ir d\u0117mesys detal\u0117ms u\u017etikrina, kad sienin\u0117 \u201eTutti\u201c spintel\u0117 daugel\u012f met\u0173 i\u0161laikys gra\u017ei\u0105 i\u0161vaizd\u0105 nepakenkdama savo funkcionalumui.<br \/>\n\u201eTutti\u201c spintel\u0117 pasi\u017eymi paprasta forma, kuri sukuria modernius, ta\u010diau skoningus i\u0161d\u0117stymus.<br \/>\nLentyna turi vienas \u012f vir\u0161\u0173 atidaromas duris ir atvir\u0105 erdv\u0119 su lentynomis. Nesenstanti balta spalva gra\u017eiai dera su kitomis spalvomis, tod\u0117l \u201eTutti\u201c kolekcijos spintel\u0117 puikiai tinka kaip svetain\u0117s vitrina, knyg\u0173 lentyna ar biuro baldas.<br \/>\nSpintel\u0117s matmenys:<br \/>\nAuk\u0161tis: 30 cm<br \/>\nPlotis: 135 cm<br \/>\nGylis: 30 cm<\/p>","protected":false},"excerpt":{"rendered":"<p>plotis: 135 cm<br \/>\nauk\u0161tis: 30 cm<br \/>\ngylis: 30 cm<\/p>","protected":false},"featured_media":329824,"comment_status":"open","ping_status":"open","template":"","meta":[],"product_brand":[],"product_cat":[9235,9120],"product_tag":[],"class_list":{"0":"post-329823","1":"product","2":"type-product","3":"status-publish","4":"has-post-thumbnail","6":"product_cat-gib-meble","7":"product_cat-cabinets","9":"first","10":"instock","11":"purchasable","12":"product-type-simple"},"_links":{"self":[{"href":"https:\/\/baldumarket.lt\/lt\/wp-json\/wp\/v2\/product\/329823","targetHints":{"allow":["GET"]}}],"collection":[{"href":"https:\/\/baldumarket.lt\/lt\/wp-json\/wp\/v2\/product"}],"about":[{"href":"https:\/\/baldumarket.lt\/lt\/wp-json\/wp\/v2\/types\/product"}],"replies":[{"embeddable":true,"href":"https:\/\/baldumarket.lt\/lt\/wp-json\/wp\/v2\/comments?post=329823"}],"wp:featuredmedia":[{"embeddable":true,"href":"https:\/\/baldumarket.lt\/lt\/wp-json\/wp\/v2\/media\/329824"}],"wp:attachment":[{"href":"https:\/\/baldumarket.lt\/lt\/wp-json\/wp\/v2\/media?parent=329823"}],"wp:term":[{"taxonomy":"product_brand","embeddable":true,"href":"https:\/\/baldumarket.lt\/lt\/wp-json\/wp\/v2\/product_brand?post=329823"},{"taxonomy":"product_cat","embeddable":true,"href":"https:\/\/baldumarket.lt\/lt\/wp-json\/wp\/v2\/product_cat?post=329823"},{"taxonomy":"product_tag","embeddable":true,"href":"https:\/\/baldumarket.lt\/lt\/wp-json\/wp\/v2\/product_tag?post=329823"}],"curies":[{"name":"wp","href":"https:\/\/api.w.org\/{rel}","templated":true}]}}