{"id":329803,"date":"2026-01-16T22:47:09","date_gmt":"2026-01-16T19:47:09","guid":{"rendered":"https:\/\/baldumarket.lt\/product\/regal-tutti-70-cm-czarny-minimalistyczny-design-prosta-forma-mebla-wsparta-na-metalowej-podstawie-pojemna-szuflada-push-to-open\/"},"modified":"2026-02-11T18:01:31","modified_gmt":"2026-02-11T15:01:31","slug":"regal-tutti-70-cm-czarny-minimalistyczny-design-prosta-forma-mebla-wsparta-na-metalowej-podstawie-pojemna-szuflada-push-to-open","status":"publish","type":"product","link":"https:\/\/baldumarket.lt\/lt\/product\/regal-tutti-70-cm-czarny-minimalistyczny-design-prosta-forma-mebla-wsparta-na-metalowej-podstawie-pojemna-szuflada-push-to-open\/","title":{"rendered":"Tutti 70 cm juoda lentyna, minimalistinio dizaino, paprastos formos baldas su metaliniu pagrindu, erdvus stal\u010dius, atidaromas paspaudus"},"content":{"rendered":"<p>70 cm plo\u010dio juodos spalvos \u201eTutti\u201c knyg\u0173 lentyna \u2013 stilingas, minimalistinio dizaino baldas.<br \/>\n\u0160i \u201eTutti\u201c kolekcijos knyg\u0173 lentyna \u2013 tai \u017eavus geometrini\u0173 form\u0173 ir ry\u0161ki\u0173 spalv\u0173 derinys. Lygi, be ranken\u0117li\u0173 fasad\u0173 apdaila suteikia lentynos kompozicijai darnumo ir minimalistikos. Lieknos metalin\u0117s kojel\u0117s suteikia lengvumo ir kartu sukuria \u012fdom\u0173 kontrast\u0105 su masyvia knyg\u0173 lentynos forma. \u201eTutti\u201c kolekcijos baldai puikiai tinka svetain\u0117ms, miegamiesiems ir net koridoriams, suteikdami erdvei elegancijos ir modernumo.<br \/>\nKnyg\u0173 lentyna pagaminta i\u0161 auk\u0161tos kokyb\u0117s 16 mm laminuotos plok\u0161t\u0117s, atsparios i\u0161oriniams veiksniams, tokiems kaip \u012flenkimai, sm\u016bgiai ir \u012fbr\u0117\u017eimai. Papildomas knyg\u0173 lentynos privalumas \u2013 dureli\u0173 ir stal\u010di\u0173 atidarymo sistema be ranken\u0117li\u0173, kuri\u0105 galima atidaryti spustel\u0117jus. Tiksli apdaila ir d\u0117mesys detal\u0117ms u\u017etikrina, kad \u201eTutti\u201c knyg\u0173 lentyna daugel\u012f met\u0173 i\u0161laikys gra\u017ei\u0105 i\u0161vaizd\u0105 neprarandant funkcionalumo.<br \/>\n\u201eTutti\u201c knyg\u0173 lentyna pasi\u017eymi paprasta forma, kuri sukuria modernius, ta\u010diau skoningus i\u0161d\u0117stymus.<br \/>\nKnyg\u0173 spinta turi vienas duris, vien\u0105 stal\u010di\u0173 ir atviras lentynas. \u201eTutti\u201c knyg\u0173 spinta su stal\u010diumi yra funkcionali ir utilitarin\u0117, si\u016blanti daug vietos daiktams susid\u0117ti. Nesenstanti juoda knyg\u0173 lentynos spalva puikiai dera su kitomis spalvomis, tod\u0117l \u201eTutti\u201c knyg\u0173 lentynos puikiai tinka kaip svetain\u0117s ar vaik\u0173 kambario knyg\u0173 lentynos. Knyg\u0173 lentynos su lentynomis taip pat puikiai tinka kaip biuro knyg\u0173 lentynos.<br \/>\nKnyg\u0173 lentynos matmenys:<br \/>\nAuk\u0161tis: 140 cm<br \/>\nPlotis: 70 cm<br \/>\nGylis: 41 cm<\/p>","protected":false},"excerpt":{"rendered":"<p>plotis: 70 cm<br \/>\nauk\u0161tis: 140 cm<br \/>\ngylis: 41 cm<\/p>","protected":false},"featured_media":329804,"comment_status":"open","ping_status":"open","template":"","meta":[],"product_brand":[],"product_cat":[9235,1177],"product_tag":[],"class_list":{"0":"post-329803","1":"product","2":"type-product","3":"status-publish","4":"has-post-thumbnail","6":"product_cat-gib-meble","7":"product_cat-wardrobes","9":"first","10":"instock","11":"purchasable","12":"product-type-simple"},"_links":{"self":[{"href":"https:\/\/baldumarket.lt\/lt\/wp-json\/wp\/v2\/product\/329803","targetHints":{"allow":["GET"]}}],"collection":[{"href":"https:\/\/baldumarket.lt\/lt\/wp-json\/wp\/v2\/product"}],"about":[{"href":"https:\/\/baldumarket.lt\/lt\/wp-json\/wp\/v2\/types\/product"}],"replies":[{"embeddable":true,"href":"https:\/\/baldumarket.lt\/lt\/wp-json\/wp\/v2\/comments?post=329803"}],"wp:featuredmedia":[{"embeddable":true,"href":"https:\/\/baldumarket.lt\/lt\/wp-json\/wp\/v2\/media\/329804"}],"wp:attachment":[{"href":"https:\/\/baldumarket.lt\/lt\/wp-json\/wp\/v2\/media?parent=329803"}],"wp:term":[{"taxonomy":"product_brand","embeddable":true,"href":"https:\/\/baldumarket.lt\/lt\/wp-json\/wp\/v2\/product_brand?post=329803"},{"taxonomy":"product_cat","embeddable":true,"href":"https:\/\/baldumarket.lt\/lt\/wp-json\/wp\/v2\/product_cat?post=329803"},{"taxonomy":"product_tag","embeddable":true,"href":"https:\/\/baldumarket.lt\/lt\/wp-json\/wp\/v2\/product_tag?post=329803"}],"curies":[{"name":"wp","href":"https:\/\/api.w.org\/{rel}","templated":true}]}}