{"id":329791,"date":"2026-01-16T22:46:59","date_gmt":"2026-01-16T19:46:59","guid":{"rendered":"https:\/\/baldumarket.lt\/product\/szafka-rtv-tutti-150-cm-czarna-elegancki-design-szafki-metalowa-solidna-podstawa-drzwi-otwierane-za-pomoca-systemu-push-to-open\/"},"modified":"2026-02-11T18:01:32","modified_gmt":"2026-02-11T15:01:32","slug":"szafka-rtv-tutti-150-cm-czarna-elegancki-design-szafki-metalowa-solidna-podstawa-drzwi-otwierane-za-pomoca-systemu-push-to-open","status":"publish","type":"product","link":"https:\/\/baldumarket.lt\/lt\/product\/szafka-rtv-tutti-150-cm-czarna-elegancki-design-szafki-metalowa-solidna-podstawa-drzwi-otwierane-za-pomoca-systemu-push-to-open\/","title":{"rendered":"Tutti TV spintel\u0117, 150 cm, juoda, eleganti\u0161ko dizaino, tvirtos metalin\u0117s durys, atidaromos stumiant"},"content":{"rendered":"<p>150 cm plo\u010dio juodas \u201eTutti\u201c televizoriaus staliukas \u2013 stilingas, minimalistinio dizaino baldas.<br \/>\n\u201eTutti\u201c kolekcijos televizoriaus staliukas \u2013 tai \u017eavus geometrini\u0173 form\u0173 ir ry\u0161ki\u0173 spalv\u0173 derinys. Lygus, be ranken\u0117li\u0173 fasad\u0173 pavir\u0161ius suteikia televizoriaus staliuko kompozicijai darnumo ir minimalistikos. Lieknos metalin\u0117s kojel\u0117s suteikia lengvumo ir kartu sukuria \u012fdom\u0173 kontrast\u0105 su masyvia televizoriaus staliuko forma. \u201eTutti\u201c kolekcijos baldai puikiai tinka svetainei, miegamajam ar net prie\u0161kambariui, suteikdami erdvei elegancijos ir modernumo.<br \/>\nTelevizoriaus staliukas pagamintas i\u0161 auk\u0161tos kokyb\u0117s, 16 mm storio laminuotos plok\u0161t\u0117s, kuri yra atspari i\u0161oriniams veiksniams, tokiems kaip \u012flenkimai, sm\u016bgiai ir \u012fbr\u0117\u017eimai. Papildomas \u0161io televizoriaus staliuko privalumas \u2013 durel\u0117s be ranken\u0117li\u0173 ir stal\u010di\u0173 atidarymo sistema, kuri\u0105 galima atidaryti paspaudus. Tiksli apdaila ir d\u0117mesys detal\u0117ms u\u017etikrina, kad \u201eTutti\u201c televizoriaus staliukas svetainei daugel\u012f met\u0173 i\u0161laikys gra\u017ei\u0105 i\u0161vaizd\u0105 neprarandant funkcionalumo.<br \/>\n\u201eTutti\u201c televizoriaus staliukas pasi\u017eymi paprasta forma, kuri sukuria modernius ir skoningus i\u0161d\u0117stymus.<br \/>\nTelevizoriaus staliukas turi dvejas \u017eemyn atsidaran\u010dias dureles. Stovo centre esanti \u012fduba puikiai tinka televizoriaus \u012frangai ar \u017eaidim\u0173 konsolei. \u201eTutti\u201c televizoriaus staliukas sukurtas atsi\u017evelgiant \u012f funkcionalum\u0105 ir prakti\u0161kum\u0105, si\u016blant daug vietos daiktams susid\u0117ti. Nesenstanti juoda spalva papildys klasikin\u012f interjer\u0105, tod\u0117l \u201eTutti\u201c televizoriaus staliukai puikiai tinka erdviems, \u0161viesiems ir modernaus stiliaus interjerams. Modernios ir industrinio stiliaus televizoriaus spintel\u0117s su eleganti\u0161ka apdaila puikiai papildys bet kok\u012f interjer\u0105.<br \/>\nTelevizoriaus spintel\u0117s matmenys:<br \/>\nAuk\u0161tis: 50 cm<br \/>\nPlotis: 150 cm<br \/>\nGylis: 41 cm<\/p>","protected":false},"excerpt":{"rendered":"<p>plotis: 150 cm<br \/>\nauk\u0161tis: 50 cm<br \/>\ngylis: 41 cm<\/p>","protected":false},"featured_media":329792,"comment_status":"open","ping_status":"open","template":"","meta":[],"product_brand":[],"product_cat":[9235,1175],"product_tag":[],"class_list":{"0":"post-329791","1":"product","2":"type-product","3":"status-publish","4":"has-post-thumbnail","6":"product_cat-gib-meble","7":"product_cat-tv-stands","9":"first","10":"instock","11":"purchasable","12":"product-type-simple"},"_links":{"self":[{"href":"https:\/\/baldumarket.lt\/lt\/wp-json\/wp\/v2\/product\/329791","targetHints":{"allow":["GET"]}}],"collection":[{"href":"https:\/\/baldumarket.lt\/lt\/wp-json\/wp\/v2\/product"}],"about":[{"href":"https:\/\/baldumarket.lt\/lt\/wp-json\/wp\/v2\/types\/product"}],"replies":[{"embeddable":true,"href":"https:\/\/baldumarket.lt\/lt\/wp-json\/wp\/v2\/comments?post=329791"}],"wp:featuredmedia":[{"embeddable":true,"href":"https:\/\/baldumarket.lt\/lt\/wp-json\/wp\/v2\/media\/329792"}],"wp:attachment":[{"href":"https:\/\/baldumarket.lt\/lt\/wp-json\/wp\/v2\/media?parent=329791"}],"wp:term":[{"taxonomy":"product_brand","embeddable":true,"href":"https:\/\/baldumarket.lt\/lt\/wp-json\/wp\/v2\/product_brand?post=329791"},{"taxonomy":"product_cat","embeddable":true,"href":"https:\/\/baldumarket.lt\/lt\/wp-json\/wp\/v2\/product_cat?post=329791"},{"taxonomy":"product_tag","embeddable":true,"href":"https:\/\/baldumarket.lt\/lt\/wp-json\/wp\/v2\/product_tag?post=329791"}],"curies":[{"name":"wp","href":"https:\/\/api.w.org\/{rel}","templated":true}]}}