{"id":329776,"date":"2026-01-16T22:46:48","date_gmt":"2026-01-16T19:46:48","guid":{"rendered":"https:\/\/baldumarket.lt\/product\/komoda-z-szufladami-tutti-150-cm-dab-hikora-minimalistyczny-design-prosta-forma-wsparta-na-metalowej-podstawie-system-push-to-open\/"},"modified":"2026-02-11T18:01:32","modified_gmt":"2026-02-11T15:01:32","slug":"komoda-z-szufladami-tutti-150-cm-dab-hikora-minimalistyczny-design-prosta-forma-wsparta-na-metalowej-podstawie-system-push-to-open","status":"publish","type":"product","link":"https:\/\/baldumarket.lt\/lt\/product\/komoda-z-szufladami-tutti-150-cm-dab-hikora-minimalistyczny-design-prosta-forma-wsparta-na-metalowej-podstawie-system-push-to-open\/","title":{"rendered":"Tutti komoda, 150 cm, hikorio \u0105\u017euolo spalvos, minimalistinis dizainas, paprastos formos, paremta metaliniu pagrindu, atidarymo stumiant sistema"},"content":{"rendered":"<p>150 cm ilgio hikorinio \u0105\u017euolo komoda \u201eTutti\u201c \u2013 stilingas baldas, pasi\u017eymintis minimalistiniu dizainu.<br \/>\n\u2019Tutti\u201c kolekcijos komoda \u2013 tai \u017eavus geometrini\u0173 form\u0173 ir \u0161ilt\u0173 spalv\u0173 derinys. Lygus, be ranken\u0117li\u0173 fasad\u0173 pavir\u0161ius suteikia komodos kompozicijai vientisumo, \u012fk\u016bnijant minimalistin\u012f atspalv\u012f. Lieknos metalin\u0117s kojel\u0117s suteikia lengvumo ir kartu sukuria \u012fdom\u0173 kontrast\u0105 su masyvia komodos forma. \u201eTutti\u201c kolekcijos baldai puikiai tinka svetainei, miegamajam ar net prie\u0161kambariui, suteikdami erdvei elegancijos ir modernumo.<br \/>\nKomoda pagaminta i\u0161 auk\u0161tos kokyb\u0117s, 16 mm storio laminuotos plok\u0161t\u0117s, kuri yra atspari i\u0161oriniams veiksniams, tokiems kaip \u012flenkimai, sm\u016bgiai ir \u012fbr\u0117\u017eimai. Papildomas \u0161ios komodos privalumas \u2013 be ranken\u0117li\u0173 veikianti dureli\u0173 ir stal\u010di\u0173 atidarymo sistema, kuri\u0105 galima atidaryti spustel\u0117jus. Tiksli apdaila ir d\u0117mesys detal\u0117ms u\u017etikrina, kad komoda \u201eTutti\u201c daugel\u012f met\u0173 i\u0161laikys gra\u017ei\u0105 i\u0161vaizd\u0105 nepakenkdama savo funkcionalumui.<br \/>\nKomoda \u201eTutti\u201c pasi\u017eymi paprasta forma, kuri sukuria modernius ir skoningus i\u0161d\u0117stymus.<br \/>\nKomoda susideda i\u0161 dviej\u0173 dureli\u0173 ir trij\u0173 stal\u010di\u0173. \u201eTutti\u201c komoda sukurta taip, kad b\u016bt\u0173 funkcionali ir utilitarin\u0117, si\u016blanti daug vietos daiktams susid\u0117ti. Med\u017eio imitacijos dekoras papildys klasikin\u012f interjer\u0105, tod\u0117l \u201eTutti\u201c komoda puikiai tinka kaip eleganti\u0161ka svetain\u0117s komoda, svetain\u0117s spintel\u0117 arba modernaus miegamojo komoda. Komoda taip pat puikiai tiks kaip biuro baldas. Komodos matmenys:<br \/>\nAuk\u0161tis: 80 cm<br \/>\nPlotis: 150 cm<br \/>\nGylis: 41 cm<\/p>","protected":false},"excerpt":{"rendered":"<p>plotis: 150 cm<br \/>\nauk\u0161tis: 80 cm<br \/>\ngylis: 41 cm<\/p>","protected":false},"featured_media":329777,"comment_status":"open","ping_status":"open","template":"","meta":[],"product_brand":[],"product_cat":[9235,1173],"product_tag":[],"class_list":{"0":"post-329776","1":"product","2":"type-product","3":"status-publish","4":"has-post-thumbnail","6":"product_cat-gib-meble","7":"product_cat-chests-of-drawers","9":"first","10":"instock","11":"purchasable","12":"product-type-simple"},"_links":{"self":[{"href":"https:\/\/baldumarket.lt\/lt\/wp-json\/wp\/v2\/product\/329776","targetHints":{"allow":["GET"]}}],"collection":[{"href":"https:\/\/baldumarket.lt\/lt\/wp-json\/wp\/v2\/product"}],"about":[{"href":"https:\/\/baldumarket.lt\/lt\/wp-json\/wp\/v2\/types\/product"}],"replies":[{"embeddable":true,"href":"https:\/\/baldumarket.lt\/lt\/wp-json\/wp\/v2\/comments?post=329776"}],"wp:featuredmedia":[{"embeddable":true,"href":"https:\/\/baldumarket.lt\/lt\/wp-json\/wp\/v2\/media\/329777"}],"wp:attachment":[{"href":"https:\/\/baldumarket.lt\/lt\/wp-json\/wp\/v2\/media?parent=329776"}],"wp:term":[{"taxonomy":"product_brand","embeddable":true,"href":"https:\/\/baldumarket.lt\/lt\/wp-json\/wp\/v2\/product_brand?post=329776"},{"taxonomy":"product_cat","embeddable":true,"href":"https:\/\/baldumarket.lt\/lt\/wp-json\/wp\/v2\/product_cat?post=329776"},{"taxonomy":"product_tag","embeddable":true,"href":"https:\/\/baldumarket.lt\/lt\/wp-json\/wp\/v2\/product_tag?post=329776"}],"curies":[{"name":"wp","href":"https:\/\/api.w.org\/{rel}","templated":true}]}}