{"id":329744,"date":"2026-01-16T22:46:20","date_gmt":"2026-01-16T19:46:20","guid":{"rendered":"https:\/\/baldumarket.lt\/product\/witryna-tutti-70-cm-dab-hikora-stylowy-design-bezpieczne-szklo-hartowane-witryna-wsparta-na-wysokich-metalowych-nogach-system-push-to-open\/"},"modified":"2026-02-11T18:01:32","modified_gmt":"2026-02-11T15:01:32","slug":"witryna-tutti-70-cm-dab-hikora-stylowy-design-bezpieczne-szklo-hartowane-witryna-wsparta-na-wysokich-metalowych-nogach-system-push-to-open","status":"publish","type":"product","link":"https:\/\/baldumarket.lt\/lt\/product\/witryna-tutti-70-cm-dab-hikora-stylowy-design-bezpieczne-szklo-hartowane-witryna-wsparta-na-wysokich-metalowych-nogach-system-push-to-open\/","title":{"rendered":"\u201eTutti\u201c vitrina, 70 cm, hikorijos \u0105\u017euolo, stilingo dizaino, saugaus gr\u016bdinto stiklo vitrina, auk\u0161ta metaline kojele, atidaroma stumiant"},"content":{"rendered":"<p>70 cm plo\u010dio \u201eTutti\u201c vitrina i\u0161 hikorijos \u0105\u017euolo \u2013 tai stilingas baldas, pasi\u017eymintis minimalistiniu dizainu.<br \/>\n\u0160i \u201eTutti\u201c kolekcijos vitrina \u2013 tai \u017eavus geometrini\u0173 form\u0173 ir \u0161ilt\u0173 spalv\u0173 derinys. Lygi, be ranken\u0117li\u0173 fasad\u0173 apdaila suteikia vitrinos kompozicijai vientisumo, \u012fk\u016bnijan\u010dio minimalistin\u012f ton\u0105. Lieknos metalin\u0117s kojel\u0117s suteikia lengvumo ir kartu sukuria \u012fdom\u0173 kontrast\u0105 su masyvia vitrinos forma. \u201eTutti\u201c kolekcijos baldai puikiai tinka svetain\u0117ms, miegamiesiems ir net koridoriams, suteikdami erdvei elegancijos ir modernumo.<br \/>\nVitrina pagaminta i\u0161 auk\u0161tos kokyb\u0117s, 16 mm storio laminuotos plok\u0161t\u0117s, atsparios i\u0161oriniams veiksniams, tokiems kaip \u012flenkimai, sm\u016bgiai ir \u012fbr\u0117\u017eimai. Papildomas stiklin\u0117s vitrinos privalumas \u2013 dureli\u0173 ir stal\u010di\u0173 atidarymo sistema be ranken\u0117li\u0173, kuri\u0105 galima atidaryti spustel\u0117jus. Tiksli apdaila ir d\u0117mesys detal\u0117ms u\u017etikrina, kad \u201eTutti\u201c vitrina daugel\u012f met\u0173 i\u0161laikys gra\u017ei\u0105 i\u0161vaizd\u0105 nepakenkdama savo funkcionalumui.<br \/>\n\u201eTutti\u201c vitrinai b\u016bdinga paprasta forma, kuri sukuria modernius, ta\u010diau skoningus i\u0161d\u0117stymus.<br \/>\nVitrina susideda i\u0161 dviej\u0173 dureli\u0173. \u201eTutti\u201c vitrina sukurta taip, kad b\u016bt\u0173 funkcionali ir utilitarin\u0117, si\u016blanti daug vietos daiktams susid\u0117ti. Med\u017eio imitacijos dekoras gra\u017eiai dera su kitomis spalvomis, tod\u0117l stiklin\u0117s \u201eTutti\u201c kolekcijos vitrinos puikiai tinka svetainei, valgomajam ar knyg\u0173 lentynai.<br \/>\n\u201eTutti\u201c vitrin\u0105 galima ap\u0161viesti LED \u0161viestuvais, kuriuos galite \u012fsigyti m\u016bs\u0173 parduotuv\u0117je.<br \/>\nVitrinos matmenys:<br \/>\n\u016agis: 190 cm<br \/>\nPlotis: 70 cm<br \/>\nGylis: 41 cm<\/p>","protected":false},"excerpt":{"rendered":"<p>plotis: 70 cm<br \/>\nauk\u0161tis: 190 cm<br \/>\ngylis: 41 cm<\/p>","protected":false},"featured_media":329745,"comment_status":"open","ping_status":"open","template":"","meta":[],"product_brand":[],"product_cat":[9235,2006],"product_tag":[],"class_list":{"0":"post-329744","1":"product","2":"type-product","3":"status-publish","4":"has-post-thumbnail","6":"product_cat-gib-meble","7":"product_cat-vitrines","9":"first","10":"instock","11":"purchasable","12":"product-type-simple"},"_links":{"self":[{"href":"https:\/\/baldumarket.lt\/lt\/wp-json\/wp\/v2\/product\/329744","targetHints":{"allow":["GET"]}}],"collection":[{"href":"https:\/\/baldumarket.lt\/lt\/wp-json\/wp\/v2\/product"}],"about":[{"href":"https:\/\/baldumarket.lt\/lt\/wp-json\/wp\/v2\/types\/product"}],"replies":[{"embeddable":true,"href":"https:\/\/baldumarket.lt\/lt\/wp-json\/wp\/v2\/comments?post=329744"}],"wp:featuredmedia":[{"embeddable":true,"href":"https:\/\/baldumarket.lt\/lt\/wp-json\/wp\/v2\/media\/329745"}],"wp:attachment":[{"href":"https:\/\/baldumarket.lt\/lt\/wp-json\/wp\/v2\/media?parent=329744"}],"wp:term":[{"taxonomy":"product_brand","embeddable":true,"href":"https:\/\/baldumarket.lt\/lt\/wp-json\/wp\/v2\/product_brand?post=329744"},{"taxonomy":"product_cat","embeddable":true,"href":"https:\/\/baldumarket.lt\/lt\/wp-json\/wp\/v2\/product_cat?post=329744"},{"taxonomy":"product_tag","embeddable":true,"href":"https:\/\/baldumarket.lt\/lt\/wp-json\/wp\/v2\/product_tag?post=329744"}],"curies":[{"name":"wp","href":"https:\/\/api.w.org\/{rel}","templated":true}]}}