{"id":329740,"date":"2026-01-16T22:46:17","date_gmt":"2026-01-16T19:46:17","guid":{"rendered":"https:\/\/baldumarket.lt\/product\/komoda-z-przeszkleniem-apulia-100-cm-bezowa-minimalistyczny-design-stylowa-komoda-do-salonu-prosta-bryla-wpisujaca-sie-w-kazde-wnetrze\/"},"modified":"2026-02-11T18:01:32","modified_gmt":"2026-02-11T15:01:32","slug":"komoda-z-przeszkleniem-apulia-100-cm-bezowa-minimalistyczny-design-stylowa-komoda-do-salonu-prosta-bryla-wpisujaca-sie-w-kazde-wnetrze","status":"publish","type":"product","link":"https:\/\/baldumarket.lt\/lt\/product\/komoda-z-przeszkleniem-apulia-100-cm-bezowa-minimalistyczny-design-stylowa-komoda-do-salonu-prosta-bryla-wpisujaca-sie-w-kazde-wnetrze\/","title":{"rendered":"Apulia 100 cm stiklin\u0117 komoda, sm\u0117lio spalvos, minimalistinio dizaino, stilinga komoda svetainei, paprastos formos, tinkanti bet kokiam interjerui"},"content":{"rendered":"<p>100 cm sm\u0117lio spalvos \u201eApulia\u201c komoda yra modernus baldas, kuris taps stilingu j\u016bs\u0173 interjero akcentu.<br \/>\n\u201eApulia\u201c komoda su stikliniais fasadais \u2013 tai madingas ir modernus baldas. Paprasta, geometrin\u0117 forma sukurs harmoning\u0105 ir unikal\u0173 interjer\u0105. Madingo ka\u0161myro atspalvio komoda praskaidrins kambar\u012f ir sukurs jauki\u0105 atmosfer\u0105. Komodos buvimas taps stilingu kambario apdailos akcentu, suteikdamas jam moderni\u0105 ir unikali\u0105 atmosfer\u0105. \u201eApulia\u201c komoda sukurs original\u0173 ir unikal\u0173 dekoro element\u0105.<br \/>\nKomodos stikliniai fasadai leis jums pademonstruoti aksesuarus, kurie puo\u0161ia j\u016bs\u0173 svetain\u0119. Subtiliai vir\u0161 stalvir\u0161io i\u0161siki\u0161\u0119 fasadai taip pat atlieka ranken\u0173 funkcij\u0105. Komoda pagaminta i\u0161 auk\u0161tos kokyb\u0117s laminuotos plok\u0161t\u0117s, kuri yra atspari i\u0161oriniams veiksniams, tokiems kaip \u012flenkimai, sm\u016bgiai ir \u012fbr\u0117\u017eimai.<br \/>\n\u201eApulia\u201c komoda pasi\u017eymi paprasta forma, kuri sukuria modern\u0173, ta\u010diau eleganti\u0161k\u0105 dizain\u0105.<br \/>\nKomoda turi dvejas dureles. Komod\u0105 laiko \u017eemos plastikin\u0117s kojel\u0117s. Komoda garantuoja patog\u0173 ir be r\u016bpes\u010di\u0173 naudojim\u0105 bei viso baldo patvarum\u0105 daugel\u012f met\u0173. Madinga ka\u0161myro sm\u0117lio spalva gerai dera su kitomis spalvomis, tod\u0117l \u201eApulia\u201c komoda puikiai tinka kaip svetain\u0117s, valgomojo ar biuro baldas.<br \/>\n\u201eApulia\u201c komod\u0105 galima ap\u0161viesti LED \u0161viestuvais, kuriuos galite \u012fsigyti m\u016bs\u0173 parduotuv\u0117je.<br \/>\nKomodos matmenys:<br \/>\n\u016agis: 107 cm<br \/>\nPlotis: 100 cm<br \/>\nGylis: 35 cm<\/p>","protected":false},"excerpt":{"rendered":"<p>plotis: 100 cm<br \/>\nauk\u0161tis: 107 cm<br \/>\ngylis: 35 cm<\/p>","protected":false},"featured_media":329741,"comment_status":"open","ping_status":"open","template":"","meta":[],"product_brand":[],"product_cat":[9235,1173],"product_tag":[],"class_list":{"0":"post-329740","1":"product","2":"type-product","3":"status-publish","4":"has-post-thumbnail","6":"product_cat-gib-meble","7":"product_cat-chests-of-drawers","9":"first","10":"instock","11":"purchasable","12":"product-type-simple"},"_links":{"self":[{"href":"https:\/\/baldumarket.lt\/lt\/wp-json\/wp\/v2\/product\/329740","targetHints":{"allow":["GET"]}}],"collection":[{"href":"https:\/\/baldumarket.lt\/lt\/wp-json\/wp\/v2\/product"}],"about":[{"href":"https:\/\/baldumarket.lt\/lt\/wp-json\/wp\/v2\/types\/product"}],"replies":[{"embeddable":true,"href":"https:\/\/baldumarket.lt\/lt\/wp-json\/wp\/v2\/comments?post=329740"}],"wp:featuredmedia":[{"embeddable":true,"href":"https:\/\/baldumarket.lt\/lt\/wp-json\/wp\/v2\/media\/329741"}],"wp:attachment":[{"href":"https:\/\/baldumarket.lt\/lt\/wp-json\/wp\/v2\/media?parent=329740"}],"wp:term":[{"taxonomy":"product_brand","embeddable":true,"href":"https:\/\/baldumarket.lt\/lt\/wp-json\/wp\/v2\/product_brand?post=329740"},{"taxonomy":"product_cat","embeddable":true,"href":"https:\/\/baldumarket.lt\/lt\/wp-json\/wp\/v2\/product_cat?post=329740"},{"taxonomy":"product_tag","embeddable":true,"href":"https:\/\/baldumarket.lt\/lt\/wp-json\/wp\/v2\/product_tag?post=329740"}],"curies":[{"name":"wp","href":"https:\/\/api.w.org\/{rel}","templated":true}]}}