{"id":329732,"date":"2026-01-16T22:46:04","date_gmt":"2026-01-16T19:46:04","guid":{"rendered":"https:\/\/baldumarket.lt\/product\/szafka-rtv-apulia-150-cm-bezowa-z-mozliwoscia-podwieszenia-minimalistyczny-design-prosta-bryla-wpisujaca-sie-w-kazde-wnetrze\/"},"modified":"2026-02-11T18:01:32","modified_gmt":"2026-02-11T15:01:32","slug":"szafka-rtv-apulia-150-cm-bezowa-z-mozliwoscia-podwieszenia-minimalistyczny-design-prosta-bryla-wpisujaca-sie-w-kazde-wnetrze","status":"publish","type":"product","link":"https:\/\/baldumarket.lt\/lt\/product\/szafka-rtv-apulia-150-cm-bezowa-z-mozliwoscia-podwieszenia-minimalistyczny-design-prosta-bryla-wpisujaca-sie-w-kazde-wnetrze\/","title":{"rendered":"\u201eApulia\u201c televizoriaus spintel\u0117 150 cm, sm\u0117lio spalvos, su pakabinimo galimybe, minimalistinis dizainas, paprastos formos, tinkanti bet kokiam interjerui"},"content":{"rendered":"<p>Sm\u0117lio spalvos \u201eApulia\u201c televizoriaus staliukas yra modernus baldas, kuris j\u016bs\u0173 interjerui suteiks stiling\u0105 akcent\u0105.<br \/>\n\u201eApulia\u201c televizoriaus staliukas \u2013 tai madingas ir modernus baldas. Paprasta, geometrin\u0117 forma sukurs harmoning\u0105 ir unikal\u0173 interjer\u0105. Madingo ka\u0161myro atspalvio televizoriaus staliukas praskaidrins kambar\u012f ir sukurs jauki\u0105 atmosfer\u0105. Televizoriaus staliukas suteiks kambariui stiling\u0105 akcent\u0105, suteikdamas jam modernumo ir unikalumo. \u201eApulia\u201c televizoriaus staliukas sukurs original\u0173 ir unikal\u0173 dekoro element\u0105.<br \/>\n\u0160is erdvus televizoriaus staliukas tilps visus j\u016bs\u0173 priedus ir buitinius prietaisus. Subtiliai vir\u0161 stalvir\u0161io i\u0161siki\u0161usios priekin\u0117s dalys taip pat atlieka rankenos funkcij\u0105. Papildomas televizoriaus staliuko privalumas \u2013 galimyb\u0117 pasirinkti jo pad\u0117ties nustatymo b\u016bd\u0105. Televizoriaus staliuk\u0105 galima tvirtinti prie sienos. D\u0117l pridedam\u0173 plastikini\u0173 kojeli\u0173 televizoriaus staliukas gali greitai tapti laisvai stovin\u010diu \u012frenginiu. Televizoriaus staliukas pagamintas i\u0161 auk\u0161tos kokyb\u0117s laminuotos plok\u0161t\u0117s, kuri yra atspari i\u0161oriniams veiksniams, tokiems kaip \u012flenkimai, sm\u016bgiai ir \u012fbr\u0117\u017eimai.<br \/>\n\u201eApulia\u201c televizoriaus staliukas pasi\u017eymi paprasta forma, kuri sukuria modernius, bet eleganti\u0161kus i\u0161d\u0117stymus.<br \/>\nTelevizoriaus staliukas turi tris dureles. Televizoriaus staliuko konstrukcij\u0105 laiko \u017eemos plastikin\u0117s kojel\u0117s. Televizoriaus staliukas garantuoja patog\u0173 ir be r\u016bpes\u010di\u0173 naudojim\u0105 bei viso baldo patvarum\u0105 daugel\u012f met\u0173. Madinga ka\u0161myro sm\u0117lio spalva dera su kitomis spalvomis, tod\u0117l \u201eApulia\u201c baldai puikiai tinka bet kokiam interjerui. Televizoriaus staliuko matmenys:<br \/>\nAuk\u0161tis: 37 cm<br \/>\nPlotis: 150 cm<br \/>\nGylis: 43 cm<\/p>","protected":false},"excerpt":{"rendered":"<p>plotis: 150 cm<br \/>\nauk\u0161tis: 37 cm<br \/>\ngylis: 43 cm<\/p>","protected":false},"featured_media":329733,"comment_status":"open","ping_status":"open","template":"","meta":[],"product_brand":[],"product_cat":[9235,1175],"product_tag":[],"class_list":{"0":"post-329732","1":"product","2":"type-product","3":"status-publish","4":"has-post-thumbnail","6":"product_cat-gib-meble","7":"product_cat-tv-stands","9":"first","10":"instock","11":"purchasable","12":"product-type-simple"},"_links":{"self":[{"href":"https:\/\/baldumarket.lt\/lt\/wp-json\/wp\/v2\/product\/329732","targetHints":{"allow":["GET"]}}],"collection":[{"href":"https:\/\/baldumarket.lt\/lt\/wp-json\/wp\/v2\/product"}],"about":[{"href":"https:\/\/baldumarket.lt\/lt\/wp-json\/wp\/v2\/types\/product"}],"replies":[{"embeddable":true,"href":"https:\/\/baldumarket.lt\/lt\/wp-json\/wp\/v2\/comments?post=329732"}],"wp:featuredmedia":[{"embeddable":true,"href":"https:\/\/baldumarket.lt\/lt\/wp-json\/wp\/v2\/media\/329733"}],"wp:attachment":[{"href":"https:\/\/baldumarket.lt\/lt\/wp-json\/wp\/v2\/media?parent=329732"}],"wp:term":[{"taxonomy":"product_brand","embeddable":true,"href":"https:\/\/baldumarket.lt\/lt\/wp-json\/wp\/v2\/product_brand?post=329732"},{"taxonomy":"product_cat","embeddable":true,"href":"https:\/\/baldumarket.lt\/lt\/wp-json\/wp\/v2\/product_cat?post=329732"},{"taxonomy":"product_tag","embeddable":true,"href":"https:\/\/baldumarket.lt\/lt\/wp-json\/wp\/v2\/product_tag?post=329732"}],"curies":[{"name":"wp","href":"https:\/\/api.w.org\/{rel}","templated":true}]}}