{"id":329728,"date":"2026-01-16T22:45:53","date_gmt":"2026-01-16T19:45:53","guid":{"rendered":"https:\/\/baldumarket.lt\/product\/witryna-wiszaca-apulia-45-cm-bezowa-minimalistyczny-design-stylowa-witryna-do-salonu-prosta-bryla-wpisujaca-sie-w-kazde-wnetrze\/"},"modified":"2026-02-11T18:01:32","modified_gmt":"2026-02-11T15:01:32","slug":"witryna-wiszaca-apulia-45-cm-bezowa-minimalistyczny-design-stylowa-witryna-do-salonu-prosta-bryla-wpisujaca-sie-w-kazde-wnetrze","status":"publish","type":"product","link":"https:\/\/baldumarket.lt\/lt\/product\/witryna-wiszaca-apulia-45-cm-bezowa-minimalistyczny-design-stylowa-witryna-do-salonu-prosta-bryla-wpisujaca-sie-w-kazde-wnetrze\/","title":{"rendered":"Pakabinama \u201eApulia\u201c vitrina, 45 cm, sm\u0117lio spalvos, minimalistinio dizaino, stilinga vitrina svetainei, paprastos formos, tinkanti bet kokiam interjerui"},"content":{"rendered":"<p>Sm\u0117lio spalvos pakabinama vitrina \u201eApulia\u201c yra modernus baldas, kuris stilingai papildys j\u016bs\u0173 interjer\u0105.<br \/>\n\u201eApulia\u201c vitrina \u2013 tai madingas ir modernus baldas. Paprasta, geometrin\u0117 forma sukurs harmoning\u0105 ir unikal\u0173 interjer\u0105. Madingo ka\u0161myro atspalvio vitrina praskaidrins kambar\u012f ir sukurs jauki\u0105 atmosfer\u0105. Vitrinos buvimas taps stilingu kambario apdailos akcentu, suteikdamas jam moderni\u0105 ir unikali\u0105 atmosfer\u0105. Pakabinama \u201eApulia\u201c vitrina sukurs original\u0173 ir unikal\u0173 dekoro element\u0105.<br \/>\nVitrinos stiklinis priekis leis jums pademonstruoti aksesuarus, kurie puo\u0161ia j\u016bs\u0173 svetain\u0119. Subtiliai i\u0161siki\u0161\u0119s priekis taip pat atlieka rankenos funkcij\u0105. Vitrina pagaminta i\u0161 auk\u0161tos kokyb\u0117s laminuotos plok\u0161t\u0117s, kuri yra atspari i\u0161oriniams veiksniams, tokiems kaip \u012flenkimai, sm\u016bgiai ir \u012fbr\u0117\u017eimai.<br \/>\n\u201eApulia\u201c vitrina pasi\u017eymi paprasta forma, kuri sukuria modernius, bet eleganti\u0161kus i\u0161d\u0117stymus.<br \/>\nVitrina garantuoja patog\u0173 ir be r\u016bpes\u010di\u0173 naudojim\u0105 bei viso baldo patvarum\u0105 daugel\u012f met\u0173. Madingas ka\u0161myro sm\u0117lio spalvos atspalvis puikiai dera su kitomis spalvomis, tod\u0117l stiklin\u0117s vitrinos i\u0161 \u201eApulia\u201c kolekcijos puikiai tinka kaip vitrina svetainei, vitrina valgomajam ar valgomojo kambariui.<br \/>\n\u201eApulia\u201c vitrin\u0105 galima ap\u0161viesti LED \u0161viestuvais, kuriuos galite \u012fsigyti m\u016bs\u0173 parduotuv\u0117je.<br \/>\nVitrinos matmenys:<br \/>\n\u016agis: 117 cm<br \/>\nPlotis: 45 cm<br \/>\nGylis: 32 cm<\/p>","protected":false},"excerpt":{"rendered":"<p>plotis: 45 cm<br \/>\n\u016bgis: 117 cm<br \/>\ngylis: 32 cm<\/p>","protected":false},"featured_media":329729,"comment_status":"open","ping_status":"open","template":"","meta":[],"product_brand":[],"product_cat":[9235,2006],"product_tag":[],"class_list":{"0":"post-329728","1":"product","2":"type-product","3":"status-publish","4":"has-post-thumbnail","6":"product_cat-gib-meble","7":"product_cat-vitrines","9":"first","10":"instock","11":"purchasable","12":"product-type-simple"},"_links":{"self":[{"href":"https:\/\/baldumarket.lt\/lt\/wp-json\/wp\/v2\/product\/329728","targetHints":{"allow":["GET"]}}],"collection":[{"href":"https:\/\/baldumarket.lt\/lt\/wp-json\/wp\/v2\/product"}],"about":[{"href":"https:\/\/baldumarket.lt\/lt\/wp-json\/wp\/v2\/types\/product"}],"replies":[{"embeddable":true,"href":"https:\/\/baldumarket.lt\/lt\/wp-json\/wp\/v2\/comments?post=329728"}],"wp:featuredmedia":[{"embeddable":true,"href":"https:\/\/baldumarket.lt\/lt\/wp-json\/wp\/v2\/media\/329729"}],"wp:attachment":[{"href":"https:\/\/baldumarket.lt\/lt\/wp-json\/wp\/v2\/media?parent=329728"}],"wp:term":[{"taxonomy":"product_brand","embeddable":true,"href":"https:\/\/baldumarket.lt\/lt\/wp-json\/wp\/v2\/product_brand?post=329728"},{"taxonomy":"product_cat","embeddable":true,"href":"https:\/\/baldumarket.lt\/lt\/wp-json\/wp\/v2\/product_cat?post=329728"},{"taxonomy":"product_tag","embeddable":true,"href":"https:\/\/baldumarket.lt\/lt\/wp-json\/wp\/v2\/product_tag?post=329728"}],"curies":[{"name":"wp","href":"https:\/\/api.w.org\/{rel}","templated":true}]}}