{"id":329711,"date":"2026-01-16T22:45:39","date_gmt":"2026-01-16T19:45:39","guid":{"rendered":"https:\/\/baldumarket.lt\/product\/szafa-przesuwna-z-lustrem-denver-150-cm-dab-monastery-czarny-polysk-nowoczesna-szafa-idealnie-wpisujaca-sie-w-kazdy-styl-aranzacyjny\/"},"modified":"2026-02-11T18:01:32","modified_gmt":"2026-02-11T15:01:32","slug":"szafa-przesuwna-z-lustrem-denver-150-cm-dab-monastery-czarny-polysk-nowoczesna-szafa-idealnie-wpisujaca-sie-w-kazdy-styl-aranzacyjny","status":"publish","type":"product","link":"https:\/\/baldumarket.lt\/lt\/product\/szafa-przesuwna-z-lustrem-denver-150-cm-dab-monastery-czarny-polysk-nowoczesna-szafa-idealnie-wpisujaca-sie-w-kazdy-styl-aranzacyjny\/","title":{"rendered":"Denver stumdoma spinta su veidrod\u017eiu 150 cm, Monastery \u0105\u017euolas \/ juodas blizgus, moderni spinta, puikiai tinkanti bet kokiam interjero stiliui"},"content":{"rendered":"<p>150 cm \u201eDenver\u201c stumdoma spinta su veidrod\u017eiu \u201eMonoye Oak\/Black\u201c spalvos \u2013 paprastas, ta\u010diau labai stilingas ir modernus baldas.<br \/>\n\u201eDenver\u201c kolekcijos stumdoma spinta \u2013 puikus pasirinkimas vertinantiems klasikin\u012f interjer\u0105. Madingos spalvos ir kruop\u0161ti \u0161ios spintos apdaila suteiks interjerui eleganti\u0161k\u0105 ir esteti\u0161k\u0105 i\u0161vaizd\u0105. I\u0161skirtiniai \u0161ios miegamojo spintos elementai \u2013 blizg\u016bs juodi \u012fd\u0117klai, sukuriantys trimat\u012f efekt\u0105. \u201eDenver\u201c stumdoma spinta \u2013 tai universalus baldas, kuris puikiai papildys miegamojo, jaunimo kambario ar net prie\u0161kambario ar r\u016bbin\u0117s estetik\u0105, suteikdamas erdvei elegancijos ir modernaus stiliaus.<br \/>\n\u201eDenver\u201c spinta yra padalinta \u012f sekcij\u0105 su dviem b\u0117geliais ir sekcij\u0105 su lentynomis. Didelis veidrodis vizualiai padidins ir pa\u0161viesins kambar\u012f. Spinta pagaminta i\u0161 auk\u0161tos kokyb\u0117s laminuotos plok\u0161t\u0117s, kuri yra atspari i\u0161oriniams veiksniams, tokiems kaip \u012flenkimai, sm\u016bgiai ir \u012fbr\u0117\u017eimai. Tiksli apdaila ir d\u0117mesys detal\u0117ms u\u017etikrina, kad \u201eDenver\u201c prie\u0161kambario spinta daugel\u012f met\u0173 i\u0161laikys gra\u017ei\u0105 i\u0161vaizd\u0105 nepakenkdama savo funkcionalumui.<br \/>\n\u201eDenver\u201c spinta buvo sukurta tiems, kurie vertina modernius baldus ir patogum\u0105 kasdienio naudojimo metu.<br \/>\nBaldai pagaminti su dviem stumdomomis durimis. \u201eDenver\u201c spinta sukurta atsi\u017evelgiant \u012f funkcionalum\u0105 ir prakti\u0161kum\u0105, si\u016blant daug vietos daiktams susid\u0117ti. Kontrastingos ir i\u0161rai\u0161kingos spalvos puikiai papildys klasikin\u012f interjer\u0105, tod\u0117l spinta su veidrod\u017eiu yra puikus pasirinkimas vaik\u0173 kambariui, miegamajam ar prie\u0161kambariui. \u201eDenver\u201c spinta su stumdomomis durimis taip pat bus puikus pasirinkimas vaik\u0173 kambariui. Ji taip pat puikiai tinka kaip prie\u0161kambario spinta.<br \/>\nStumdomos spintos su veidrod\u017eiu matmenys:<br \/>\n\u016agis: 215 cm<br \/>\nPlotis: 150 cm<br \/>\nGylis: 68,5 cm<\/p>","protected":false},"excerpt":{"rendered":"<p>plotis: 150 cm<br \/>\nauk\u0161tis: 215 cm<br \/>\ngylis: 68,5 cm<\/p>","protected":false},"featured_media":329712,"comment_status":"open","ping_status":"open","template":"","meta":[],"product_brand":[],"product_cat":[9235,1177],"product_tag":[],"class_list":{"0":"post-329711","1":"product","2":"type-product","3":"status-publish","4":"has-post-thumbnail","6":"product_cat-gib-meble","7":"product_cat-wardrobes","9":"first","10":"instock","11":"purchasable","12":"product-type-simple"},"_links":{"self":[{"href":"https:\/\/baldumarket.lt\/lt\/wp-json\/wp\/v2\/product\/329711","targetHints":{"allow":["GET"]}}],"collection":[{"href":"https:\/\/baldumarket.lt\/lt\/wp-json\/wp\/v2\/product"}],"about":[{"href":"https:\/\/baldumarket.lt\/lt\/wp-json\/wp\/v2\/types\/product"}],"replies":[{"embeddable":true,"href":"https:\/\/baldumarket.lt\/lt\/wp-json\/wp\/v2\/comments?post=329711"}],"wp:featuredmedia":[{"embeddable":true,"href":"https:\/\/baldumarket.lt\/lt\/wp-json\/wp\/v2\/media\/329712"}],"wp:attachment":[{"href":"https:\/\/baldumarket.lt\/lt\/wp-json\/wp\/v2\/media?parent=329711"}],"wp:term":[{"taxonomy":"product_brand","embeddable":true,"href":"https:\/\/baldumarket.lt\/lt\/wp-json\/wp\/v2\/product_brand?post=329711"},{"taxonomy":"product_cat","embeddable":true,"href":"https:\/\/baldumarket.lt\/lt\/wp-json\/wp\/v2\/product_cat?post=329711"},{"taxonomy":"product_tag","embeddable":true,"href":"https:\/\/baldumarket.lt\/lt\/wp-json\/wp\/v2\/product_tag?post=329711"}],"curies":[{"name":"wp","href":"https:\/\/api.w.org\/{rel}","templated":true}]}}