{"id":329699,"date":"2026-01-16T22:45:30","date_gmt":"2026-01-16T19:45:30","guid":{"rendered":"https:\/\/baldumarket.lt\/product\/komoda-z-szufladami-maxione-99-cm-biala-minimalistyczny-design-klasyczna-forma-idealna-komoda-do-salonu-lub-pokoju-dziennego\/"},"modified":"2026-02-11T18:01:33","modified_gmt":"2026-02-11T15:01:33","slug":"komoda-z-szufladami-maxione-99-cm-biala-minimalistyczny-design-klasyczna-forma-idealna-komoda-do-salonu-lub-pokoju-dziennego","status":"publish","type":"product","link":"https:\/\/baldumarket.lt\/lt\/product\/komoda-z-szufladami-maxione-99-cm-biala-minimalistyczny-design-klasyczna-forma-idealna-komoda-do-salonu-lub-pokoju-dziennego\/","title":{"rendered":"\u201eMaxione\u201c komoda, 99 cm, balta, minimalistinio dizaino, klasikin\u0117s formos, puikiai tinka svetainei ar poilsio kambariui"},"content":{"rendered":"<p>Balta \u201eMaxione\u201c 99 cm komoda puikiai tiks bet kuriame miegamajame, svetain\u0117je ar darbo kambaryje.<br \/>\n\u201eMaxione\u201c kolekcijos komoda \u2013 idealus pasirinkimas vertinantiems klasikin\u012f dizain\u0105. Madingos spalvos ir kruop\u0161ti komodos apdaila suteiks interjerui elegancijos ir estetinio patrauklumo. Erdviuose stal\u010diuose tilps visi j\u016bs\u0173 daiktai ir b\u016btiniausi aksesuarai. Komoda suteiks miegamajam stiling\u0105 akcent\u0105 ir sukurs unikali\u0105 atmosfer\u0105. \u201eMaxione\u201c komoda puikiai der\u0117s tiek klasikiniame, tiek moderniame interjere.<br \/>\nKomoda pagaminta i\u0161 auk\u0161tos kokyb\u0117s 16 mm laminuotos plok\u0161t\u0117s, atsparios i\u0161oriniams veiksniams, tokiems kaip \u012flenkimai, sm\u016bgiai ir \u012fbr\u0117\u017eimai. Stilingi fasadai apdailinti paprastomis, juodomis ranken\u0117l\u0117mis, kurios, be pagrindin\u0117s funkcijos, suteikia i\u0161skirtinai skoning\u0105 i\u0161vaizd\u0105. Tiksli apdaila ir d\u0117mesys detal\u0117ms u\u017etikrina, kad \u201eMaxione\u201c komoda daugel\u012f met\u0173 i\u0161laikys gra\u017ei\u0105 i\u0161vaizd\u0105 neprarandant funkcionalumo.<br \/>\n\u201eMaxione\u201c komoda tiks bet kuriame miegamajame pagal j\u016bs\u0173 m\u0117gstam\u0105 stili\u0173.<br \/>\nKomoda turi 4 stal\u010dius. Komoda garantuoja patog\u0173 ir be r\u016bpes\u010di\u0173 naudojim\u0105 bei viso baldo patvarum\u0105 daugel\u012f met\u0173. Nesenstanti balta apdaila suteiks kambariui \u0161viesumo ir jaukumo, tod\u0117l \u201eMaxione\u201c komoda puikiai tinka kaip komoda originalios apdailos svetainei, komoda svetainei arba komoda moderniam miegamajam. Komoda taip pat puikiai tiks kaip biuro baldas.<br \/>\nKomodos matmenys:<br \/>\nAuk\u0161tis: 87 cm<br \/>\nPlotis: 99 cm<br \/>\nGylis: 40 cm<\/p>","protected":false},"excerpt":{"rendered":"<p>plotis: 99 cm<br \/>\nauk\u0161tis: 87 cm<br \/>\ngylis: 40 cm<\/p>","protected":false},"featured_media":329700,"comment_status":"open","ping_status":"open","template":"","meta":[],"product_brand":[],"product_cat":[9235,1173],"product_tag":[],"class_list":{"0":"post-329699","1":"product","2":"type-product","3":"status-publish","4":"has-post-thumbnail","6":"product_cat-gib-meble","7":"product_cat-chests-of-drawers","9":"first","10":"instock","11":"purchasable","12":"product-type-simple"},"_links":{"self":[{"href":"https:\/\/baldumarket.lt\/lt\/wp-json\/wp\/v2\/product\/329699","targetHints":{"allow":["GET"]}}],"collection":[{"href":"https:\/\/baldumarket.lt\/lt\/wp-json\/wp\/v2\/product"}],"about":[{"href":"https:\/\/baldumarket.lt\/lt\/wp-json\/wp\/v2\/types\/product"}],"replies":[{"embeddable":true,"href":"https:\/\/baldumarket.lt\/lt\/wp-json\/wp\/v2\/comments?post=329699"}],"wp:featuredmedia":[{"embeddable":true,"href":"https:\/\/baldumarket.lt\/lt\/wp-json\/wp\/v2\/media\/329700"}],"wp:attachment":[{"href":"https:\/\/baldumarket.lt\/lt\/wp-json\/wp\/v2\/media?parent=329699"}],"wp:term":[{"taxonomy":"product_brand","embeddable":true,"href":"https:\/\/baldumarket.lt\/lt\/wp-json\/wp\/v2\/product_brand?post=329699"},{"taxonomy":"product_cat","embeddable":true,"href":"https:\/\/baldumarket.lt\/lt\/wp-json\/wp\/v2\/product_cat?post=329699"},{"taxonomy":"product_tag","embeddable":true,"href":"https:\/\/baldumarket.lt\/lt\/wp-json\/wp\/v2\/product_tag?post=329699"}],"curies":[{"name":"wp","href":"https:\/\/api.w.org\/{rel}","templated":true}]}}