{"id":329693,"date":"2026-01-16T22:45:26","date_gmt":"2026-01-16T19:45:26","guid":{"rendered":"https:\/\/baldumarket.lt\/product\/biurko-maxione-120-cm-biale-nowoczesne-biurko-szufladami-uniwersalny-design-idealne-wpasuje-sie-do-pokoju-nastolatka-lub-gabinetu\/"},"modified":"2026-02-11T18:01:33","modified_gmt":"2026-02-11T15:01:33","slug":"biurko-maxione-120-cm-biale-nowoczesne-biurko-szufladami-uniwersalny-design-idealne-wpasuje-sie-do-pokoju-nastolatka-lub-gabinetu","status":"publish","type":"product","link":"https:\/\/baldumarket.lt\/lt\/product\/biurko-maxione-120-cm-biale-nowoczesne-biurko-szufladami-uniwersalny-design-idealne-wpasuje-sie-do-pokoju-nastolatka-lub-gabinetu\/","title":{"rendered":"\u201eMaxione\u201c ra\u0161omasis stalas, 120 cm, baltas, modernus, universalaus dizaino stalas su stal\u010diais, puikiai tiks paauglio ar biure"},"content":{"rendered":"<p>120 cm plo\u010dio baltas \u201eMaxione\u201c ra\u0161omasis stalas puikiai tiks bet kuriame biure, darbo kambaryje ar paauglio kambaryje.<br \/>\n\u0160is \u201eMaxione\u201c kolekcijos ra\u0161omasis stalas \u2013 idealus pasirinkimas vertinantiems klasikin\u012f dizain\u0105. Madingos spalvos ir kruop\u0161ti stalo su stal\u010diais apdaila suteiks interjerui elegancijos ir estetinio patrauklumo. Erdviuose stal\u010diuose tilps visi j\u016bs\u0173 daiktai ir b\u016btini aksesuarai. Ra\u0161omasis stalas suteiks stiling\u0105 akcent\u0105 biurui ar paauglio kambariui ir sukurs unikali\u0105 atmosfer\u0105. \u201eMaxione\u201c ra\u0161omasis stalas su stal\u010diais puikiai der\u0117s tiek prie klasikinio, tiek prie modernaus interjero.<br \/>\nStalas pagamintas i\u0161 auk\u0161tos kokyb\u0117s 16 mm storio laminuotos plok\u0161t\u0117s, kuri yra atspari i\u0161oriniams veiksniams, tokiems kaip \u012flenkimai, sm\u016bgiai ir \u012fbr\u0117\u017eimai. Stal\u010di\u0173 fasadai stilingai apdailinti paprastomis, juodomis ranken\u0117l\u0117mis, kurios, be pagrindin\u0117s funkcijos, suteikia i\u0161skirtinai eleganti\u0161k\u0105 i\u0161vaizd\u0105. Tiksli apdaila ir d\u0117mesys detal\u0117ms u\u017etikrina, kad \u201eMaxione\u201c stalas daugel\u012f met\u0173 i\u0161laikys gra\u017ei\u0105 i\u0161vaizd\u0105 neprarandant funkcionalumo.<br \/>\n\u201eMaxione\u201c ra\u0161omasis stalas tiks bet kuriame kambaryje pagal j\u016bs\u0173 m\u0117gstam\u0105 stili\u0173.<br \/>\nStalas turi ergonomi\u0161k\u0105 stalvir\u0161\u012f ir 4 stal\u010dius. Paprasti balti \u201eMaxione\u201c stalai garantuoja patog\u0173 ir be r\u016bpes\u010di\u0173 naudojim\u0105 bei ilgaam\u017ei\u0161kum\u0105 daugel\u012f met\u0173. Nesenstanti balta apdaila suteiks kambariui \u0161viesi\u0105 ir jauki\u0105 atmosfer\u0105, tod\u0117l \u201eMaxione\u201c stalai puikiai tinka kaip nam\u0173 biuro stalai ar vaik\u0173 stalai. Stalas taip pat gali b\u016bti naudojamas kaip tualetinis staliukas, tod\u0117l lengva susid\u0117ti moteri\u0161k\u0105 kosmetik\u0105 ir kitus smulkius daiktus.<br \/>\nStalo matmenys:<br \/>\nAuk\u0161tis: 75 cm<br \/>\nPlotis: 120 cm<br \/>\nGylis: 60 cm<\/p>","protected":false},"excerpt":{"rendered":"<p>plotis: 120 cm<br \/>\nauk\u0161tis: 75 cm<br \/>\ngylis: 60 cm<\/p>","protected":false},"featured_media":329694,"comment_status":"open","ping_status":"open","template":"","meta":[],"product_brand":[],"product_cat":[9235,1312],"product_tag":[],"class_list":{"0":"post-329693","1":"product","2":"type-product","3":"status-publish","4":"has-post-thumbnail","6":"product_cat-gib-meble","7":"product_cat-desks","9":"first","10":"instock","11":"purchasable","12":"product-type-simple"},"_links":{"self":[{"href":"https:\/\/baldumarket.lt\/lt\/wp-json\/wp\/v2\/product\/329693","targetHints":{"allow":["GET"]}}],"collection":[{"href":"https:\/\/baldumarket.lt\/lt\/wp-json\/wp\/v2\/product"}],"about":[{"href":"https:\/\/baldumarket.lt\/lt\/wp-json\/wp\/v2\/types\/product"}],"replies":[{"embeddable":true,"href":"https:\/\/baldumarket.lt\/lt\/wp-json\/wp\/v2\/comments?post=329693"}],"wp:featuredmedia":[{"embeddable":true,"href":"https:\/\/baldumarket.lt\/lt\/wp-json\/wp\/v2\/media\/329694"}],"wp:attachment":[{"href":"https:\/\/baldumarket.lt\/lt\/wp-json\/wp\/v2\/media?parent=329693"}],"wp:term":[{"taxonomy":"product_brand","embeddable":true,"href":"https:\/\/baldumarket.lt\/lt\/wp-json\/wp\/v2\/product_brand?post=329693"},{"taxonomy":"product_cat","embeddable":true,"href":"https:\/\/baldumarket.lt\/lt\/wp-json\/wp\/v2\/product_cat?post=329693"},{"taxonomy":"product_tag","embeddable":true,"href":"https:\/\/baldumarket.lt\/lt\/wp-json\/wp\/v2\/product_tag?post=329693"}],"curies":[{"name":"wp","href":"https:\/\/api.w.org\/{rel}","templated":true}]}}