{"id":329681,"date":"2026-01-16T22:45:14","date_gmt":"2026-01-16T19:45:14","guid":{"rendered":"https:\/\/baldumarket.lt\/product\/szafka-rtv-maxione-190-cm-biala-pojemna-szafka-pod-telewizor-w-stylu-klasycznym-prosta-konstrukcja-uniwersalna-kolorystyka\/"},"modified":"2026-02-11T18:01:33","modified_gmt":"2026-02-11T15:01:33","slug":"szafka-rtv-maxione-190-cm-biala-pojemna-szafka-pod-telewizor-w-stylu-klasycznym-prosta-konstrukcja-uniwersalna-kolorystyka","status":"publish","type":"product","link":"https:\/\/baldumarket.lt\/lt\/product\/szafka-rtv-maxione-190-cm-biala-pojemna-szafka-pod-telewizor-w-stylu-klasycznym-prosta-konstrukcja-uniwersalna-kolorystyka\/","title":{"rendered":"\u201eMaxione\u201c televizoriaus spintel\u0117, 190 cm, balta, erdvi, klasikinio stiliaus, paprasto dizaino, universali\u0173 spalv\u0173"},"content":{"rendered":"<p>Baltas 190 cm plo\u010dio \u201eMaxione\u201c televizoriaus staliukas puikiai tiks bet kurioje svetain\u0117je ar darbo kambaryje.<br \/>\n\u0160is \u201eMaxione\u201c kolekcijos televizoriaus staliukas \u2013 idealus pasirinkimas vertinantiems klasikin\u012f dizain\u0105. Madingos spalvos ir kruop\u0161ti televizoriaus staliuko apdaila suteiks interjerui eleganti\u0161k\u0105 ir esteti\u0161k\u0105 i\u0161vaizd\u0105. Erdviose spintel\u0117se tilps visi j\u016bs\u0173 daiktai ir b\u016btiniausi aksesuarai. Televizoriaus staliukas suteiks j\u016bs\u0173 svetainei stiling\u0105 akcent\u0105 ir sukurs unikali\u0105 atmosfer\u0105. \u201eMaxione\u201c televizoriaus staliukas puikiai der\u0117s tiek prie klasikinio, tiek prie modernaus interjero.<br \/>\nTelevizoriaus staliukas pagamintas i\u0161 auk\u0161tos kokyb\u0117s 16 mm laminuotos plok\u0161t\u0117s, atsparios i\u0161oriniams veiksniams, tokiems kaip \u012flenkimai, sm\u016bgiai ir \u012fbr\u0117\u017eimai. Stilingi fasadai apdailinti paprastomis, juodomis ranken\u0117l\u0117mis, kurios, be pagrindin\u0117s funkcijos, suteikia i\u0161skirtinai eleganti\u0161k\u0105 i\u0161vaizd\u0105. Tiksli apdaila ir d\u0117mesys detal\u0117ms u\u017etikrina, kad \u201eMaxione\u201c televizoriaus staliukas daugel\u012f met\u0173 i\u0161laikys gra\u017ei\u0105 i\u0161vaizd\u0105 neprarandant funkcionalumo.<br \/>\n\u201eMaxione\u201c televizoriaus staliukas tiks bet kurioje svetain\u0117je pagal j\u016bs\u0173 m\u0117gstam\u0105 stili\u0173.<br \/>\nTelevizoriaus staliukas turi dvejas \u017eemyn atsidaran\u010dias dureles ir lentyn\u0105. Stovo centre esanti \u012fduba puikiai tinka televizoriaus \u012frangai ar \u017eaidim\u0173 konsolei. Televizoriaus staliukas garantuoja patog\u0173 ir be r\u016bpes\u010di\u0173 naudojim\u0105 bei u\u017etikrina viso baldo patvarum\u0105 daugel\u012f met\u0173. Nesenstanti balta apdaila suteiks kambariui \u0161viesumo ir jaukumo poj\u016bt\u012f, tod\u0117l \u201eMaxione\u201c televizoriaus staliukai puikiai tinka erdviems, \u0161viesiems modernaus stiliaus interjerams. Modern\u016bs ir industrinio stiliaus televizoriaus staliukai su eleganti\u0161ka apdaila puikiai papildys bet kok\u012f interjer\u0105.<br \/>\nTelevizoriaus stovo matmenys:<br \/>\nAuk\u0161tis: 38 cm<br \/>\nPlotis: 190 cm<br \/>\nGylis: 40 cm<\/p>","protected":false},"excerpt":{"rendered":"<p>plotis: 190 cm<br \/>\nauk\u0161tis: 38 cm<br \/>\ngylis: 40 cm<\/p>","protected":false},"featured_media":329682,"comment_status":"open","ping_status":"open","template":"","meta":[],"product_brand":[],"product_cat":[9235,1175],"product_tag":[],"class_list":{"0":"post-329681","1":"product","2":"type-product","3":"status-publish","4":"has-post-thumbnail","6":"product_cat-gib-meble","7":"product_cat-tv-stands","9":"first","10":"instock","11":"purchasable","12":"product-type-simple"},"_links":{"self":[{"href":"https:\/\/baldumarket.lt\/lt\/wp-json\/wp\/v2\/product\/329681","targetHints":{"allow":["GET"]}}],"collection":[{"href":"https:\/\/baldumarket.lt\/lt\/wp-json\/wp\/v2\/product"}],"about":[{"href":"https:\/\/baldumarket.lt\/lt\/wp-json\/wp\/v2\/types\/product"}],"replies":[{"embeddable":true,"href":"https:\/\/baldumarket.lt\/lt\/wp-json\/wp\/v2\/comments?post=329681"}],"wp:featuredmedia":[{"embeddable":true,"href":"https:\/\/baldumarket.lt\/lt\/wp-json\/wp\/v2\/media\/329682"}],"wp:attachment":[{"href":"https:\/\/baldumarket.lt\/lt\/wp-json\/wp\/v2\/media?parent=329681"}],"wp:term":[{"taxonomy":"product_brand","embeddable":true,"href":"https:\/\/baldumarket.lt\/lt\/wp-json\/wp\/v2\/product_brand?post=329681"},{"taxonomy":"product_cat","embeddable":true,"href":"https:\/\/baldumarket.lt\/lt\/wp-json\/wp\/v2\/product_cat?post=329681"},{"taxonomy":"product_tag","embeddable":true,"href":"https:\/\/baldumarket.lt\/lt\/wp-json\/wp\/v2\/product_tag?post=329681"}],"curies":[{"name":"wp","href":"https:\/\/api.w.org\/{rel}","templated":true}]}}