{"id":329675,"date":"2026-01-16T22:45:09","date_gmt":"2026-01-16T19:45:09","guid":{"rendered":"https:\/\/baldumarket.lt\/product\/szafka-nocna-maxione-biala-elegancka-szafka-z-szufladami-do-sypialni-funkcjonalny-mebel-w-ponadczasowym-designie\/"},"modified":"2026-02-11T18:01:33","modified_gmt":"2026-02-11T15:01:33","slug":"szafka-nocna-maxione-biala-elegancka-szafka-z-szufladami-do-sypialni-funkcjonalny-mebel-w-ponadczasowym-designie","status":"publish","type":"product","link":"https:\/\/baldumarket.lt\/lt\/product\/szafka-nocna-maxione-biala-elegancka-szafka-z-szufladami-do-sypialni-funkcjonalny-mebel-w-ponadczasowym-designie\/","title":{"rendered":"\u201eMaxione\u201c baltas naktinis staliukas su stal\u010diais \u2013 funkcionalus, nesenstan\u010dio dizaino baldas"},"content":{"rendered":"<p>Baltas \u201eMaxione\u201c naktinis staliukas su stal\u010diais puikiai papildys bet kur\u012f miegam\u0105j\u012f ar jaunimo kambar\u012f.<br \/>\n\u0160is naktinis staliukas i\u0161 \u201eMaxione\u201c kolekcijos \u2013 idealus pasirinkimas vertinantiems klasikin\u012f dizain\u0105. Madingos spalvos ir kruop\u0161ti naktinio stalelio apdaila suteiks interjerui elegancijos ir estetinio patrauklumo. Erdviuose stal\u010diuose tilps visi j\u016bs\u0173 daiktai ir b\u016btiniausi aksesuarai. Naktinis staliukas suteiks miegamajam stiling\u0105 akcent\u0105 ir sukurs unikali\u0105 atmosfer\u0105. \u201eMaxione\u201c naktinis staliukas puikiai der\u0117s tiek prie klasikinio, tiek prie modernaus interjero.<br \/>\nNaktinis staliukas pagamintas i\u0161 auk\u0161tos kokyb\u0117s 16 mm laminuotos plok\u0161t\u0117s, kuri yra atspari i\u0161oriniams veiksniams, tokiems kaip \u012flenkimai, sm\u016bgiai ir \u012fbr\u0117\u017eimai. Stal\u010di\u0173 fasadai stilingai apdailinti paprastomis, juodomis ranken\u0117l\u0117mis, kurios, be pagrindin\u0117s funkcijos, sukuria i\u0161skirtinai skoning\u0105 i\u0161vaizd\u0105. Tiksli apdaila ir d\u0117mesys detal\u0117ms u\u017etikrina, kad \u201eMaxione\u201c naktinis staliukas daugel\u012f met\u0173 i\u0161laikys gra\u017ei\u0105 i\u0161vaizd\u0105 neprarandant funkcionalumo.<br \/>\n\u201eMaxione\u201c naktinis staliukas tiks bet kuriame miegamajame pagal j\u016bs\u0173 m\u0117gstam\u0105 stili\u0173.<br \/>\nNaktinis staliukas turi du stal\u010dius. Naktinis staliukas garantuoja patog\u0173 ir be r\u016bpes\u010di\u0173 naudojim\u0105 bei viso baldo patvarum\u0105 daugel\u012f met\u0173. Nesenstanti balta spalva suteiks kambariui \u0161viesi\u0105 ir jauki\u0105 atmosfer\u0105, tod\u0117l \u201eMaxione\u201c naktiniai staliukai taip pat puikiai tinka vaikams ar paaugliams.<br \/>\nNaktinio stalelio matmenys:<br \/>\nAuk\u0161tis: 47 cm<br \/>\nPlotis: 51 cm<br \/>\nGylis: 40 cm<\/p>","protected":false},"excerpt":{"rendered":"<p>plotis: 51 cm<br \/>\nauk\u0161tis: 47 cm<br \/>\ngylis: 40 cm<\/p>","protected":false},"featured_media":329676,"comment_status":"open","ping_status":"open","template":"","meta":[],"product_brand":[],"product_cat":[9235,1176],"product_tag":[],"class_list":{"0":"post-329675","1":"product","2":"type-product","3":"status-publish","4":"has-post-thumbnail","6":"product_cat-gib-meble","7":"product_cat-bedside-tables","9":"first","10":"instock","11":"purchasable","12":"product-type-simple"},"_links":{"self":[{"href":"https:\/\/baldumarket.lt\/lt\/wp-json\/wp\/v2\/product\/329675","targetHints":{"allow":["GET"]}}],"collection":[{"href":"https:\/\/baldumarket.lt\/lt\/wp-json\/wp\/v2\/product"}],"about":[{"href":"https:\/\/baldumarket.lt\/lt\/wp-json\/wp\/v2\/types\/product"}],"replies":[{"embeddable":true,"href":"https:\/\/baldumarket.lt\/lt\/wp-json\/wp\/v2\/comments?post=329675"}],"wp:featuredmedia":[{"embeddable":true,"href":"https:\/\/baldumarket.lt\/lt\/wp-json\/wp\/v2\/media\/329676"}],"wp:attachment":[{"href":"https:\/\/baldumarket.lt\/lt\/wp-json\/wp\/v2\/media?parent=329675"}],"wp:term":[{"taxonomy":"product_brand","embeddable":true,"href":"https:\/\/baldumarket.lt\/lt\/wp-json\/wp\/v2\/product_brand?post=329675"},{"taxonomy":"product_cat","embeddable":true,"href":"https:\/\/baldumarket.lt\/lt\/wp-json\/wp\/v2\/product_cat?post=329675"},{"taxonomy":"product_tag","embeddable":true,"href":"https:\/\/baldumarket.lt\/lt\/wp-json\/wp\/v2\/product_tag?post=329675"}],"curies":[{"name":"wp","href":"https:\/\/api.w.org\/{rel}","templated":true}]}}