{"id":329670,"date":"2026-01-16T22:45:05","date_gmt":"2026-01-16T19:45:05","guid":{"rendered":"https:\/\/baldumarket.lt\/product\/regal-maxione-45-cm-bialy-funkcjonalny-regal-na-ksiazki-idealny-do-aranzacji-pokoju-nastolatka-lub-biura-prosta-i-uniwersalna-bryla\/"},"modified":"2026-02-11T18:01:33","modified_gmt":"2026-02-11T15:01:33","slug":"regal-maxione-45-cm-bialy-funkcjonalny-regal-na-ksiazki-idealny-do-aranzacji-pokoju-nastolatka-lub-biura-prosta-i-uniwersalna-bryla","status":"publish","type":"product","link":"https:\/\/baldumarket.lt\/lt\/product\/regal-maxione-45-cm-bialy-funkcjonalny-regal-na-ksiazki-idealny-do-aranzacji-pokoju-nastolatka-lub-biura-prosta-i-uniwersalna-bryla\/","title":{"rendered":"\u201eMaxione\u201c 45 cm balta knyg\u0173 lentyna, funkcionali knyg\u0173 lentyna, puikiai tinkanti paauglio kambariui ar biurui \u012frengti, paprastos ir universalios formos"},"content":{"rendered":"<p>Balta \u201eMaxione\u201c 45 cm knyg\u0173 lentyna puikiai papildys bet kuri\u0105 svetain\u0119 ar darbo kambar\u012f.<br \/>\n\u0160i \u201eMaxione\u201c kolekcijos knyg\u0173 lentyna \u2013 idealus pasirinkimas vertinantiems klasikin\u012f dizain\u0105. Madingos spalvos ir kruop\u0161ti knyg\u0173 lentynos apdaila suteiks interjerui elegancijos ir estetinio patrauklumo. Erdvios lentynos pad\u0117s susitvarkyti knygas, aksesuarus ir visus b\u016btiniausius daiktus kambaryje, dar labiau sustiprindamos bendr\u0105 poj\u016bt\u012f. Knyg\u0173 lentyna suteiks j\u016bs\u0173 svetainei stiling\u0105 akcent\u0105 ir sukurs unikali\u0105 atmosfer\u0105. \u201eMaxione\u201c knyg\u0173 lentyna puikiai der\u0117s tiek prie klasikinio, tiek prie modernaus interjero.<br \/>\nKnyg\u0173 lentyna pagaminta i\u0161 auk\u0161tos kokyb\u0117s 16 mm laminuotos plok\u0161t\u0117s, atsparios i\u0161oriniams veiksniams, tokiems kaip \u012flenkimai, sm\u016bgiai ir \u012fbr\u0117\u017eimai. Tiksli apdaila ir d\u0117mesys detal\u0117ms u\u017etikrina, kad \u201eMaxione\u201c knyg\u0173 lentyna daugel\u012f met\u0173 i\u0161laikys gra\u017ei\u0105 i\u0161vaizd\u0105 nepakenkdama savo funkcionalumui.<br \/>\n\u201eMaxione\u201c knyg\u0173 lentyna tiks bet kuriame kambaryje pagal j\u016bs\u0173 m\u0117gstam\u0105 stili\u0173. Knyg\u0173 lentyna garantuoja patog\u0173 ir be r\u016bpes\u010di\u0173 naudojim\u0105 bei viso baldo patvarum\u0105 daugel\u012f met\u0173. Nesenstanti balta spalva suteiks kambariui \u0161viesi\u0105 ir jauki\u0105 atmosfer\u0105, tod\u0117l \u201eMaxione\u201c knyg\u0173 lentynos puikiai tinka kaip svetain\u0117s, biuro ar darbo kambario knyg\u0173 lentynos.<br \/>\nKnyg\u0173 lentynos matmenys:<br \/>\n\u016agis: 206 cm<br \/>\nPlotis: 45 cm<br \/>\nGylis: 45 cm<\/p>","protected":false},"excerpt":{"rendered":"<p>plotis: 45 cm<br \/>\n\u016bgis: 206 cm<br \/>\ngylis: 45 cm<\/p>","protected":false},"featured_media":329671,"comment_status":"open","ping_status":"open","template":"","meta":[],"product_brand":[],"product_cat":[9235,1987],"product_tag":[],"class_list":{"0":"post-329670","1":"product","2":"type-product","3":"status-publish","4":"has-post-thumbnail","6":"product_cat-gib-meble","7":"product_cat-shelving-units","9":"first","10":"instock","11":"purchasable","12":"product-type-simple"},"_links":{"self":[{"href":"https:\/\/baldumarket.lt\/lt\/wp-json\/wp\/v2\/product\/329670","targetHints":{"allow":["GET"]}}],"collection":[{"href":"https:\/\/baldumarket.lt\/lt\/wp-json\/wp\/v2\/product"}],"about":[{"href":"https:\/\/baldumarket.lt\/lt\/wp-json\/wp\/v2\/types\/product"}],"replies":[{"embeddable":true,"href":"https:\/\/baldumarket.lt\/lt\/wp-json\/wp\/v2\/comments?post=329670"}],"wp:featuredmedia":[{"embeddable":true,"href":"https:\/\/baldumarket.lt\/lt\/wp-json\/wp\/v2\/media\/329671"}],"wp:attachment":[{"href":"https:\/\/baldumarket.lt\/lt\/wp-json\/wp\/v2\/media?parent=329670"}],"wp:term":[{"taxonomy":"product_brand","embeddable":true,"href":"https:\/\/baldumarket.lt\/lt\/wp-json\/wp\/v2\/product_brand?post=329670"},{"taxonomy":"product_cat","embeddable":true,"href":"https:\/\/baldumarket.lt\/lt\/wp-json\/wp\/v2\/product_cat?post=329670"},{"taxonomy":"product_tag","embeddable":true,"href":"https:\/\/baldumarket.lt\/lt\/wp-json\/wp\/v2\/product_tag?post=329670"}],"curies":[{"name":"wp","href":"https:\/\/api.w.org\/{rel}","templated":true}]}}