{"id":329659,"date":"2026-01-16T22:44:56","date_gmt":"2026-01-16T19:44:56","guid":{"rendered":"https:\/\/baldumarket.lt\/product\/szafa-z-lustrem-maxione-150-cm-biala-funkcjonalna-szafa-do-sypialni-pokoju-mlodziezowego-lub-przedpokoju-wzbogacona-szufladami\/"},"modified":"2026-02-11T18:01:33","modified_gmt":"2026-02-11T15:01:33","slug":"szafa-z-lustrem-maxione-150-cm-biala-funkcjonalna-szafa-do-sypialni-pokoju-mlodziezowego-lub-przedpokoju-wzbogacona-szufladami","status":"publish","type":"product","link":"https:\/\/baldumarket.lt\/lt\/product\/szafa-z-lustrem-maxione-150-cm-biala-funkcjonalna-szafa-do-sypialni-pokoju-mlodziezowego-lub-przedpokoju-wzbogacona-szufladami\/","title":{"rendered":"\u201eMaxione\u201c 150 cm veidrodin\u0117 spinta, balta, funkcionali spinta miegamajam, jaunimo kambariui ar prie\u0161kambariui, praturtinta stal\u010diais"},"content":{"rendered":"<p>150 cm plo\u010dio ir plo\u010dio balta \u201eMaxione\u201c spinta su veidrod\u017eiu yra b\u016btinas baldas, kuris tiks prie daugelio interjer\u0173.<br \/>\nVeidrodin\u0117 \u201eMaxione\u201c kolekcijos spinta buvo sukurta atsi\u017evelgiant \u012f prakti\u0161k\u0105 erdv\u0117s organizavim\u0105. \u012esp\u016bdinga spintos talpa leid\u017eia harmoningai sutvarkyti bet koki\u0105 spint\u0105 ir b\u016btiniausius aksesuarus, i\u0161laikant estetik\u0105 ir elegancij\u0105. Madingos spalvos ir kruop\u0161ti spintos apdaila suteiks unikal\u0173 stilistin\u012f akcent\u0105 bet kuriame interjere. Spinta suteiks stiling\u0105 miegamojo ar persirengimo kambario akcent\u0105 ir sukurs unikali\u0105 atmosfer\u0105. \u201eMaxione\u201c spinta s\u0117kmingai papildys tiek klasikin\u012f, tiek modern\u0173 interjer\u0105.<br \/>\n\u201eOsma\u201c spinta yra padalinta \u012f dvi dalis: viena su drabu\u017ei\u0173 kabinimo b\u0117geliu, o kita \u2013 lentynomis. Erdv\u016bs stal\u010diai suteikia papildomos vietos daiktams susid\u0117ti. Spinta pagaminta i\u0161 auk\u0161tos kokyb\u0117s 16 mm storio laminuotos plok\u0161t\u0117s, kuri yra atspari i\u0161oriniams veiksniams, tokiems kaip \u012flenkimai, sm\u016bgiai ir \u012fbr\u0117\u017eimai. Centrin\u0117s durys apdailintos dideliu veidrod\u017eiu, kuris pa\u0161viesina ir vizualiai padidina erdv\u0119. Stilingi fasadai turi paprastas, juodas ranken\u0117les, kurios, be savo pagrindin\u0117s funkcijos, suteikia elegancijos. Spinta yra labai funkcionalaus dizaino ir si\u016blo daug vietos daiktams susid\u0117ti.<br \/>\n\u201eMaxione\u201c spinta ras savo viet\u0105 bet kuriame kambaryje, jei jums patinka j\u016bs\u0173 stilius.<br \/>\nVeidrodin\u0117 spinta turi tris duris ir du stal\u010dius. \u0160i miegamojo spinta garantuoja patog\u0173 ir be r\u016bpes\u010di\u0173 naudojim\u0105 bei viso baldo patvarum\u0105 daugel\u012f met\u0173. Nesenstanti balta spalva suteiks kambariui \u0161viesumo ir jaukumo, tod\u0117l \u0161i spinta puikiai tiks kaip veidrodin\u0117 spinta miegamajam, prie\u0161kambario spinta ar vaik\u0173 kambariui. \u201eMaxione\u201c spinta taip pat bus puikus pasirinkimas paauglio kambariui. Ji taip pat puikiai tinka kaip prie\u0161kambario spinta.<br \/>\nVeidrodin\u0117s spintos matmenys:<br \/>\n\u016agis: 206 cm<br \/>\nPlotis: 150 cm<br \/>\nGylis: 59 cm<\/p>","protected":false},"excerpt":{"rendered":"<p>plotis: 150 cm<br \/>\n\u016bgis: 206 cm<br \/>\ngylis: 59 cm<\/p>","protected":false},"featured_media":329660,"comment_status":"open","ping_status":"open","template":"","meta":[],"product_brand":[],"product_cat":[9235,1177],"product_tag":[],"class_list":{"0":"post-329659","1":"product","2":"type-product","3":"status-publish","4":"has-post-thumbnail","6":"product_cat-gib-meble","7":"product_cat-wardrobes","9":"first","10":"instock","11":"purchasable","12":"product-type-simple"},"_links":{"self":[{"href":"https:\/\/baldumarket.lt\/lt\/wp-json\/wp\/v2\/product\/329659","targetHints":{"allow":["GET"]}}],"collection":[{"href":"https:\/\/baldumarket.lt\/lt\/wp-json\/wp\/v2\/product"}],"about":[{"href":"https:\/\/baldumarket.lt\/lt\/wp-json\/wp\/v2\/types\/product"}],"replies":[{"embeddable":true,"href":"https:\/\/baldumarket.lt\/lt\/wp-json\/wp\/v2\/comments?post=329659"}],"wp:featuredmedia":[{"embeddable":true,"href":"https:\/\/baldumarket.lt\/lt\/wp-json\/wp\/v2\/media\/329660"}],"wp:attachment":[{"href":"https:\/\/baldumarket.lt\/lt\/wp-json\/wp\/v2\/media?parent=329659"}],"wp:term":[{"taxonomy":"product_brand","embeddable":true,"href":"https:\/\/baldumarket.lt\/lt\/wp-json\/wp\/v2\/product_brand?post=329659"},{"taxonomy":"product_cat","embeddable":true,"href":"https:\/\/baldumarket.lt\/lt\/wp-json\/wp\/v2\/product_cat?post=329659"},{"taxonomy":"product_tag","embeddable":true,"href":"https:\/\/baldumarket.lt\/lt\/wp-json\/wp\/v2\/product_tag?post=329659"}],"curies":[{"name":"wp","href":"https:\/\/api.w.org\/{rel}","templated":true}]}}