{"id":329647,"date":"2026-01-16T22:44:48","date_gmt":"2026-01-16T19:44:48","guid":{"rendered":"https:\/\/baldumarket.lt\/product\/nadstawka-do-szafy-maxione-150-cm-biala-funkcjonalna-szafka-powiekszy-miejsce-do-przechowywania-ubran-obuwia-i-dodatkow\/"},"modified":"2026-02-11T18:01:33","modified_gmt":"2026-02-11T15:01:33","slug":"nadstawka-do-szafy-maxione-150-cm-biala-funkcjonalna-szafka-powiekszy-miejsce-do-przechowywania-ubran-obuwia-i-dodatkow","status":"publish","type":"product","link":"https:\/\/baldumarket.lt\/lt\/product\/nadstawka-do-szafy-maxione-150-cm-biala-funkcjonalna-szafka-powiekszy-miejsce-do-przechowywania-ubran-obuwia-i-dodatkow\/","title":{"rendered":"\u201eMaxione\u201c spintos prailginimas, 150 cm, balta, funkcionali spintel\u0117 padidint\u0173 drabu\u017ei\u0173, bat\u0173 ir aksesuar\u0173 laikymo vieta"},"content":{"rendered":"<p>\u201eMaxione\u201c 150 cm spintos prailginimas, baltas.<br \/>\n\u0160is \u201eMaxione\u201c kolekcijos spintos prailginimas buvo sukurtas atsi\u017evelgiant \u012f prakti\u0161k\u0105 erdv\u0117s organizavim\u0105. Stilingi fasadai apdailinti paprastomis, juodomis ranken\u0117l\u0117mis, kurios, be pagrindin\u0117s funkcijos, sukuria i\u0161skirtinai skoning\u0105 i\u0161vaizd\u0105. Prailginimas yra labai funkcionalaus dizaino, si\u016blantis daug vietos daiktams susid\u0117ti. Baldai susideda i\u0161 trij\u0173 dureli\u0173. Prailginimas pagamintas i\u0161 auk\u0161tos kokyb\u0117s 16 mm laminuotos plok\u0161t\u0117s, kuri yra labai atspari i\u0161oriniams veiksniams, tokiems kaip \u012flenkimai, sm\u016bgiai ir \u012fbr\u0117\u017eimai.<br \/>\n\u0160is spintos prailginimas garantuoja patog\u0173 ir be r\u016bpes\u010di\u0173 naudojim\u0105 bei viso baldo patvarum\u0105 daugel\u012f met\u0173. Nesenstanti balta spalva suteiks kambariui \u0161viesi\u0105 ir jauki\u0105 atmosfer\u0105, tod\u0117l puikiai tiks prie veidrodin\u0117s spintos miegamajame, prie\u0161kambario spintos ar vaik\u0173 spintos. Jis taip pat puikiai tinka kaip spintos prailginimas prie\u0161kambaryje.<br \/>\nSpintos prailginimo matmenys:<br \/>\nAuk\u0161tis: 43 cm<br \/>\nPlotis: 150 cm<br \/>\nGylis: 59 cm<\/p>","protected":false},"excerpt":{"rendered":"<p>plotis: 150 cm<br \/>\nauk\u0161tis: 43 cm<br \/>\ngylis: 59 cm<\/p>","protected":false},"featured_media":329648,"comment_status":"open","ping_status":"open","template":"","meta":[],"product_brand":[],"product_cat":[9235,1043],"product_tag":[],"class_list":{"0":"post-329647","1":"product","2":"type-product","3":"status-publish","4":"has-post-thumbnail","6":"product_cat-gib-meble","7":"product_cat-extras","9":"first","10":"instock","11":"purchasable","12":"product-type-simple"},"_links":{"self":[{"href":"https:\/\/baldumarket.lt\/lt\/wp-json\/wp\/v2\/product\/329647","targetHints":{"allow":["GET"]}}],"collection":[{"href":"https:\/\/baldumarket.lt\/lt\/wp-json\/wp\/v2\/product"}],"about":[{"href":"https:\/\/baldumarket.lt\/lt\/wp-json\/wp\/v2\/types\/product"}],"replies":[{"embeddable":true,"href":"https:\/\/baldumarket.lt\/lt\/wp-json\/wp\/v2\/comments?post=329647"}],"wp:featuredmedia":[{"embeddable":true,"href":"https:\/\/baldumarket.lt\/lt\/wp-json\/wp\/v2\/media\/329648"}],"wp:attachment":[{"href":"https:\/\/baldumarket.lt\/lt\/wp-json\/wp\/v2\/media?parent=329647"}],"wp:term":[{"taxonomy":"product_brand","embeddable":true,"href":"https:\/\/baldumarket.lt\/lt\/wp-json\/wp\/v2\/product_brand?post=329647"},{"taxonomy":"product_cat","embeddable":true,"href":"https:\/\/baldumarket.lt\/lt\/wp-json\/wp\/v2\/product_cat?post=329647"},{"taxonomy":"product_tag","embeddable":true,"href":"https:\/\/baldumarket.lt\/lt\/wp-json\/wp\/v2\/product_tag?post=329647"}],"curies":[{"name":"wp","href":"https:\/\/api.w.org\/{rel}","templated":true}]}}