{"id":329455,"date":"2026-01-16T22:42:06","date_gmt":"2026-01-16T19:42:06","guid":{"rendered":"https:\/\/baldumarket.lt\/product\/nadstawka-do-szafy-maxione-150-cm-dab-artisan-funkcjonalna-szafka-powiekszy-miejsce-do-przechowywania-ubran-obuwia-i-dodatkow\/"},"modified":"2026-02-11T18:01:35","modified_gmt":"2026-02-11T15:01:35","slug":"nadstawka-do-szafy-maxione-150-cm-dab-artisan-funkcjonalna-szafka-powiekszy-miejsce-do-przechowywania-ubran-obuwia-i-dodatkow","status":"publish","type":"product","link":"https:\/\/baldumarket.lt\/lt\/product\/nadstawka-do-szafy-maxione-150-cm-dab-artisan-funkcjonalna-szafka-powiekszy-miejsce-do-przechowywania-ubran-obuwia-i-dodatkow\/","title":{"rendered":"\u201eMaxione\u201c spintos prailginimas, 150 cm, dirbtinio \u0105\u017euolo medienos, funkcionali spintel\u0117, kuri padidina erdv\u0119 drabu\u017eiams, batams ir aksesuarams laikyti"},"content":{"rendered":"<p>\u201eMaxione\u201c 150 cm spintos prailginimas i\u0161 dirbtinio \u0105\u017euolo.<br \/>\n\u0160is \u201eMaxione\u201c kolekcijos spintos prailginimas buvo sukurtas atsi\u017evelgiant \u012f prakti\u0161k\u0105 erdv\u0117s organizavim\u0105. Stilingi fasadai apdailinti paprastomis, juodomis ranken\u0117l\u0117mis, kurios, be pagrindin\u0117s funkcijos, suteikia elegancijos. Prailginimas yra labai funkcionalus ir si\u016blo daug vietos daiktams susid\u0117ti. Spintel\u0119 sudaro trys durel\u0117s. Prailginimas pagamintas i\u0161 auk\u0161tos kokyb\u0117s 16 mm laminuotos plok\u0161t\u0117s, kuri yra labai atspari i\u0161oriniams veiksniams, tokiems kaip \u012flenkimai, sm\u016bgiai ir \u012fbr\u0117\u017eimai.<br \/>\nPrat\u0119simas garantuoja patog\u0173 ir be r\u016bpes\u010di\u0173 naudojim\u0105 bei viso baldo patvarum\u0105 ilgus metus. \u0160iltas \u0105\u017euolo atspalvis suteiks kambariui \u0161viesumo ir jaukumo, tod\u0117l \u0161is spintos prailginimas puikiai tinka veidrodinei spintai miegamajame, spintos prailginimui koridoriuje arba spintai vaik\u0173 kambaryje. Jis taip pat puikiai tinka kaip spintos prailginimas koridoriuje.<br \/>\nSpintos prailginimo matmenys:<br \/>\nAuk\u0161tis: 43 cm<br \/>\nPlotis: 150 cm<br \/>\nGylis: 59 cm<\/p>","protected":false},"excerpt":{"rendered":"<p>plotis: 150 cm<br \/>\nauk\u0161tis: 43 cm<br \/>\ngylis: 59 cm<\/p>","protected":false},"featured_media":329456,"comment_status":"open","ping_status":"open","template":"","meta":[],"product_brand":[],"product_cat":[9235,1043],"product_tag":[],"class_list":{"0":"post-329455","1":"product","2":"type-product","3":"status-publish","4":"has-post-thumbnail","6":"product_cat-gib-meble","7":"product_cat-extras","9":"first","10":"instock","11":"purchasable","12":"product-type-simple"},"_links":{"self":[{"href":"https:\/\/baldumarket.lt\/lt\/wp-json\/wp\/v2\/product\/329455","targetHints":{"allow":["GET"]}}],"collection":[{"href":"https:\/\/baldumarket.lt\/lt\/wp-json\/wp\/v2\/product"}],"about":[{"href":"https:\/\/baldumarket.lt\/lt\/wp-json\/wp\/v2\/types\/product"}],"replies":[{"embeddable":true,"href":"https:\/\/baldumarket.lt\/lt\/wp-json\/wp\/v2\/comments?post=329455"}],"wp:featuredmedia":[{"embeddable":true,"href":"https:\/\/baldumarket.lt\/lt\/wp-json\/wp\/v2\/media\/329456"}],"wp:attachment":[{"href":"https:\/\/baldumarket.lt\/lt\/wp-json\/wp\/v2\/media?parent=329455"}],"wp:term":[{"taxonomy":"product_brand","embeddable":true,"href":"https:\/\/baldumarket.lt\/lt\/wp-json\/wp\/v2\/product_brand?post=329455"},{"taxonomy":"product_cat","embeddable":true,"href":"https:\/\/baldumarket.lt\/lt\/wp-json\/wp\/v2\/product_cat?post=329455"},{"taxonomy":"product_tag","embeddable":true,"href":"https:\/\/baldumarket.lt\/lt\/wp-json\/wp\/v2\/product_tag?post=329455"}],"curies":[{"name":"wp","href":"https:\/\/api.w.org\/{rel}","templated":true}]}}