{"id":329420,"date":"2026-01-16T22:41:33","date_gmt":"2026-01-16T19:41:33","guid":{"rendered":"https:\/\/baldumarket.lt\/product\/szafa-przesuwna-z-lustrem-rico-250-cm-biala-pojemna-szafa-do-sypialni-garderoby-lub-przedpokoju-klasyczna-forma-o-geometrycznych-ksztaltach\/"},"modified":"2026-02-11T18:01:36","modified_gmt":"2026-02-11T15:01:36","slug":"szafa-przesuwna-z-lustrem-rico-250-cm-biala-pojemna-szafa-do-sypialni-garderoby-lub-przedpokoju-klasyczna-forma-o-geometrycznych-ksztaltach","status":"publish","type":"product","link":"https:\/\/baldumarket.lt\/lt\/product\/szafa-przesuwna-z-lustrem-rico-250-cm-biala-pojemna-szafa-do-sypialni-garderoby-lub-przedpokoju-klasyczna-forma-o-geometrycznych-ksztaltach\/","title":{"rendered":"\u201eRico\u201c stumdoma spinta su veidrod\u017eiu, 250 cm, balta, erdvi spinta miegamajam, persirengimo kambariui arba prie\u0161kambariui, klasikin\u0117s formos su geometrin\u0117mis formomis"},"content":{"rendered":"<p>Balta 250 cm ilgio stumdoma spinta su veidrod\u017eiu \u201eRico\u201c puikiai papildys bet kok\u012f interjer\u0105.<br \/>\nStumdoma spinta i\u0161 \u201eRico\u201c kolekcijos \u2013 idealus pasirinkimas vertinantiems klasikin\u012f dizain\u0105. Madingos spalvos ir kruop\u0161ti spintos apdaila suteiks interjerui eleganti\u0161k\u0105 ir esteti\u0161k\u0105 i\u0161vaizd\u0105. Paprasta spintos forma ir geometrin\u0117s formos puikiai atspindi \u0161iuolaikines tendencijas. Spinta taps stilingu miegamojo ar persirengimo kambario papildymu ir sukurs unikali\u0105 atmosfer\u0105. \u201eRico\u201c spinta s\u0117kmingai papildys tiek klasikin\u012f, tiek modern\u0173 interjer\u0105.<br \/>\nSpinta \u201eRico\u201c yra padalinta \u012f sekcij\u0105 su dviem b\u0117geliais ir sekcij\u0105 su lentynomis. Viduje taip pat yra du i\u0161traukiami stal\u010diai ant ritinini\u0173 b\u0117geli\u0173. Spinta pagaminta i\u0161 auk\u0161tos kokyb\u0117s laminuotos plok\u0161t\u0117s, kuri yra atspari i\u0161oriniams veiksniams, tokiems kaip \u012flenkimai, sm\u016bgiai ir \u012fbr\u0117\u017eimai. Stilingai apdailintos spintos durys su sidabrin\u0117mis ranken\u0117l\u0117mis, kurios, be savo pagrindin\u0117s funkcijos, suteikia spintai i\u0161skirtinai skoning\u0105 i\u0161vaizd\u0105.<br \/>\n\u201eRico\u201c spinta buvo sukurta atsi\u017evelgiant \u012f funkcionalum\u0105 ir prakti\u0161kum\u0105.<br \/>\nSpinta turi tris stumdomas duris. Centrin\u0117s durys apdailintos dideliu veidrod\u017eiu, o \u0161onin\u0117s \u2013 dekoratyvin\u0117mis aliuminio spalvos juostel\u0117mis. Spinta garantuoja patog\u0173 ir be r\u016bpes\u010di\u0173 naudojim\u0105 bei viso baldo patvarum\u0105 daugel\u012f met\u0173. Paprastas dizainas daro \u0161i\u0105 spint\u0105 puikiu pasirinkimu vaiko kambariui, miegamojo spintai ar prie\u0161kambario spintai. Spinta su stumdomomis durimis \u201eRico\u201c taip pat puikiai tinka vaik\u0173 kambariui ir kaip prie\u0161kambario spinta.<br \/>\nSpinta gali b\u016bti komplektuojama su stal\u010di\u0173 bloku, kur\u012f galite \u012fsigyti m\u016bs\u0173 parduotuv\u0117je.<br \/>\nStumdomos spintos matmenys:<br \/>\n\u016agis: 215 cm<br \/>\nPlotis: 250 cm<br \/>\nGylis: 62 cm<\/p>","protected":false},"excerpt":{"rendered":"<p>plotis: 250 cm<br \/>\nauk\u0161tis: 215 cm<br \/>\ngylis: 62 cm<\/p>","protected":false},"featured_media":329421,"comment_status":"open","ping_status":"open","template":"","meta":[],"product_brand":[],"product_cat":[9235,1177],"product_tag":[],"class_list":{"0":"post-329420","1":"product","2":"type-product","3":"status-publish","4":"has-post-thumbnail","6":"product_cat-gib-meble","7":"product_cat-wardrobes","9":"first","10":"instock","11":"purchasable","12":"product-type-simple"},"_links":{"self":[{"href":"https:\/\/baldumarket.lt\/lt\/wp-json\/wp\/v2\/product\/329420","targetHints":{"allow":["GET"]}}],"collection":[{"href":"https:\/\/baldumarket.lt\/lt\/wp-json\/wp\/v2\/product"}],"about":[{"href":"https:\/\/baldumarket.lt\/lt\/wp-json\/wp\/v2\/types\/product"}],"replies":[{"embeddable":true,"href":"https:\/\/baldumarket.lt\/lt\/wp-json\/wp\/v2\/comments?post=329420"}],"wp:featuredmedia":[{"embeddable":true,"href":"https:\/\/baldumarket.lt\/lt\/wp-json\/wp\/v2\/media\/329421"}],"wp:attachment":[{"href":"https:\/\/baldumarket.lt\/lt\/wp-json\/wp\/v2\/media?parent=329420"}],"wp:term":[{"taxonomy":"product_brand","embeddable":true,"href":"https:\/\/baldumarket.lt\/lt\/wp-json\/wp\/v2\/product_brand?post=329420"},{"taxonomy":"product_cat","embeddable":true,"href":"https:\/\/baldumarket.lt\/lt\/wp-json\/wp\/v2\/product_cat?post=329420"},{"taxonomy":"product_tag","embeddable":true,"href":"https:\/\/baldumarket.lt\/lt\/wp-json\/wp\/v2\/product_tag?post=329420"}],"curies":[{"name":"wp","href":"https:\/\/api.w.org\/{rel}","templated":true}]}}