{"id":329310,"date":"2026-01-16T22:40:07","date_gmt":"2026-01-16T19:40:07","guid":{"rendered":"https:\/\/baldumarket.lt\/product\/szafa-przesuwna-z-lustrem-rico-250-cm-dab-monastery-pojemna-szafa-do-sypialni-garderoby-lub-przedpokoju-klasyczna-forma-o-geometrycznych-ksztaltach\/"},"modified":"2026-02-11T18:01:38","modified_gmt":"2026-02-11T15:01:38","slug":"szafa-przesuwna-z-lustrem-rico-250-cm-dab-monastery-pojemna-szafa-do-sypialni-garderoby-lub-przedpokoju-klasyczna-forma-o-geometrycznych-ksztaltach","status":"publish","type":"product","link":"https:\/\/baldumarket.lt\/lt\/product\/szafa-przesuwna-z-lustrem-rico-250-cm-dab-monastery-pojemna-szafa-do-sypialni-garderoby-lub-przedpokoju-klasyczna-forma-o-geometrycznych-ksztaltach\/","title":{"rendered":"Rico stumdoma spinta su veidrod\u017eiu 250 cm, erdvi spinta miegamajam, r\u016bbinei ar prie\u0161kambariui, klasikin\u0117 forma su geometrin\u0117mis fig\u016bromis"},"content":{"rendered":"<p>250 cm \u201eRico\u201c stumdom\u0173 dur\u0173 spinta su veidrod\u017eiu \u201eMonoye Oak\u201c spalvos puikiai papildys bet kok\u012f interjer\u0105.<br \/>\n\u0160i \u201eRico\u201c kolekcijos stumdoma spinta idealiai tinka tiems, kurie vertina klasikin\u012f dizain\u0105. Madingos spalvos ir kruop\u0161ti spintos apdaila suteiks interjerui eleganti\u0161k\u0105 ir esteti\u0161k\u0105 i\u0161vaizd\u0105. Paprasta spintos forma ir geometrin\u0117s formos puikiai atspindi \u0161iuolaikines tendencijas. Spinta suteiks miegamajam ar persirengimo kambariui stiling\u0105 akcent\u0105 ir sukurs unikali\u0105 atmosfer\u0105. \u201eRico\u201c spinta puikiai der\u0117s tiek prie klasikinio, tiek prie modernaus interjero.<br \/>\nSpinta \u201eRico\u201c yra padalinta \u012f sekcij\u0105 su dviem b\u0117geliais ir sekcij\u0105 su lentynomis. Viduje taip pat yra du i\u0161traukiami stal\u010diai ant ritinini\u0173 b\u0117geli\u0173. Spinta pagaminta i\u0161 auk\u0161tos kokyb\u0117s laminuotos plok\u0161t\u0117s, kuri yra atspari i\u0161oriniams veiksniams, tokiems kaip \u012flenkimai, sm\u016bgiai ir \u012fbr\u0117\u017eimai. Stilingai apdailintos spintos durys su sidabrin\u0117mis ranken\u0117l\u0117mis, kurios, be savo pagrindin\u0117s funkcijos, suteikia spintai i\u0161skirtinai skoning\u0105 i\u0161vaizd\u0105.<br \/>\n\u201eRico\u201c spinta buvo sukurta atsi\u017evelgiant \u012f funkcionalum\u0105 ir prakti\u0161kum\u0105.<br \/>\nSpinta turi tris stumdomas duris. Centrin\u0117s durys apdailintos dideliu veidrod\u017eiu, o \u0161onin\u0117s \u2013 dekoratyvin\u0117mis aliuminio spalvos juostel\u0117mis. Spinta garantuoja patog\u0173 ir be r\u016bpes\u010di\u0173 naudojim\u0105 bei viso baldo patvarum\u0105 daugel\u012f met\u0173. Paprastas dizainas daro \u0161i\u0105 spint\u0105 puikiai tinkan\u010dia kaip spinta vaiko kambariui, miegamajam arba prie\u0161kambariui. Spinta su stumdomomis durimis \u201eRico\u201c taip pat puikiai tinka vaik\u0173 kambariui ir kaip prie\u0161kambario spinta.<br \/>\nSpinta gali b\u016bti komplektuojama su stal\u010di\u0173 bloku, kur\u012f galite \u012fsigyti m\u016bs\u0173 parduotuv\u0117je.<br \/>\nStumdomos spintos matmenys:<br \/>\n\u016agis: 215 cm<br \/>\nPlotis: 250 cm<br \/>\nGylis: 62 cm<\/p>","protected":false},"excerpt":{"rendered":"<p>plotis: 250 cm<br \/>\nauk\u0161tis: 215 cm<br \/>\ngylis: 62 cm<\/p>","protected":false},"featured_media":329311,"comment_status":"open","ping_status":"open","template":"","meta":[],"product_brand":[],"product_cat":[9235,1177],"product_tag":[],"class_list":{"0":"post-329310","1":"product","2":"type-product","3":"status-publish","4":"has-post-thumbnail","6":"product_cat-gib-meble","7":"product_cat-wardrobes","9":"first","10":"instock","11":"purchasable","12":"product-type-simple"},"_links":{"self":[{"href":"https:\/\/baldumarket.lt\/lt\/wp-json\/wp\/v2\/product\/329310","targetHints":{"allow":["GET"]}}],"collection":[{"href":"https:\/\/baldumarket.lt\/lt\/wp-json\/wp\/v2\/product"}],"about":[{"href":"https:\/\/baldumarket.lt\/lt\/wp-json\/wp\/v2\/types\/product"}],"replies":[{"embeddable":true,"href":"https:\/\/baldumarket.lt\/lt\/wp-json\/wp\/v2\/comments?post=329310"}],"wp:featuredmedia":[{"embeddable":true,"href":"https:\/\/baldumarket.lt\/lt\/wp-json\/wp\/v2\/media\/329311"}],"wp:attachment":[{"href":"https:\/\/baldumarket.lt\/lt\/wp-json\/wp\/v2\/media?parent=329310"}],"wp:term":[{"taxonomy":"product_brand","embeddable":true,"href":"https:\/\/baldumarket.lt\/lt\/wp-json\/wp\/v2\/product_brand?post=329310"},{"taxonomy":"product_cat","embeddable":true,"href":"https:\/\/baldumarket.lt\/lt\/wp-json\/wp\/v2\/product_cat?post=329310"},{"taxonomy":"product_tag","embeddable":true,"href":"https:\/\/baldumarket.lt\/lt\/wp-json\/wp\/v2\/product_tag?post=329310"}],"curies":[{"name":"wp","href":"https:\/\/api.w.org\/{rel}","templated":true}]}}