{"id":329215,"date":"2026-01-16T22:38:53","date_gmt":"2026-01-16T19:38:53","guid":{"rendered":"https:\/\/baldumarket.lt\/product\/szafka-rtv-colder-150-cm-dab-artisan-z-mozliwoscia-podwieszenia-stylowy-ryflowany-front-elegancka-forma-mebla-w-nowoczesnym-stylu\/"},"modified":"2026-02-11T18:01:39","modified_gmt":"2026-02-11T15:01:39","slug":"szafka-rtv-colder-150-cm-dab-artisan-z-mozliwoscia-podwieszenia-stylowy-ryflowany-front-elegancka-forma-mebla-w-nowoczesnym-stylu","status":"publish","type":"product","link":"https:\/\/baldumarket.lt\/lt\/product\/szafka-rtv-colder-150-cm-dab-artisan-z-mozliwoscia-podwieszenia-stylowy-ryflowany-front-elegancka-forma-mebla-w-nowoczesnym-stylu\/","title":{"rendered":"\u0160alta TV spintel\u0117 150 cm, \u0105\u017euolo spalvos, su pakabinimo galimybe, stilingas grioveli\u0173 priekis, eleganti\u0161ka modernaus stiliaus bald\u0173 forma"},"content":{"rendered":"<p>\u201eColder\u201c televizoriaus staliukas i\u0161 dirbtinio \u0105\u017euolo \u2013 tai modernus baldas, kuris suteiks j\u016bs\u0173 svetainei stiling\u0105 akcent\u0105.<br \/>\n\u201eColder\u201c televizoriaus staliukas \u2013 tai madingo ir modernaus stiliaus baldas. Paprasta stovo forma puikiai papildo minimalistin\u012f dizain\u0105. \u0104\u017euolo atspalvio televizoriaus staliukas praskaidrins kambar\u012f ir sukurs jauki\u0105 atmosfer\u0105. Grioveliai be ranken\u0117li\u0173 suteikia subtilumo ir elegancijos, sukurdami ak\u012f traukiant\u012f dekoratyvin\u012f element\u0105. Erdviose, rakinamose spintel\u0117se tilps visi j\u016bs\u0173 daiktai ir b\u016btiniausi aksesuarai. Unikalus televizoriaus staliuko dizainas tiks net ir reikliausiam interjerui.<br \/>\nSubtiliai vir\u0161 stalvir\u0161io i\u0161siki\u0161usios priekin\u0117s dalys taip pat atlieka rankenos funkcij\u0105. Papildomas televizoriaus stovo privalumas \u2013 galimyb\u0117 pasirinkti pastatymo b\u016bd\u0105. Televizoriaus stov\u0105 galima tvirtinti prie sienos. D\u0117l pridedam\u0173 plastikini\u0173 kojeli\u0173 televizoriaus stovas gali greitai tapti laisvai stovin\u010diu \u012frenginiu.<br \/>\n\u201eColder\u201c televizoriaus stovas yra unikalaus dizaino, kuris \u017eavi savo universalumu ir dizainu.<br \/>\nGrioveliais dekoruoti fasadai pagaminti i\u0161 MDF plok\u0161t\u0117s. Korpusas pagamintas i\u0161 auk\u0161tos kokyb\u0117s 16 mm laminuotos plok\u0161t\u0117s, atsparios i\u0161oriniams veiksniams, tokiems kaip \u012flenkimai, sm\u016bgiai ir \u012fbr\u0117\u017eimai. Televizoriaus staliukas turi tris dureles. Standarti\u0161kai komplekte yra \u0161velnaus u\u017edarymo vyriai. \u0104\u017euolo apdaila papildo rafinuot\u0105 i\u0161d\u0117stym\u0105, tod\u0117l televizoriaus staliukai puikiai tinka \u0161viesiam, moderniam interjerui. Modern\u016bs televizoriaus staliukai, prabang\u016bs televizoriaus staliukai ir prie sienos tvirtinami televizoriaus staliukai su eleganti\u0161ka apdaila puikiai papildys bet kok\u012f interjer\u0105. Televizoriaus staliuko matmenys:<br \/>\nAuk\u0161tis: 34 cm \/ 37,5 cm<br \/>\nPlotis: 150 cm<br \/>\nGylis: 42,6 cm<\/p>","protected":false},"excerpt":{"rendered":"<p>plotis: 150 cm<br \/>\nauk\u0161tis: 37,5 cm<br \/>\n34 cm<br \/>\ngylis: 42,6 cm<\/p>","protected":false},"featured_media":329216,"comment_status":"open","ping_status":"open","template":"","meta":[],"product_brand":[],"product_cat":[9235,1175],"product_tag":[],"class_list":{"0":"post-329215","1":"product","2":"type-product","3":"status-publish","4":"has-post-thumbnail","6":"product_cat-gib-meble","7":"product_cat-tv-stands","9":"first","10":"instock","11":"purchasable","12":"product-type-simple"},"_links":{"self":[{"href":"https:\/\/baldumarket.lt\/lt\/wp-json\/wp\/v2\/product\/329215","targetHints":{"allow":["GET"]}}],"collection":[{"href":"https:\/\/baldumarket.lt\/lt\/wp-json\/wp\/v2\/product"}],"about":[{"href":"https:\/\/baldumarket.lt\/lt\/wp-json\/wp\/v2\/types\/product"}],"replies":[{"embeddable":true,"href":"https:\/\/baldumarket.lt\/lt\/wp-json\/wp\/v2\/comments?post=329215"}],"wp:featuredmedia":[{"embeddable":true,"href":"https:\/\/baldumarket.lt\/lt\/wp-json\/wp\/v2\/media\/329216"}],"wp:attachment":[{"href":"https:\/\/baldumarket.lt\/lt\/wp-json\/wp\/v2\/media?parent=329215"}],"wp:term":[{"taxonomy":"product_brand","embeddable":true,"href":"https:\/\/baldumarket.lt\/lt\/wp-json\/wp\/v2\/product_brand?post=329215"},{"taxonomy":"product_cat","embeddable":true,"href":"https:\/\/baldumarket.lt\/lt\/wp-json\/wp\/v2\/product_cat?post=329215"},{"taxonomy":"product_tag","embeddable":true,"href":"https:\/\/baldumarket.lt\/lt\/wp-json\/wp\/v2\/product_tag?post=329215"}],"curies":[{"name":"wp","href":"https:\/\/api.w.org\/{rel}","templated":true}]}}