{"id":329208,"date":"2026-01-16T22:38:48","date_gmt":"2026-01-16T19:38:48","guid":{"rendered":"https:\/\/baldumarket.lt\/product\/komoda-nevea-150-cm-bezowa-elegancka-komoda-do-salonu-o-subtelnej-i-ciekawej-stylistyce-system-otwierania-drzwi-push-to-open\/"},"modified":"2026-02-11T18:01:39","modified_gmt":"2026-02-11T15:01:39","slug":"komoda-nevea-150-cm-bezowa-elegancka-komoda-do-salonu-o-subtelnej-i-ciekawej-stylistyce-system-otwierania-drzwi-push-to-open","status":"publish","type":"product","link":"https:\/\/baldumarket.lt\/lt\/product\/komoda-nevea-150-cm-bezowa-elegancka-komoda-do-salonu-o-subtelnej-i-ciekawej-stylistyce-system-otwierania-drzwi-push-to-open\/","title":{"rendered":"Nevea komoda 150 cm sm\u0117lio spalvos eleganti\u0161ka komoda svetainei su subtiliu ir \u012fdomiu stiliumi, atidaroma stumiant"},"content":{"rendered":"<p>150 cm sm\u0117lio spalvos \u201eNevea\u201c komoda \u2013 puikus pasirinkimas modernaus dekoro m\u0117g\u0117jams.<br \/>\n\u201eNevea\u201c kolekcijos komoda pasi\u017eymi eleganti\u0161ku dizainu ir pla\u010diu funkcionalumu. Paprast\u0105 form\u0105 pabr\u0117\u017eia sant\u016bri ka\u0161myro spalv\u0173 gama. \u0160viesi spalv\u0173 gama praskaidrins ir vizualiai padidins kambar\u012f bei der\u0117s prie bet kokio stiliaus, suteikdama harmonijos ir unikalumo. Forma be ranken\u0117li\u0173 praturtinta originaliu auksiniu apvadu, kuris patraukia d\u0117mes\u012f ir suteikia komodai unikali\u0105 puo\u0161men\u0105. Komodos buvimas taps stilingu kambario apdailos akcentu ir suteiks jai i\u0161skirtinai modern\u0173 charakter\u012f.<br \/>\nBaldo konstrukcij\u0105 palaiko auk\u0161tos auksin\u0117s metalin\u0117s kojel\u0117s, suteikian\u010dios formai vizualin\u012f lengvum\u0105, ta\u010diau i\u0161laikant prakti\u0161kum\u0105. Komoda pasi\u017eymi funkcionalia, be ranken\u0117li\u0173 veikian\u010dia atidarymo spustel\u0117jus sistema. Komoda pagaminta i\u0161 auk\u0161tos kokyb\u0117s laminuotos plok\u0161t\u0117s, kuri yra atspari i\u0161oriniams veiksniams, tokiems kaip \u012flenkimai, sm\u016bgiai ir \u012fbr\u0117\u017eimai.<br \/>\n\u201eNevea\u201c komoda derina skandinavi\u0161k\u0105 dizain\u0105 su moderniomis spalv\u0173 gamomis.<br \/>\nKomoda turi tris dureles. Standarti\u0161kai yra \u0161velnaus u\u017edarymo vyriai. \u0160i sistema padidina naudojimo komfort\u0105. Madingi sm\u0117lio atspalviai papildys rafinuot\u0105 interjer\u0105, tod\u0117l \u201eNevea\u201c komoda puikiai tinka kaip eleganti\u0161ka svetain\u0117s komoda, svetain\u0117s spintel\u0117 arba klasikinio stiliaus miegamojo komoda. Metalin\u0117s komodos taip pat puikiai tinka kaip biuro baldai. Komodos matmenys:<br \/>\nAuk\u0161tis: 80 cm<br \/>\nPlotis: 150 cm<br \/>\nGylis: 40 cm<\/p>","protected":false},"excerpt":{"rendered":"<p>plotis: 150 cm<br \/>\nauk\u0161tis: 80 cm<br \/>\ngylis: 40 cm<\/p>","protected":false},"featured_media":329209,"comment_status":"open","ping_status":"open","template":"","meta":[],"product_brand":[],"product_cat":[9235,1173],"product_tag":[],"class_list":{"0":"post-329208","1":"product","2":"type-product","3":"status-publish","4":"has-post-thumbnail","6":"product_cat-gib-meble","7":"product_cat-chests-of-drawers","9":"first","10":"instock","11":"purchasable","12":"product-type-simple"},"_links":{"self":[{"href":"https:\/\/baldumarket.lt\/lt\/wp-json\/wp\/v2\/product\/329208","targetHints":{"allow":["GET"]}}],"collection":[{"href":"https:\/\/baldumarket.lt\/lt\/wp-json\/wp\/v2\/product"}],"about":[{"href":"https:\/\/baldumarket.lt\/lt\/wp-json\/wp\/v2\/types\/product"}],"replies":[{"embeddable":true,"href":"https:\/\/baldumarket.lt\/lt\/wp-json\/wp\/v2\/comments?post=329208"}],"wp:featuredmedia":[{"embeddable":true,"href":"https:\/\/baldumarket.lt\/lt\/wp-json\/wp\/v2\/media\/329209"}],"wp:attachment":[{"href":"https:\/\/baldumarket.lt\/lt\/wp-json\/wp\/v2\/media?parent=329208"}],"wp:term":[{"taxonomy":"product_brand","embeddable":true,"href":"https:\/\/baldumarket.lt\/lt\/wp-json\/wp\/v2\/product_brand?post=329208"},{"taxonomy":"product_cat","embeddable":true,"href":"https:\/\/baldumarket.lt\/lt\/wp-json\/wp\/v2\/product_cat?post=329208"},{"taxonomy":"product_tag","embeddable":true,"href":"https:\/\/baldumarket.lt\/lt\/wp-json\/wp\/v2\/product_tag?post=329208"}],"curies":[{"name":"wp","href":"https:\/\/api.w.org\/{rel}","templated":true}]}}