{"id":329201,"date":"2026-01-16T22:38:43","date_gmt":"2026-01-16T19:38:43","guid":{"rendered":"https:\/\/baldumarket.lt\/product\/szafka-rtv-nevea-150-cm-bezowa-elegancka-szafka-w-subtelnej-kolorystyce-oryginalna-dekoracja-kazdego-wnetrza-stabilne-zlote-nogi\/"},"modified":"2026-02-11T18:01:39","modified_gmt":"2026-02-11T15:01:39","slug":"szafka-rtv-nevea-150-cm-bezowa-elegancka-szafka-w-subtelnej-kolorystyce-oryginalna-dekoracja-kazdego-wnetrza-stabilne-zlote-nogi","status":"publish","type":"product","link":"https:\/\/baldumarket.lt\/lt\/product\/szafka-rtv-nevea-150-cm-bezowa-elegancka-szafka-w-subtelnej-kolorystyce-oryginalna-dekoracja-kazdego-wnetrza-stabilne-zlote-nogi\/","title":{"rendered":"\u201eNevea\u201c televizoriaus spintel\u0117, 150 cm, sm\u0117lio spalvos, eleganti\u0161ka spintel\u0117, subtili\u0173 spalv\u0173, originali bet kokio interjero puo\u0161mena, stabilios auksin\u0117s kojel\u0117s"},"content":{"rendered":"<p>150 cm plo\u010dio sm\u0117lio spalvos \u201eNevea\u201c televizoriaus staliukas \u2013 puikus pasirinkimas modernaus dekoro m\u0117g\u0117jams.<br \/>\n\u0160is \u201eNevea\u201c kolekcijos televizoriaus staliukas pasi\u017eymi eleganti\u0161ku dizainu ir pla\u010diu funkcionalumu. Paprast\u0105 form\u0105 pabr\u0117\u017eia sant\u016bri ka\u0161myro spalv\u0173 gama. \u0160viesi spalv\u0173 gama praskaidrins ir vizualiai padidins kambar\u012f bei papildys bet kok\u012f stili\u0173, suteikdama harmonijos ir unikalumo. Forma be ranken\u0117li\u0173 praturtinta originaliu auksiniu apvadu, kuris patraukia d\u0117mes\u012f ir suteikia televizoriaus staliukui unikali\u0105 puo\u0161men\u0105. Televizoriaus staliuko buvimas suteiks kambariui stiling\u0105 u\u017ebaigtum\u0105 ir i\u0161skirtin\u012f modernum\u0105. Baldo konstrukcij\u0105 laiko auk\u0161tos, aukso spalvos metalin\u0117s kojel\u0117s, suteikian\u010dios baldui vizualinio lengvumo, ta\u010diau i\u0161laikan\u010dios prakti\u0161kum\u0105. Spintel\u0117s durel\u0117ms atidaryti naudojama funkcionali, be ranken\u0117li\u0173 veikianti atidarymo spustel\u0117jus sistema. Televizoriaus staliukas pagamintas i\u0161 auk\u0161tos kokyb\u0117s laminuotos plok\u0161t\u0117s, kuri yra atspari i\u0161oriniams veiksniams, tokiems kaip \u012flenkimai, sm\u016bgiai ir \u012fbr\u0117\u017eimai.<br \/>\n\u201eNevea\u201c televizoriaus staliukas derina skandinavi\u0161k\u0105 dizain\u0105 su modernia spalv\u0173 gama.<br \/>\nTelevizoriaus staliukas turi dvejas \u017eemyn atsidaran\u010dias dureles. Standartin\u0117s savyb\u0117s yra \u0161velnaus u\u017edarymo vyriai. \u0160i sistema padidina naudojimo patogum\u0105. Madingi sm\u0117lio atspalviai papildys rafinuot\u0105 interjer\u0105, tod\u0117l \u201eNevea\u201c televizoriaus staliukai puikiai tinka erdviems, \u0161viesiems, klasikinio stiliaus interjerams. Modern\u016bs ir industrinio stiliaus televizoriaus staliukai su eleganti\u0161ka apdaila puikiai papildys bet kok\u012f interjer\u0105.<br \/>\nTelevizoriaus stovo matmenys:<br \/>\nAuk\u0161tis: 50 cm<br \/>\nPlotis: 150 cm<br \/>\nGylis: 40 cm<\/p>","protected":false},"excerpt":{"rendered":"<p>plotis: 150 cm<br \/>\nauk\u0161tis: 50 cm<br \/>\ngylis: 40 cm<\/p>","protected":false},"featured_media":329202,"comment_status":"open","ping_status":"open","template":"","meta":[],"product_brand":[],"product_cat":[9235,1175],"product_tag":[],"class_list":{"0":"post-329201","1":"product","2":"type-product","3":"status-publish","4":"has-post-thumbnail","6":"product_cat-gib-meble","7":"product_cat-tv-stands","9":"first","10":"instock","11":"purchasable","12":"product-type-simple"},"_links":{"self":[{"href":"https:\/\/baldumarket.lt\/lt\/wp-json\/wp\/v2\/product\/329201","targetHints":{"allow":["GET"]}}],"collection":[{"href":"https:\/\/baldumarket.lt\/lt\/wp-json\/wp\/v2\/product"}],"about":[{"href":"https:\/\/baldumarket.lt\/lt\/wp-json\/wp\/v2\/types\/product"}],"replies":[{"embeddable":true,"href":"https:\/\/baldumarket.lt\/lt\/wp-json\/wp\/v2\/comments?post=329201"}],"wp:featuredmedia":[{"embeddable":true,"href":"https:\/\/baldumarket.lt\/lt\/wp-json\/wp\/v2\/media\/329202"}],"wp:attachment":[{"href":"https:\/\/baldumarket.lt\/lt\/wp-json\/wp\/v2\/media?parent=329201"}],"wp:term":[{"taxonomy":"product_brand","embeddable":true,"href":"https:\/\/baldumarket.lt\/lt\/wp-json\/wp\/v2\/product_brand?post=329201"},{"taxonomy":"product_cat","embeddable":true,"href":"https:\/\/baldumarket.lt\/lt\/wp-json\/wp\/v2\/product_cat?post=329201"},{"taxonomy":"product_tag","embeddable":true,"href":"https:\/\/baldumarket.lt\/lt\/wp-json\/wp\/v2\/product_tag?post=329201"}],"curies":[{"name":"wp","href":"https:\/\/api.w.org\/{rel}","templated":true}]}}