{"id":329194,"date":"2026-01-16T22:38:38","date_gmt":"2026-01-16T19:38:38","guid":{"rendered":"https:\/\/baldumarket.lt\/product\/komoda-nevea-150-cm-czarny-grafit-elegancka-komoda-do-salonu-o-oryginalnej-i-ciekawej-stylistyce-system-otwierania-drzwi-push-to-open\/"},"modified":"2026-02-11T18:01:39","modified_gmt":"2026-02-11T15:01:39","slug":"komoda-nevea-150-cm-czarny-grafit-elegancka-komoda-do-salonu-o-oryginalnej-i-ciekawej-stylistyce-system-otwierania-drzwi-push-to-open","status":"publish","type":"product","link":"https:\/\/baldumarket.lt\/lt\/product\/komoda-nevea-150-cm-czarny-grafit-elegancka-komoda-do-salonu-o-oryginalnej-i-ciekawej-stylistyce-system-otwierania-drzwi-push-to-open\/","title":{"rendered":"Nevea komoda 150 cm, grafito spalvos, eleganti\u0161ka juoda komoda svetainei, originalus ir \u012fdomus dizainas, stumiant atidaromos durys"},"content":{"rendered":"<p>150 cm ilgio grafito juodumo spalvos \u201eNevea\u201c komoda \u2013 puikus pasirinkimas modernaus dekoro m\u0117g\u0117jams.<br \/>\n\u0160i \u2019Nevea\u201c kolekcijos komoda pasi\u017eymi eleganti\u0161ku dizainu ir pla\u010diu funkcionalumu. Paprast\u0105 form\u0105 pabr\u0117\u017eia ry\u0161ki grafito spalv\u0173 gama. Unikali spalv\u0173 gama pabr\u0117\u017eia komodos subtilum\u0105 ir elegancij\u0105 bei papildo bet kok\u012f stili\u0173, suteikdama harmonijos ir unikalumo. Forma be ranken\u0117li\u0173 praturtinta originaliu auksiniu apvadu, kuris patraukia d\u0117mes\u012f ir suteikia unikali\u0105 dekoracij\u0105. Komodos buvimas taps stilingu kambario apdailos akcentu ir suteiks jam i\u0161skirtinai modern\u0173 charakter\u012f.<br \/>\nBaldo konstrukcij\u0105 palaiko auk\u0161tos auksin\u0117s metalin\u0117s kojel\u0117s, suteikian\u010dios formai vizualin\u012f lengvum\u0105, ta\u010diau i\u0161laikant prakti\u0161kum\u0105. Komoda pasi\u017eymi funkcionalia, be ranken\u0117li\u0173 veikian\u010dia atidarymo spustel\u0117jus sistema. Komoda pagaminta i\u0161 auk\u0161tos kokyb\u0117s laminuotos plok\u0161t\u0117s, kuri yra atspari i\u0161oriniams veiksniams, tokiems kaip \u012flenkimai, sm\u016bgiai ir \u012fbr\u0117\u017eimai.<br \/>\n\u201eNevea\u201c komoda derina skandinavi\u0161k\u0105 dizain\u0105 su moderniomis spalv\u0173 gamomis.<br \/>\nKomoda turi tris dureles. Standarti\u0161kai komplektuojama su \u0161velnaus u\u017edarymo vyriais. \u0160i sistema padidina naudojimo komfort\u0105. Madingi grafito atspalviai papildys rafinuot\u0105 interjer\u0105, tod\u0117l \u201eNevea\u201c komoda puikiai tinka kaip eleganti\u0161ka svetain\u0117s komoda, svetain\u0117s spintel\u0117 arba klasikinio stiliaus miegamojo komoda. Metalin\u0117s komodos taip pat puikiai tinka kaip biuro baldai. Komodos matmenys:<br \/>\nAuk\u0161tis: 80 cm<br \/>\nPlotis: 150 cm<br \/>\nGylis: 40 cm<\/p>","protected":false},"excerpt":{"rendered":"<p>plotis: 150 cm<br \/>\nauk\u0161tis: 80 cm<br \/>\ngylis: 40 cm<\/p>","protected":false},"featured_media":329195,"comment_status":"open","ping_status":"open","template":"","meta":[],"product_brand":[],"product_cat":[9235,1173],"product_tag":[],"class_list":{"0":"post-329194","1":"product","2":"type-product","3":"status-publish","4":"has-post-thumbnail","6":"product_cat-gib-meble","7":"product_cat-chests-of-drawers","9":"first","10":"instock","11":"purchasable","12":"product-type-simple"},"_links":{"self":[{"href":"https:\/\/baldumarket.lt\/lt\/wp-json\/wp\/v2\/product\/329194","targetHints":{"allow":["GET"]}}],"collection":[{"href":"https:\/\/baldumarket.lt\/lt\/wp-json\/wp\/v2\/product"}],"about":[{"href":"https:\/\/baldumarket.lt\/lt\/wp-json\/wp\/v2\/types\/product"}],"replies":[{"embeddable":true,"href":"https:\/\/baldumarket.lt\/lt\/wp-json\/wp\/v2\/comments?post=329194"}],"wp:featuredmedia":[{"embeddable":true,"href":"https:\/\/baldumarket.lt\/lt\/wp-json\/wp\/v2\/media\/329195"}],"wp:attachment":[{"href":"https:\/\/baldumarket.lt\/lt\/wp-json\/wp\/v2\/media?parent=329194"}],"wp:term":[{"taxonomy":"product_brand","embeddable":true,"href":"https:\/\/baldumarket.lt\/lt\/wp-json\/wp\/v2\/product_brand?post=329194"},{"taxonomy":"product_cat","embeddable":true,"href":"https:\/\/baldumarket.lt\/lt\/wp-json\/wp\/v2\/product_cat?post=329194"},{"taxonomy":"product_tag","embeddable":true,"href":"https:\/\/baldumarket.lt\/lt\/wp-json\/wp\/v2\/product_tag?post=329194"}],"curies":[{"name":"wp","href":"https:\/\/api.w.org\/{rel}","templated":true}]}}