{"id":329166,"date":"2026-01-16T22:38:16","date_gmt":"2026-01-16T19:38:16","guid":{"rendered":"https:\/\/baldumarket.lt\/product\/lozko-maxione-160x200-cm-czarne-pojemnik-na-posciel-w-postaci-wysuwanej-szuflady-idealne-lozko-do-sypialni-wysoki-komfortowy-zaglowek\/"},"modified":"2026-02-11T18:01:40","modified_gmt":"2026-02-11T15:01:40","slug":"lozko-maxione-160x200-cm-czarne-pojemnik-na-posciel-w-postaci-wysuwanej-szuflady-idealne-lozko-do-sypialni-wysoki-komfortowy-zaglowek","status":"publish","type":"product","link":"https:\/\/baldumarket.lt\/lt\/product\/lozko-maxione-160x200-cm-czarne-pojemnik-na-posciel-w-postaci-wysuwanej-szuflady-idealne-lozko-do-sypialni-wysoki-komfortowy-zaglowek\/","title":{"rendered":"\u201eMaxione\u201c lova 160&#215;200 cm, juoda, patalyn\u0117s d\u0117\u017e\u0117 i\u0161traukiamo stal\u010diaus pavidalu, puikiai tinka miegamajam, auk\u0161tas ir patogus galv\u016bgalis"},"content":{"rendered":"<p>Juoda \u201eMaxione\u201c lova su vieta daiktams laikyti puikiai tiks bet kuriame miegamajame ar jaunimo kambaryje.<br \/>\n\u0160i \u201eMaxione\u201c kolekcijos lova \u2013 idealus pasirinkimas vertinantiems klasikin\u012f dizain\u0105. Madingos spalvos ir kruop\u0161ti 160\u00d7200 dyd\u017eio lovos apdaila suteiks elegancijos ir estetinio patrauklumo bet kokiam interjerui. Erdvus stal\u010dius, kur\u012f galima montuoti de\u0161in\u0117je arba kair\u0117je lovos pus\u0117je ir kuris tarnauja kaip patalyn\u0117s laikymo vieta, tilps visi j\u016bs\u0173 daiktai ir b\u016btini aksesuarai. Auk\u0161tas atlo\u0161as suteikia lovai dar vien\u0105 funkcij\u0105. Ant lovos galite patogiai s\u0117d\u0117ti, pavyzd\u017eiui, \u017ei\u016br\u0117dami televizori\u0173, dirbdami ne\u0161iojamuoju kompiuteriu ar skaitydami knygas. Lova apr\u016bpinta stabiliu, lanks\u010diu mediniu r\u0117mu.<br \/>\nLova pagaminta i\u0161 auk\u0161tos kokyb\u0117s, 16 mm storio laminuotos plok\u0161t\u0117s, atsparios i\u0161oriniams veiksniams, tokiems kaip \u012fbr\u0117\u017eimai, sm\u016bgiai ir \u012fbr\u0117\u017eimai. Tiksli apdaila ir d\u0117mesys detal\u0117ms u\u017etikrina, kad \u201eMaxione\u201c lova su vieta daiktams laikyti daugel\u012f met\u0173 i\u0161laikys gra\u017ei\u0105 i\u0161vaizd\u0105 nepakenkdama savo funkcionalumui.<br \/>\n\u201eMaxione\u201c lova su daiktad\u0117\u017ee tiks bet kuriame miegamajame pagal j\u016bs\u0173 m\u0117gstam\u0105 stili\u0173.<br \/>\n\u201eDenver\u201c lova buvo sukurta atsi\u017evelgiant \u012f funkcionalum\u0105 ir prakti\u0161kum\u0105, si\u016blant patogi\u0105 poilsio viet\u0105 ir daug vietos daiktams susid\u0117ti. Klasikin\u0117 juoda spalva suteiks elegancijos ir charakterio bet kuriam kambariui, tod\u0117l \u0161i lova su vieta daiktams susid\u0117ti puikiai tinka kaip bendrabu\u010dio lova arba jaunimo lova paauglio kambaryje.<br \/>\nMatmenys:<br \/>\nAuk\u0161tis: 85 cm<br \/>\nPlotis: 163 cm<br \/>\nGylis: 203 cm<br \/>\nMiegamoji erdv\u0117: 160 \u00d7 200 cm<\/p>","protected":false},"excerpt":{"rendered":"<p>plotis: 163 cm<br \/>\nauk\u0161tis: 85 cm<br \/>\ngylis: 203 cm<br \/>\nMiegamoji erdv\u0117: 160 \u00d7 200 cm<\/p>","protected":false},"featured_media":329167,"comment_status":"open","ping_status":"open","template":"","meta":[],"product_brand":[],"product_cat":[9235,505],"product_tag":[],"class_list":{"0":"post-329166","1":"product","2":"type-product","3":"status-publish","4":"has-post-thumbnail","6":"product_cat-gib-meble","7":"product_cat-bedroom-beds","9":"first","10":"instock","11":"purchasable","12":"product-type-simple"},"_links":{"self":[{"href":"https:\/\/baldumarket.lt\/lt\/wp-json\/wp\/v2\/product\/329166","targetHints":{"allow":["GET"]}}],"collection":[{"href":"https:\/\/baldumarket.lt\/lt\/wp-json\/wp\/v2\/product"}],"about":[{"href":"https:\/\/baldumarket.lt\/lt\/wp-json\/wp\/v2\/types\/product"}],"replies":[{"embeddable":true,"href":"https:\/\/baldumarket.lt\/lt\/wp-json\/wp\/v2\/comments?post=329166"}],"wp:featuredmedia":[{"embeddable":true,"href":"https:\/\/baldumarket.lt\/lt\/wp-json\/wp\/v2\/media\/329167"}],"wp:attachment":[{"href":"https:\/\/baldumarket.lt\/lt\/wp-json\/wp\/v2\/media?parent=329166"}],"wp:term":[{"taxonomy":"product_brand","embeddable":true,"href":"https:\/\/baldumarket.lt\/lt\/wp-json\/wp\/v2\/product_brand?post=329166"},{"taxonomy":"product_cat","embeddable":true,"href":"https:\/\/baldumarket.lt\/lt\/wp-json\/wp\/v2\/product_cat?post=329166"},{"taxonomy":"product_tag","embeddable":true,"href":"https:\/\/baldumarket.lt\/lt\/wp-json\/wp\/v2\/product_tag?post=329166"}],"curies":[{"name":"wp","href":"https:\/\/api.w.org\/{rel}","templated":true}]}}